{"id":4074,"date":"2023-07-12T12:52:24","date_gmt":"2023-07-12T12:52:24","guid":{"rendered":"http:\/\/www.paradis.lt\/produktai\/ce-zemo-kelimo-rankiniai-padeklu-krautuvai\/"},"modified":"2023-11-17T13:29:50","modified_gmt":"2023-11-17T13:29:50","slug":"ce-zemo-kelimo-rankiniai-padeklu-krautuvai","status":"publish","type":"product","link":"https:\/\/www.paradis.lt\/lv\/produktai\/ce-zemo-kelimo-rankiniai-padeklu-krautuvai\/","title":{"rendered":"CE \u017demo k\u0117limo rankiniai pad\u0117kl\u0173 krautuvai"},"content":{"rendered":"\t\t<div data-elementor-type=\"wp-post\" data-elementor-id=\"4074\" class=\"elementor elementor-4074 elementor-1303\">\n\t\t\t\t\t\t<section class=\"elementor-section elementor-top-section elementor-element elementor-element-a9ba8cc elementor-section-full_width elementor-section-height-default elementor-section-height-default\" data-id=\"a9ba8cc\" data-element_type=\"section\" data-e-type=\"section\">\n\t\t\t\t\t\t<div class=\"elementor-container elementor-column-gap-default\">\n\t\t\t\t\t<div class=\"elementor-column elementor-col-50 elementor-top-column elementor-element elementor-element-b70825d\" data-id=\"b70825d\" data-element_type=\"column\" data-e-type=\"column\">\n\t\t\t<div class=\"elementor-widget-wrap elementor-element-populated\">\n\t\t\t\t\t\t<div class=\"elementor-element elementor-element-438b748 elementor-widget elementor-widget-image\" data-id=\"438b748\" data-element_type=\"widget\" data-e-type=\"widget\" data-widget_type=\"image.default\">\n\t\t\t\t<div class=\"elementor-widget-container\">\n\t\t\t\t\t\t\t\t\t\t\t\t\t\t\t<img fetchpriority=\"high\" decoding=\"async\" width=\"290\" height=\"290\" src=\"https:\/\/www.paradis.lt\/wp-content\/uploads\/2023\/07\/rankiniai_padeklu_krautuvai.jpg\" class=\"attachment-full size-full wp-image-3539\" alt=\"\" srcset=\"https:\/\/www.paradis.lt\/wp-content\/uploads\/2023\/07\/rankiniai_padeklu_krautuvai.jpg 290w, https:\/\/www.paradis.lt\/wp-content\/uploads\/2023\/07\/rankiniai_padeklu_krautuvai-100x100.jpg 100w, https:\/\/www.paradis.lt\/wp-content\/uploads\/2023\/07\/rankiniai_padeklu_krautuvai-150x150.jpg 150w\" sizes=\"(max-width: 290px) 100vw, 290px\" \/>\t\t\t\t\t\t\t\t\t\t\t\t\t\t\t<\/div>\n\t\t\t\t<\/div>\n\t\t\t\t\t<\/div>\n\t\t<\/div>\n\t\t\t\t<div class=\"elementor-column elementor-col-50 elementor-top-column elementor-element elementor-element-cbf77ae\" data-id=\"cbf77ae\" data-element_type=\"column\" data-e-type=\"column\">\n\t\t\t<div class=\"elementor-widget-wrap elementor-element-populated\">\n\t\t\t\t\t\t<div class=\"elementor-element elementor-element-b62f496 elementor-widget elementor-widget-text-editor\" data-id=\"b62f496\" data-element_type=\"widget\" data-e-type=\"widget\" data-widget_type=\"text-editor.default\">\n\t\t\t\t<div class=\"elementor-widget-container\">\n\t\t\t\t\t\t\t\t\t<h1 class=\"product_title entry-title\">CE \u017demo k\u0117limo rankiniai pad\u0117kl\u0173 krautuvai<\/h1><div class=\"woocommerce-product-details__short-description\"><p>\u201eCESAB\u201c turi puik\u0173 sprendim\u0105 sand\u0117liuojamoms kilnojamoms med\u017eiagoms tvarkyti. Tai \u2013 puikus \u012frankis kasdieniam naudojimui vis\u0173 tip\u0173 srityse.<\/p><p>\u017demo k\u0117limo diapazono \u201eCESAB\u201c rankini\u0173 pad\u0117kl\u0173 krautuvai \u2013 tvirtos konstrukcijos, o keliamoji galia yra nuo 2,0 iki 3,0 ton\u0173. D\u0117l \u012fvairi\u0173 galim\u0173 variant\u0173, \u201eCESAB\u201c \u201eCE\u201c modelius galima pritaikyti prie konkre\u010di\u0173 kiekvieno naudotojo poreiki\u0173.<\/p><p>Be skirting\u0173 \u0161aki\u0173 matmen\u0173, \u0161ios skirtingos versijos ir konfig\u016bracijos atitinka rinkos poreikius, kaip kad rankinio stabd\u017eio versija, u\u017etikrinanti optimal\u0173 krautuvo saugum\u0105, kai jis nenaudojamas. Greito pak\u0117limo versija suma\u017eina vairalazd\u0117s judesi\u0173 skai\u010di\u0173 67 %, kad kroviniai b\u016bt\u0173 tvarkomi grei\u010diau ir lengviau. Modeliai su 55 mm nuleistu \u0161aki\u0173 auk\u0161\u010diu leid\u017eia tvarkyti d\u0117\u017ees ir kitus specialius krovinius.<\/p><p>\u201eCESAB\u201c si\u016blo ir \u201eCE-ST\u201c versij\u0105, pagamint\u0105 i\u0161 ner\u016bdijan\u010dio plieno.<\/p><\/div>\t\t\t\t\t\t\t\t<\/div>\n\t\t\t\t<\/div>\n\t\t\t\t\t<\/div>\n\t\t<\/div>\n\t\t\t\t\t<\/div>\n\t\t<\/section>\n\t\t\t\t<section class=\"elementor-section elementor-top-section elementor-element elementor-element-b7b95e1 elementor-section-stretched elementor-section-boxed elementor-section-height-default elementor-section-height-default\" data-id=\"b7b95e1\" data-element_type=\"section\" data-e-type=\"section\" data-settings=\"{&quot;stretch_section&quot;:&quot;section-stretched&quot;,&quot;background_background&quot;:&quot;classic&quot;}\">\n\t\t\t\t\t\t<div class=\"elementor-container elementor-column-gap-default\">\n\t\t\t\t\t<div class=\"elementor-column elementor-col-100 elementor-top-column elementor-element elementor-element-2385301\" data-id=\"2385301\" data-element_type=\"column\" data-e-type=\"column\">\n\t\t\t<div class=\"elementor-widget-wrap elementor-element-populated\">\n\t\t\t\t\t\t<div class=\"elementor-element elementor-element-e915da6 elementor-widget elementor-widget-heading\" data-id=\"e915da6\" data-element_type=\"widget\" data-e-type=\"widget\" data-widget_type=\"heading.default\">\n\t\t\t\t<div class=\"elementor-widget-container\">\n\t\t\t\t\t<h2 class=\"elementor-heading-title elementor-size-default\">Specifikacijos<\/h2>\t\t\t\t<\/div>\n\t\t\t\t<\/div>\n\t\t\t\t<div class=\"elementor-element elementor-element-341fb57 elementor-tabs-view-horizontal elementor-widget elementor-widget-tabs\" data-id=\"341fb57\" data-element_type=\"widget\" data-e-type=\"widget\" data-widget_type=\"tabs.default\">\n\t\t\t\t<div class=\"elementor-widget-container\">\n\t\t\t\t\t\t\t<div class=\"elementor-tabs\">\n\t\t\t<div class=\"elementor-tabs-wrapper\" role=\"tablist\" >\n\t\t\t\t\t\t\t\t\t<div id=\"elementor-tab-title-5461\" class=\"elementor-tab-title elementor-tab-desktop-title\" aria-selected=\"true\" data-tab=\"1\" role=\"tab\" tabindex=\"0\" aria-controls=\"elementor-tab-content-5461\" aria-expanded=\"false\">CE200L<\/div>\n\t\t\t\t\t\t\t\t\t<div id=\"elementor-tab-title-5462\" class=\"elementor-tab-title elementor-tab-desktop-title\" aria-selected=\"false\" data-tab=\"2\" role=\"tab\" tabindex=\"-1\" aria-controls=\"elementor-tab-content-5462\" aria-expanded=\"false\">CE230<\/div>\n\t\t\t\t\t\t\t\t\t<div id=\"elementor-tab-title-5463\" class=\"elementor-tab-title elementor-tab-desktop-title\" aria-selected=\"false\" data-tab=\"3\" role=\"tab\" tabindex=\"-1\" aria-controls=\"elementor-tab-content-5463\" aria-expanded=\"false\">CE300<\/div>\n\t\t\t\t\t\t\t<\/div>\n\t\t\t<div class=\"elementor-tabs-content-wrapper\" role=\"tablist\" aria-orientation=\"vertical\">\n\t\t\t\t\t\t\t\t\t<div class=\"elementor-tab-title elementor-tab-mobile-title\" aria-selected=\"true\" data-tab=\"1\" role=\"tab\" tabindex=\"0\" aria-controls=\"elementor-tab-content-5461\" aria-expanded=\"false\">CE200L<\/div>\n\t\t\t\t\t<div id=\"elementor-tab-content-5461\" class=\"elementor-tab-content elementor-clearfix\" data-tab=\"1\" role=\"tabpanel\" aria-labelledby=\"elementor-tab-title-5461\" tabindex=\"0\" hidden=\"false\"><table><tbody><tr><td>Modelis:<\/td><td>CE200L<\/td><\/tr><tr><td>Paj\u0117gumas:<\/td><td>2000 kg<\/td><\/tr><tr><td>Versija:<\/td><td>\u017eemos \u0161ak\u0117s<\/td><\/tr><tr><td>Minimalus \u0161aki\u0173 auk\u0161tis:<\/td><td>55 mm<\/td><\/tr><tr><td>\u0160aki\u0173 plotis:<\/td><td>520\/685 mm<\/td><\/tr><tr><td>\u0160aki\u0173 ilgis:<\/td><td>800 \u2013 1200 mm<\/td><\/tr><\/tbody><\/table><\/div>\n\t\t\t\t\t\t\t\t\t<div class=\"elementor-tab-title elementor-tab-mobile-title\" aria-selected=\"false\" data-tab=\"2\" role=\"tab\" tabindex=\"-1\" aria-controls=\"elementor-tab-content-5462\" aria-expanded=\"false\">CE230<\/div>\n\t\t\t\t\t<div id=\"elementor-tab-content-5462\" class=\"elementor-tab-content elementor-clearfix\" data-tab=\"2\" role=\"tabpanel\" aria-labelledby=\"elementor-tab-title-5462\" tabindex=\"0\" hidden=\"hidden\"><table><tbody><tr><td>Modelis:<\/td><td>CE230<\/td><td>CE230U<\/td><td>CE230Q<\/td><td>CE230X<\/td><\/tr><tr><td>Paj\u0117gumas:<\/td><td>2300 kg<\/td><td>2300 kg<\/td><td>2300 kg<\/td><td>2300 kg<\/td><\/tr><tr><td>Versija:<\/td><td>\u00a0<\/td><td>\u017eemos \u0161ak\u0117s<\/td><td>greitas k\u0117limas<\/td><td>rankinis stabdis<\/td><\/tr><tr><td>Minimalus \u0161aki\u0173 auk\u0161tis:<\/td><td>85 mm<\/td><td>75 mm\u00a0\u00a0\u00a0\u00a0\u00a0\u00a0\u00a0\u00a0\u00a0\u00a0\u00a0\u00a0\u00a0\u00a0\u00a0\u00a0<\/td><td>85 mm\u00a0\u00a0\u00a0\u00a0\u00a0\u00a0\u00a0\u00a0\u00a0\u00a0\u00a0\u00a0\u00a0\u00a0\u00a0\u00a0<\/td><td>85 mm\u00a0\u00a0\u00a0\u00a0\u00a0\u00a0\u00a0\u00a0\u00a0\u00a0\u00a0\u00a0\u00a0\u00a0\u00a0\u00a0<\/td><\/tr><tr><td>\u0160aki\u0173 plotis:<\/td><td>370 \u20131500 mm<\/td><td>370 \u20131500 mm<\/td><td>370 \u20131500 mm<\/td><td>370 \u20131500 mm<\/td><\/tr><tr><td>\u0160aki\u0173 ilgis:<\/td><td>600-3500 mm<\/td><td>600-3500 mm<\/td><td>600-3500 mm<\/td><td>600-3500 mm<\/td><\/tr><\/tbody><\/table><\/div>\n\t\t\t\t\t\t\t\t\t<div class=\"elementor-tab-title elementor-tab-mobile-title\" aria-selected=\"false\" data-tab=\"3\" role=\"tab\" tabindex=\"-1\" aria-controls=\"elementor-tab-content-5463\" aria-expanded=\"false\">CE300<\/div>\n\t\t\t\t\t<div id=\"elementor-tab-content-5463\" class=\"elementor-tab-content elementor-clearfix\" data-tab=\"3\" role=\"tabpanel\" aria-labelledby=\"elementor-tab-title-5463\" tabindex=\"0\" hidden=\"hidden\"><table><tbody><tr><td>Modelis:<\/td><td>CE 300<\/td><\/tr><tr><td>Paj\u0117gumas:<\/td><td>3000 kg<\/td><\/tr><tr><td>Tipas:<\/td><td>&#8211;<\/td><\/tr><tr><td>Minimalus \u0161aki\u0173 auk\u0161tis:<\/td><td>85 mm<\/td><\/tr><tr><td>\u0160aki\u0173 plotis:<\/td><td>520\/685 mm<\/td><\/tr><tr><td>\u0160aki\u0173 ilgis:<\/td><td>900 \u2013 1830 mm<\/td><\/tr><\/tbody><\/table><\/div>\n\t\t\t\t\t\t\t<\/div>\n\t\t<\/div>\n\t\t\t\t\t\t<\/div>\n\t\t\t\t<\/div>\n\t\t\t\t\t<\/div>\n\t\t<\/div>\n\t\t\t\t\t<\/div>\n\t\t<\/section>\n\t\t\t\t<\/div>\n\t\t","protected":false},"excerpt":{"rendered":"<p>\u201eCESAB\u201c turi puik\u0173 sprendim\u0105 sand\u0117liuojamoms kilnojamoms med\u017eiagoms tvarkyti. Tai &#8211; puikus \u012frankis kasdieniam naudojimui vis\u0173 tip\u0173 srityse.<\/p>\n<p>\u017demo k\u0117limo diapazono \u201eCESAB\u201c rankini\u0173 pad\u0117kl\u0173 krautuvai &#8211; tvirtos konstrukcijos, o keliamoji galia yra nuo 2,0 iki 3,0 ton\u0173. D\u0117l \u012fvairi\u0173 galim\u0173 variant\u0173, \u201eCESAB\u201c \u201eCE\u201c modelius galima pritaikyti prie konkre\u010di\u0173 kiekvieno naudotojo poreiki\u0173.<\/p>\n<p>Be skirting\u0173 \u0161aki\u0173 matmen\u0173, \u0161ios skirtingos versijos ir konfig\u016bracijos atitinka rinkos poreikius, kaip kad rankinio stabd\u017eio versija, u\u017etikrinanti optimal\u0173 krautuvo saugum\u0105, kai jis nenaudojamas. Greito pak\u0117limo versija suma\u017eina vairalazd\u0117s judesi\u0173 skai\u010di\u0173 67 %, kad kroviniai b\u016bt\u0173 tvarkomi grei\u010diau ir lengviau. Modeliai su 55 mm nuleistu \u0161aki\u0173 auk\u0161\u010diu leid\u017eia tvarkyti d\u0117\u017ees ir kitus specialius krovinius.<\/p>\n<p>\u201eCESAB\u201c si\u016blo ir \u201eCE-ST\u201c versij\u0105, pagamint\u0105 i\u0161 ner\u016bdijan\u010dio plieno.<\/p>\n","protected":false},"featured_media":3551,"template":"","meta":{"inline_featured_image":false,"site-sidebar-layout":"default","site-content-layout":"default","ast-site-content-layout":"default","site-content-style":"default","site-sidebar-style":"default","ast-global-header-display":"","ast-banner-title-visibility":"","ast-main-header-display":"","ast-hfb-above-header-display":"","ast-hfb-below-header-display":"","ast-hfb-mobile-header-display":"","site-post-title":"","ast-breadcrumbs-content":"","ast-featured-img":"","footer-sml-layout":"","theme-transparent-header-meta":"default","adv-header-id-meta":"","stick-header-meta":"","header-above-stick-meta":"","header-main-stick-meta":"","header-below-stick-meta":"","astra-migrate-meta-layouts":"set","ast-page-background-enabled":"default","ast-page-background-meta":{"desktop":{"background-color":"var(--ast-global-color-4)","background-image":"","background-repeat":"repeat","background-position":"center center","background-size":"auto","background-attachment":"scroll","background-type":"","background-media":"","overlay-type":"","overlay-color":"","overlay-gradient":""},"tablet":{"background-color":"","background-image":"","background-repeat":"repeat","background-position":"center center","background-size":"auto","background-attachment":"scroll","background-type":"","background-media":"","overlay-type":"","overlay-color":"","overlay-gradient":""},"mobile":{"background-color":"","background-image":"","background-repeat":"repeat","background-position":"center center","background-size":"auto","background-attachment":"scroll","background-type":"","background-media":"","overlay-type":"","overlay-color":"","overlay-gradient":""}},"ast-content-background-meta":{"desktop":{"background-color":"var(--ast-global-color-5)","background-image":"","background-repeat":"repeat","background-position":"center center","background-size":"auto","background-attachment":"scroll","background-type":"","background-media":"","overlay-type":"","overlay-color":"","overlay-gradient":""},"tablet":{"background-color":"var(--ast-global-color-5)","background-image":"","background-repeat":"repeat","background-position":"center center","background-size":"auto","background-attachment":"scroll","background-type":"","background-media":"","overlay-type":"","overlay-color":"","overlay-gradient":""},"mobile":{"background-color":"var(--ast-global-color-5)","background-image":"","background-repeat":"repeat","background-position":"center center","background-size":"auto","background-attachment":"scroll","background-type":"","background-media":"","overlay-type":"","overlay-color":"","overlay-gradient":""}}},"product_brand":[],"product_cat":[171,148,163],"product_tag":[],"class_list":{"0":"post-4074","1":"product","2":"type-product","3":"status-publish","4":"has-post-thumbnail","6":"product_cat-ce-lv","7":"product_cat-krautuvai-lv","8":"product_cat-rankiniai-padeklu-krautuvai-lv","9":"pa_darbo-aplinka-viduje-lv","10":"pa_darbo-intensyvumas-zemas-lv","11":"pa_kelimo-aukstis-0-5000-lv-2","12":"pa_krovinio-svoris-1000-4700-lv-2","13":"pa_maitinimo-saltinis-rankinis-lv","14":"pa_vid-atstumas-mazas-40m-lv","15":"desktop-align-left","16":"tablet-align-left","17":"mobile-align-left","19":"first","20":"instock","21":"shipping-taxable","22":"product-type-variable"},"yoast_head":"<!-- This site is optimized with the Yoast SEO plugin v27.3 - https:\/\/yoast.com\/product\/yoast-seo-wordpress\/ -->\n<title>CE \u017demo k\u0117limo rankiniai pad\u0117kl\u0173 krautuvai - UAB Paradis<\/title>\n<meta name=\"robots\" content=\"index, follow, max-snippet:-1, max-image-preview:large, max-video-preview:-1\" \/>\n<link rel=\"canonical\" href=\"https:\/\/www.paradis.lt\/lv\/produktai\/ce-zemo-kelimo-rankiniai-padeklu-krautuvai\/\" \/>\n<meta property=\"og:locale\" content=\"lv_LV\" \/>\n<meta property=\"og:type\" content=\"article\" \/>\n<meta property=\"og:title\" content=\"CE \u017demo k\u0117limo rankiniai pad\u0117kl\u0173 krautuvai - UAB Paradis\" \/>\n<meta property=\"og:description\" content=\"\u201eCESAB\u201c turi puik\u0173 sprendim\u0105 sand\u0117liuojamoms kilnojamoms med\u017eiagoms tvarkyti. Tai - puikus \u012frankis kasdieniam naudojimui vis\u0173 tip\u0173 srityse.  \u017demo k\u0117limo diapazono \u201eCESAB\u201c rankini\u0173 pad\u0117kl\u0173 krautuvai - tvirtos konstrukcijos, o keliamoji galia yra nuo 2,0 iki 3,0 ton\u0173. D\u0117l \u012fvairi\u0173 galim\u0173 variant\u0173, \u201eCESAB\u201c \u201eCE\u201c modelius galima pritaikyti prie konkre\u010di\u0173 kiekvieno naudotojo poreiki\u0173.  Be skirting\u0173 \u0161aki\u0173 matmen\u0173, \u0161ios skirtingos versijos ir konfig\u016bracijos atitinka rinkos poreikius, kaip kad rankinio stabd\u017eio versija, u\u017etikrinanti optimal\u0173 krautuvo saugum\u0105, kai jis nenaudojamas. Greito pak\u0117limo versija suma\u017eina vairalazd\u0117s judesi\u0173 skai\u010di\u0173 67 %, kad kroviniai b\u016bt\u0173 tvarkomi grei\u010diau ir lengviau. Modeliai su 55 mm nuleistu \u0161aki\u0173 auk\u0161\u010diu leid\u017eia tvarkyti d\u0117\u017ees ir kitus specialius krovinius.  \u201eCESAB\u201c si\u016blo ir \u201eCE-ST\u201c versij\u0105, pagamint\u0105 i\u0161 ner\u016bdijan\u010dio plieno.\" \/>\n<meta property=\"og:url\" content=\"https:\/\/www.paradis.lt\/lv\/produktai\/ce-zemo-kelimo-rankiniai-padeklu-krautuvai\/\" \/>\n<meta property=\"og:site_name\" content=\"UAB Paradis\" \/>\n<meta property=\"article:modified_time\" content=\"2023-11-17T13:29:50+00:00\" \/>\n<meta property=\"og:image\" content=\"https:\/\/www.paradis.lt\/wp-content\/uploads\/2023\/07\/00348-0102-01-hi.jpg\" \/>\n\t<meta property=\"og:image:width\" content=\"1920\" \/>\n\t<meta property=\"og:image:height\" content=\"1440\" \/>\n\t<meta property=\"og:image:type\" content=\"image\/jpeg\" \/>\n<meta name=\"twitter:card\" content=\"summary_large_image\" \/>\n<meta name=\"twitter:label1\" content=\"Est. reading time\" \/>\n\t<meta name=\"twitter:data1\" content=\"1 minute\" \/>\n<script type=\"application\/ld+json\" class=\"yoast-schema-graph\">{\"@context\":\"https:\\\/\\\/schema.org\",\"@graph\":[{\"@type\":\"WebPage\",\"@id\":\"https:\\\/\\\/www.paradis.lt\\\/lv\\\/produktai\\\/ce-zemo-kelimo-rankiniai-padeklu-krautuvai\\\/\",\"url\":\"https:\\\/\\\/www.paradis.lt\\\/lv\\\/produktai\\\/ce-zemo-kelimo-rankiniai-padeklu-krautuvai\\\/\",\"name\":\"CE \u017demo k\u0117limo rankiniai pad\u0117kl\u0173 krautuvai - UAB Paradis\",\"isPartOf\":{\"@id\":\"https:\\\/\\\/www.paradis.lt\\\/lv\\\/#website\"},\"primaryImageOfPage\":{\"@id\":\"https:\\\/\\\/www.paradis.lt\\\/lv\\\/produktai\\\/ce-zemo-kelimo-rankiniai-padeklu-krautuvai\\\/#primaryimage\"},\"image\":{\"@id\":\"https:\\\/\\\/www.paradis.lt\\\/lv\\\/produktai\\\/ce-zemo-kelimo-rankiniai-padeklu-krautuvai\\\/#primaryimage\"},\"thumbnailUrl\":\"https:\\\/\\\/www.paradis.lt\\\/wp-content\\\/uploads\\\/2023\\\/07\\\/00348-0102-01-hi.jpg\",\"datePublished\":\"2023-07-12T12:52:24+00:00\",\"dateModified\":\"2023-11-17T13:29:50+00:00\",\"breadcrumb\":{\"@id\":\"https:\\\/\\\/www.paradis.lt\\\/lv\\\/produktai\\\/ce-zemo-kelimo-rankiniai-padeklu-krautuvai\\\/#breadcrumb\"},\"inLanguage\":\"lv-LV\",\"potentialAction\":[{\"@type\":\"ReadAction\",\"target\":[\"https:\\\/\\\/www.paradis.lt\\\/lv\\\/produktai\\\/ce-zemo-kelimo-rankiniai-padeklu-krautuvai\\\/\"]}]},{\"@type\":\"ImageObject\",\"inLanguage\":\"lv-LV\",\"@id\":\"https:\\\/\\\/www.paradis.lt\\\/lv\\\/produktai\\\/ce-zemo-kelimo-rankiniai-padeklu-krautuvai\\\/#primaryimage\",\"url\":\"https:\\\/\\\/www.paradis.lt\\\/wp-content\\\/uploads\\\/2023\\\/07\\\/00348-0102-01-hi.jpg\",\"contentUrl\":\"https:\\\/\\\/www.paradis.lt\\\/wp-content\\\/uploads\\\/2023\\\/07\\\/00348-0102-01-hi.jpg\",\"width\":1920,\"height\":1440},{\"@type\":\"BreadcrumbList\",\"@id\":\"https:\\\/\\\/www.paradis.lt\\\/lv\\\/produktai\\\/ce-zemo-kelimo-rankiniai-padeklu-krautuvai\\\/#breadcrumb\",\"itemListElement\":[{\"@type\":\"ListItem\",\"position\":1,\"name\":\"Produktai\",\"item\":\"https:\\\/\\\/www.paradis.lt\\\/lv\\\/produktai\\\/\"},{\"@type\":\"ListItem\",\"position\":2,\"name\":\"CE \u017demo k\u0117limo rankiniai pad\u0117kl\u0173 krautuvai\"}]},{\"@type\":\"WebSite\",\"@id\":\"https:\\\/\\\/www.paradis.lt\\\/lv\\\/#website\",\"url\":\"https:\\\/\\\/www.paradis.lt\\\/lv\\\/\",\"name\":\"UAB Paradis\",\"description\":\"UAB Paradis\",\"potentialAction\":[{\"@type\":\"SearchAction\",\"target\":{\"@type\":\"EntryPoint\",\"urlTemplate\":\"https:\\\/\\\/www.paradis.lt\\\/lv\\\/?s={search_term_string}\"},\"query-input\":{\"@type\":\"PropertyValueSpecification\",\"valueRequired\":true,\"valueName\":\"search_term_string\"}}],\"inLanguage\":\"lv-LV\"}]}<\/script>\n<!-- \/ Yoast SEO plugin. -->","yoast_head_json":{"title":"CE \u017demo k\u0117limo rankiniai pad\u0117kl\u0173 krautuvai - UAB Paradis","robots":{"index":"index","follow":"follow","max-snippet":"max-snippet:-1","max-image-preview":"max-image-preview:large","max-video-preview":"max-video-preview:-1"},"canonical":"https:\/\/www.paradis.lt\/lv\/produktai\/ce-zemo-kelimo-rankiniai-padeklu-krautuvai\/","og_locale":"lv_LV","og_type":"article","og_title":"CE \u017demo k\u0117limo rankiniai pad\u0117kl\u0173 krautuvai - UAB Paradis","og_description":"\u201eCESAB\u201c turi puik\u0173 sprendim\u0105 sand\u0117liuojamoms kilnojamoms med\u017eiagoms tvarkyti. Tai - puikus \u012frankis kasdieniam naudojimui vis\u0173 tip\u0173 srityse.  \u017demo k\u0117limo diapazono \u201eCESAB\u201c rankini\u0173 pad\u0117kl\u0173 krautuvai - tvirtos konstrukcijos, o keliamoji galia yra nuo 2,0 iki 3,0 ton\u0173. D\u0117l \u012fvairi\u0173 galim\u0173 variant\u0173, \u201eCESAB\u201c \u201eCE\u201c modelius galima pritaikyti prie konkre\u010di\u0173 kiekvieno naudotojo poreiki\u0173.  Be skirting\u0173 \u0161aki\u0173 matmen\u0173, \u0161ios skirtingos versijos ir konfig\u016bracijos atitinka rinkos poreikius, kaip kad rankinio stabd\u017eio versija, u\u017etikrinanti optimal\u0173 krautuvo saugum\u0105, kai jis nenaudojamas. Greito pak\u0117limo versija suma\u017eina vairalazd\u0117s judesi\u0173 skai\u010di\u0173 67 %, kad kroviniai b\u016bt\u0173 tvarkomi grei\u010diau ir lengviau. Modeliai su 55 mm nuleistu \u0161aki\u0173 auk\u0161\u010diu leid\u017eia tvarkyti d\u0117\u017ees ir kitus specialius krovinius.  \u201eCESAB\u201c si\u016blo ir \u201eCE-ST\u201c versij\u0105, pagamint\u0105 i\u0161 ner\u016bdijan\u010dio plieno.","og_url":"https:\/\/www.paradis.lt\/lv\/produktai\/ce-zemo-kelimo-rankiniai-padeklu-krautuvai\/","og_site_name":"UAB Paradis","article_modified_time":"2023-11-17T13:29:50+00:00","og_image":[{"width":1920,"height":1440,"url":"https:\/\/www.paradis.lt\/wp-content\/uploads\/2023\/07\/00348-0102-01-hi.jpg","type":"image\/jpeg"}],"twitter_card":"summary_large_image","twitter_misc":{"Est. reading time":"1 minute"},"schema":{"@context":"https:\/\/schema.org","@graph":[{"@type":"WebPage","@id":"https:\/\/www.paradis.lt\/lv\/produktai\/ce-zemo-kelimo-rankiniai-padeklu-krautuvai\/","url":"https:\/\/www.paradis.lt\/lv\/produktai\/ce-zemo-kelimo-rankiniai-padeklu-krautuvai\/","name":"CE \u017demo k\u0117limo rankiniai pad\u0117kl\u0173 krautuvai - UAB Paradis","isPartOf":{"@id":"https:\/\/www.paradis.lt\/lv\/#website"},"primaryImageOfPage":{"@id":"https:\/\/www.paradis.lt\/lv\/produktai\/ce-zemo-kelimo-rankiniai-padeklu-krautuvai\/#primaryimage"},"image":{"@id":"https:\/\/www.paradis.lt\/lv\/produktai\/ce-zemo-kelimo-rankiniai-padeklu-krautuvai\/#primaryimage"},"thumbnailUrl":"https:\/\/www.paradis.lt\/wp-content\/uploads\/2023\/07\/00348-0102-01-hi.jpg","datePublished":"2023-07-12T12:52:24+00:00","dateModified":"2023-11-17T13:29:50+00:00","breadcrumb":{"@id":"https:\/\/www.paradis.lt\/lv\/produktai\/ce-zemo-kelimo-rankiniai-padeklu-krautuvai\/#breadcrumb"},"inLanguage":"lv-LV","potentialAction":[{"@type":"ReadAction","target":["https:\/\/www.paradis.lt\/lv\/produktai\/ce-zemo-kelimo-rankiniai-padeklu-krautuvai\/"]}]},{"@type":"ImageObject","inLanguage":"lv-LV","@id":"https:\/\/www.paradis.lt\/lv\/produktai\/ce-zemo-kelimo-rankiniai-padeklu-krautuvai\/#primaryimage","url":"https:\/\/www.paradis.lt\/wp-content\/uploads\/2023\/07\/00348-0102-01-hi.jpg","contentUrl":"https:\/\/www.paradis.lt\/wp-content\/uploads\/2023\/07\/00348-0102-01-hi.jpg","width":1920,"height":1440},{"@type":"BreadcrumbList","@id":"https:\/\/www.paradis.lt\/lv\/produktai\/ce-zemo-kelimo-rankiniai-padeklu-krautuvai\/#breadcrumb","itemListElement":[{"@type":"ListItem","position":1,"name":"Produktai","item":"https:\/\/www.paradis.lt\/lv\/produktai\/"},{"@type":"ListItem","position":2,"name":"CE \u017demo k\u0117limo rankiniai pad\u0117kl\u0173 krautuvai"}]},{"@type":"WebSite","@id":"https:\/\/www.paradis.lt\/lv\/#website","url":"https:\/\/www.paradis.lt\/lv\/","name":"UAB Paradis","description":"UAB Paradis","potentialAction":[{"@type":"SearchAction","target":{"@type":"EntryPoint","urlTemplate":"https:\/\/www.paradis.lt\/lv\/?s={search_term_string}"},"query-input":{"@type":"PropertyValueSpecification","valueRequired":true,"valueName":"search_term_string"}}],"inLanguage":"lv-LV"}]}},"jetpack_sharing_enabled":true,"_links":{"self":[{"href":"https:\/\/www.paradis.lt\/lv\/wp-json\/wp\/v2\/product\/4074","targetHints":{"allow":["GET"]}}],"collection":[{"href":"https:\/\/www.paradis.lt\/lv\/wp-json\/wp\/v2\/product"}],"about":[{"href":"https:\/\/www.paradis.lt\/lv\/wp-json\/wp\/v2\/types\/product"}],"version-history":[{"count":3,"href":"https:\/\/www.paradis.lt\/lv\/wp-json\/wp\/v2\/product\/4074\/revisions"}],"predecessor-version":[{"id":7961,"href":"https:\/\/www.paradis.lt\/lv\/wp-json\/wp\/v2\/product\/4074\/revisions\/7961"}],"wp:featuredmedia":[{"embeddable":true,"href":"https:\/\/www.paradis.lt\/lv\/wp-json\/wp\/v2\/media\/3551"}],"wp:attachment":[{"href":"https:\/\/www.paradis.lt\/lv\/wp-json\/wp\/v2\/media?parent=4074"}],"wp:term":[{"taxonomy":"product_brand","embeddable":true,"href":"https:\/\/www.paradis.lt\/lv\/wp-json\/wp\/v2\/product_brand?post=4074"},{"taxonomy":"product_cat","embeddable":true,"href":"https:\/\/www.paradis.lt\/lv\/wp-json\/wp\/v2\/product_cat?post=4074"},{"taxonomy":"product_tag","embeddable":true,"href":"https:\/\/www.paradis.lt\/lv\/wp-json\/wp\/v2\/product_tag?post=4074"}],"curies":[{"name":"wp","href":"https:\/\/api.w.org\/{rel}","templated":true}]}}