{"id":4064,"date":"2023-08-07T12:29:03","date_gmt":"2023-08-07T12:29:03","guid":{"rendered":"http:\/\/www.paradis.lt\/produktai\/ceh-auksto-kelimo-rankiniai-padeklu-krautuvai\/"},"modified":"2023-11-17T13:30:00","modified_gmt":"2023-11-17T13:30:00","slug":"ceh-auksto-kelimo-rankiniai-padeklu-krautuvai","status":"publish","type":"product","link":"https:\/\/www.paradis.lt\/lv\/produktai\/ceh-auksto-kelimo-rankiniai-padeklu-krautuvai\/","title":{"rendered":"CE-H Auk\u0161to k\u0117limo rankiniai pad\u0117kl\u0173 krautuvai"},"content":{"rendered":"\t\t<div data-elementor-type=\"wp-post\" data-elementor-id=\"4064\" class=\"elementor elementor-4064 elementor-1514\">\n\t\t\t\t\t\t<section class=\"elementor-section elementor-top-section elementor-element elementor-element-ac0326a elementor-section-full_width elementor-section-height-default elementor-section-height-default\" data-id=\"ac0326a\" data-element_type=\"section\" data-e-type=\"section\">\n\t\t\t\t\t\t<div class=\"elementor-container elementor-column-gap-default\">\n\t\t\t\t\t<div class=\"elementor-column elementor-col-50 elementor-top-column elementor-element elementor-element-044ccee\" data-id=\"044ccee\" data-element_type=\"column\" data-e-type=\"column\">\n\t\t\t<div class=\"elementor-widget-wrap elementor-element-populated\">\n\t\t\t\t\t\t<div class=\"elementor-element elementor-element-39414d2 elementor-widget elementor-widget-image\" data-id=\"39414d2\" data-element_type=\"widget\" data-e-type=\"widget\" data-widget_type=\"image.default\">\n\t\t\t\t<div class=\"elementor-widget-container\">\n\t\t\t\t\t\t\t\t\t\t\t\t\t\t\t<img fetchpriority=\"high\" decoding=\"async\" width=\"500\" height=\"500\" src=\"https:\/\/www.paradis.lt\/wp-content\/uploads\/2023\/08\/CESAB_CE_H-500x500.jpg\" class=\"attachment-thumbnail size-thumbnail wp-image-5577\" alt=\"\" srcset=\"https:\/\/www.paradis.lt\/wp-content\/uploads\/2023\/08\/CESAB_CE_H-500x500.jpg 500w, https:\/\/www.paradis.lt\/wp-content\/uploads\/2023\/08\/CESAB_CE_H-700x700.jpg 700w, https:\/\/www.paradis.lt\/wp-content\/uploads\/2023\/08\/CESAB_CE_H-768x768.jpg 768w, https:\/\/www.paradis.lt\/wp-content\/uploads\/2023\/08\/CESAB_CE_H-900x900.jpg 900w, https:\/\/www.paradis.lt\/wp-content\/uploads\/2023\/08\/CESAB_CE_H-100x100.jpg 100w, https:\/\/www.paradis.lt\/wp-content\/uploads\/2023\/08\/CESAB_CE_H.jpg 1000w\" sizes=\"(max-width: 500px) 100vw, 500px\" \/>\t\t\t\t\t\t\t\t\t\t\t\t\t\t\t<\/div>\n\t\t\t\t<\/div>\n\t\t\t\t\t<\/div>\n\t\t<\/div>\n\t\t\t\t<div class=\"elementor-column elementor-col-50 elementor-top-column elementor-element elementor-element-29d7702\" data-id=\"29d7702\" data-element_type=\"column\" data-e-type=\"column\">\n\t\t\t<div class=\"elementor-widget-wrap elementor-element-populated\">\n\t\t\t\t\t\t<div class=\"elementor-element elementor-element-fd5955d elementor-widget elementor-widget-text-editor\" data-id=\"fd5955d\" data-element_type=\"widget\" data-e-type=\"widget\" data-widget_type=\"text-editor.default\">\n\t\t\t\t<div class=\"elementor-widget-container\">\n\t\t\t\t\t\t\t\t\t<h1 class=\"product_title entry-title\">CE-H Auk\u0161to k\u0117limo rankiniai pad\u0117kl\u0173 krautuvai<\/h1><div class=\"woocommerce-product-details__short-description\"><p>\u201eCESAB\u201c \u201eCE-H\u201c \u2013 itin ergonomi\u0161kas rankinis sprendimas j\u016bs\u0173 darbo aplinkai. Auk\u0161to k\u0117limo modelis gali pakelti \u0161akes iki 80 cm auk\u0161\u010dio saugiam ir patogiam darbui u\u017etikrinti.<\/p><p>Tai universalus ir paprastas naudoti krautuvas, puikiai tinkantis bet kokiai darbo aplinkai.<\/p><p>\u201eCE-H\u201c modeliai gali b\u016bti tiek su rankiniu, tiek su elektriniu pak\u0117limo mechanizmu, j\u016bs\u0173 u\u017eduo\u010di\u0173 atlikim\u0105 palengvinant dar labiau. Elektrin\u0117 versija turi prie\u017ei\u016bros nereikalaujan\u010di\u0105 baterij\u0105 ir jos \u012fkrovos lygio indikatori\u0173. Net ir jai i\u0161sikrovus, krautuv\u0105 galima pilnai naudoti rankiniu b\u016bdu.<\/p><p>Abu modeliai turi atraminius spaustukus priekiniuose voluose, kurie u\u017etikrina sunkve\u017eimio stabilum\u0105 bet kuriame auk\u0161tyje.<\/p><\/div>\t\t\t\t\t\t\t\t<\/div>\n\t\t\t\t<\/div>\n\t\t\t\t\t<\/div>\n\t\t<\/div>\n\t\t\t\t\t<\/div>\n\t\t<\/section>\n\t\t\t\t<section class=\"elementor-section elementor-top-section elementor-element elementor-element-b7b95e1 elementor-section-stretched elementor-section-boxed elementor-section-height-default elementor-section-height-default\" data-id=\"b7b95e1\" data-element_type=\"section\" data-e-type=\"section\" data-settings=\"{&quot;stretch_section&quot;:&quot;section-stretched&quot;,&quot;background_background&quot;:&quot;classic&quot;}\">\n\t\t\t\t\t\t<div class=\"elementor-container elementor-column-gap-default\">\n\t\t\t\t\t<div class=\"elementor-column elementor-col-100 elementor-top-column elementor-element elementor-element-2385301\" data-id=\"2385301\" data-element_type=\"column\" data-e-type=\"column\">\n\t\t\t<div class=\"elementor-widget-wrap elementor-element-populated\">\n\t\t\t\t\t\t<div class=\"elementor-element elementor-element-e915da6 elementor-widget elementor-widget-heading\" data-id=\"e915da6\" data-element_type=\"widget\" data-e-type=\"widget\" data-widget_type=\"heading.default\">\n\t\t\t\t<div class=\"elementor-widget-container\">\n\t\t\t\t\t<h2 class=\"elementor-heading-title elementor-size-default\">Specifikacijos<\/h2>\t\t\t\t<\/div>\n\t\t\t\t<\/div>\n\t\t\t\t<div class=\"elementor-element elementor-element-341fb57 elementor-tabs-view-horizontal elementor-widget elementor-widget-tabs\" data-id=\"341fb57\" data-element_type=\"widget\" data-e-type=\"widget\" data-widget_type=\"tabs.default\">\n\t\t\t\t<div class=\"elementor-widget-container\">\n\t\t\t\t\t\t\t<div class=\"elementor-tabs\">\n\t\t\t<div class=\"elementor-tabs-wrapper\" role=\"tablist\" >\n\t\t\t\t\t\t\t\t\t<div id=\"elementor-tab-title-5461\" class=\"elementor-tab-title elementor-tab-desktop-title\" aria-selected=\"true\" data-tab=\"1\" role=\"tab\" tabindex=\"0\" aria-controls=\"elementor-tab-content-5461\" aria-expanded=\"false\">H200<\/div>\n\t\t\t\t\t\t\t<\/div>\n\t\t\t<div class=\"elementor-tabs-content-wrapper\" role=\"tablist\" aria-orientation=\"vertical\">\n\t\t\t\t\t\t\t\t\t<div class=\"elementor-tab-title elementor-tab-mobile-title\" aria-selected=\"true\" data-tab=\"1\" role=\"tab\" tabindex=\"0\" aria-controls=\"elementor-tab-content-5461\" aria-expanded=\"false\">H200<\/div>\n\t\t\t\t\t<div id=\"elementor-tab-content-5461\" class=\"elementor-tab-content elementor-clearfix\" data-tab=\"1\" role=\"tabpanel\" aria-labelledby=\"elementor-tab-title-5461\" tabindex=\"0\" hidden=\"false\"><table>\n<tbody>\n<tr>\n<td>Modelis:<\/td>\n<td>H210<\/td>\n<td>H210E<\/td>\n<\/tr>\n<tr>\n<td>Paj\u0117gumas:<\/td>\n<td>1000 kg<\/td>\n<td>1000 kg<\/td>\n<\/tr>\n<tr>\n<td>El. k\u0117limo mechanizmas<\/td>\n<td>&#8211;<\/td>\n<td>taip<\/td>\n<\/tr>\n<tr>\n<td>K\u0117limo auk\u0161tis:<\/td>\n<td>810 mm<\/td>\n<td>810 mm<\/td>\n<\/tr>\n<\/tbody>\n<\/table><\/div>\n\t\t\t\t\t\t\t<\/div>\n\t\t<\/div>\n\t\t\t\t\t\t<\/div>\n\t\t\t\t<\/div>\n\t\t\t\t\t<\/div>\n\t\t<\/div>\n\t\t\t\t\t<\/div>\n\t\t<\/section>\n\t\t\t\t<\/div>\n\t\t","protected":false},"excerpt":{"rendered":"<p>\u201eCESAB\u201c \u201eCE-H\u201c \u2013 itin ergonomi\u0161kas rankinis sprendimas j\u016bs\u0173 darbo aplinkai. Auk\u0161to k\u0117limo modelis gali pakelti \u0161akes iki 80 cm auk\u0161\u010dio saugiam ir patogiam darbui u\u017etikrinti.<\/p>\n<p>Tai universalus ir paprastas naudoti krautuvas, puikiai tinkantis bet kokiai darbo aplinkai.<\/p>\n<p>\u201eCE-H\u201c modeliai gali b\u016bti tiek su rankiniu, tiek su elektriniu pak\u0117limo mechanizmu, j\u016bs\u0173 u\u017eduo\u010di\u0173 atlikim\u0105 palengvinant dar labiau. Elektrin\u0117 versija turi prie\u017ei\u016bros nereikalaujan\u010di\u0105 baterij\u0105 ir jos \u012fkrovos lygio indikatori\u0173. Net ir jai i\u0161sikrovus, krautuv\u0105 galima pilnai naudoti rankiniu b\u016bdu.<\/p>\n<p>Abu modeliai turi atraminius spaustukus priekiniuose voluose, kurie u\u017etikrina sunkve\u017eimio stabilum\u0105 bet kuriame auk\u0161tyje.<\/p>\n","protected":false},"featured_media":5577,"template":"","meta":{"inline_featured_image":false,"site-sidebar-layout":"default","site-content-layout":"default","ast-site-content-layout":"default","site-content-style":"default","site-sidebar-style":"default","ast-global-header-display":"","ast-banner-title-visibility":"","ast-main-header-display":"","ast-hfb-above-header-display":"","ast-hfb-below-header-display":"","ast-hfb-mobile-header-display":"","site-post-title":"disabled","ast-breadcrumbs-content":"","ast-featured-img":"disabled","footer-sml-layout":"","theme-transparent-header-meta":"default","adv-header-id-meta":"","stick-header-meta":"","header-above-stick-meta":"","header-main-stick-meta":"","header-below-stick-meta":"","astra-migrate-meta-layouts":"set","ast-page-background-enabled":"default","ast-page-background-meta":{"desktop":{"background-color":"var(--ast-global-color-4)","background-image":"","background-repeat":"repeat","background-position":"center center","background-size":"auto","background-attachment":"scroll","background-type":"","background-media":"","overlay-type":"","overlay-color":"","overlay-gradient":""},"tablet":{"background-color":"","background-image":"","background-repeat":"repeat","background-position":"center center","background-size":"auto","background-attachment":"scroll","background-type":"","background-media":"","overlay-type":"","overlay-color":"","overlay-gradient":""},"mobile":{"background-color":"","background-image":"","background-repeat":"repeat","background-position":"center center","background-size":"auto","background-attachment":"scroll","background-type":"","background-media":"","overlay-type":"","overlay-color":"","overlay-gradient":""}},"ast-content-background-meta":{"desktop":{"background-color":"var(--ast-global-color-5)","background-image":"","background-repeat":"repeat","background-position":"center center","background-size":"auto","background-attachment":"scroll","background-type":"","background-media":"","overlay-type":"","overlay-color":"","overlay-gradient":""},"tablet":{"background-color":"var(--ast-global-color-5)","background-image":"","background-repeat":"repeat","background-position":"center center","background-size":"auto","background-attachment":"scroll","background-type":"","background-media":"","overlay-type":"","overlay-color":"","overlay-gradient":""},"mobile":{"background-color":"var(--ast-global-color-5)","background-image":"","background-repeat":"repeat","background-position":"center center","background-size":"auto","background-attachment":"scroll","background-type":"","background-media":"","overlay-type":"","overlay-color":"","overlay-gradient":""}}},"product_brand":[],"product_cat":[162,148,163],"product_tag":[],"class_list":{"0":"post-4064","1":"product","2":"type-product","3":"status-publish","4":"has-post-thumbnail","6":"product_cat-ceh-lv","7":"product_cat-krautuvai-lv","8":"product_cat-rankiniai-padeklu-krautuvai-lv","9":"pa_darbo-aplinka-lauke-lv","10":"pa_darbo-intensyvumas-vidutinis-lv","11":"pa_kelimo-aukstis-0-5000-lv-2","12":"pa_krovinio-svoris-1000-4700-lv-2","13":"pa_maitinimo-saltinis-rankinis-lv","14":"pa_vid-atstumas-vidutinis-lv","15":"desktop-align-left","16":"tablet-align-left","17":"mobile-align-left","19":"first","20":"instock","21":"shipping-taxable","22":"purchasable","23":"product-type-variable"},"yoast_head":"<!-- This site is optimized with the Yoast SEO plugin v27.3 - https:\/\/yoast.com\/product\/yoast-seo-wordpress\/ -->\n<title>CE-H Auk\u0161to k\u0117limo rankiniai pad\u0117kl\u0173 krautuvai - UAB Paradis<\/title>\n<meta name=\"robots\" content=\"index, follow, max-snippet:-1, max-image-preview:large, max-video-preview:-1\" \/>\n<link rel=\"canonical\" href=\"https:\/\/www.paradis.lt\/lv\/produktai\/ceh-auksto-kelimo-rankiniai-padeklu-krautuvai\/\" \/>\n<meta property=\"og:locale\" content=\"lv_LV\" \/>\n<meta property=\"og:type\" content=\"article\" \/>\n<meta property=\"og:title\" content=\"CE-H Auk\u0161to k\u0117limo rankiniai pad\u0117kl\u0173 krautuvai - UAB Paradis\" \/>\n<meta property=\"og:description\" content=\"\u201eCESAB\u201c \u201eCE-H\u201c \u2013 itin ergonomi\u0161kas rankinis sprendimas j\u016bs\u0173 darbo aplinkai. Auk\u0161to k\u0117limo modelis gali pakelti \u0161akes iki 80 cm auk\u0161\u010dio saugiam ir patogiam darbui u\u017etikrinti.  Tai universalus ir paprastas naudoti krautuvas, puikiai tinkantis bet kokiai darbo aplinkai.  \u201eCE-H\u201c modeliai gali b\u016bti tiek su rankiniu, tiek su elektriniu pak\u0117limo mechanizmu, j\u016bs\u0173 u\u017eduo\u010di\u0173 atlikim\u0105 palengvinant dar labiau. Elektrin\u0117 versija turi prie\u017ei\u016bros nereikalaujan\u010di\u0105 baterij\u0105 ir jos \u012fkrovos lygio indikatori\u0173. Net ir jai i\u0161sikrovus, krautuv\u0105 galima pilnai naudoti rankiniu b\u016bdu.  Abu modeliai turi atraminius spaustukus priekiniuose voluose, kurie u\u017etikrina sunkve\u017eimio stabilum\u0105 bet kuriame auk\u0161tyje.\" \/>\n<meta property=\"og:url\" content=\"https:\/\/www.paradis.lt\/lv\/produktai\/ceh-auksto-kelimo-rankiniai-padeklu-krautuvai\/\" \/>\n<meta property=\"og:site_name\" content=\"UAB Paradis\" \/>\n<meta property=\"article:modified_time\" content=\"2023-11-17T13:30:00+00:00\" \/>\n<meta property=\"og:image\" content=\"https:\/\/www.paradis.lt\/wp-content\/uploads\/2023\/08\/CESAB_CE_H.jpg\" \/>\n\t<meta property=\"og:image:width\" content=\"1000\" \/>\n\t<meta property=\"og:image:height\" content=\"1000\" \/>\n\t<meta property=\"og:image:type\" content=\"image\/jpeg\" \/>\n<meta name=\"twitter:card\" content=\"summary_large_image\" \/>\n<meta name=\"twitter:label1\" content=\"Est. reading time\" \/>\n\t<meta name=\"twitter:data1\" content=\"1 minute\" \/>\n<script type=\"application\/ld+json\" class=\"yoast-schema-graph\">{\"@context\":\"https:\\\/\\\/schema.org\",\"@graph\":[{\"@type\":\"WebPage\",\"@id\":\"https:\\\/\\\/www.paradis.lt\\\/lv\\\/produktai\\\/ceh-auksto-kelimo-rankiniai-padeklu-krautuvai\\\/\",\"url\":\"https:\\\/\\\/www.paradis.lt\\\/lv\\\/produktai\\\/ceh-auksto-kelimo-rankiniai-padeklu-krautuvai\\\/\",\"name\":\"CE-H Auk\u0161to k\u0117limo rankiniai pad\u0117kl\u0173 krautuvai - UAB Paradis\",\"isPartOf\":{\"@id\":\"https:\\\/\\\/www.paradis.lt\\\/lv\\\/#website\"},\"primaryImageOfPage\":{\"@id\":\"https:\\\/\\\/www.paradis.lt\\\/lv\\\/produktai\\\/ceh-auksto-kelimo-rankiniai-padeklu-krautuvai\\\/#primaryimage\"},\"image\":{\"@id\":\"https:\\\/\\\/www.paradis.lt\\\/lv\\\/produktai\\\/ceh-auksto-kelimo-rankiniai-padeklu-krautuvai\\\/#primaryimage\"},\"thumbnailUrl\":\"https:\\\/\\\/www.paradis.lt\\\/wp-content\\\/uploads\\\/2023\\\/08\\\/CESAB_CE_H.jpg\",\"datePublished\":\"2023-08-07T12:29:03+00:00\",\"dateModified\":\"2023-11-17T13:30:00+00:00\",\"breadcrumb\":{\"@id\":\"https:\\\/\\\/www.paradis.lt\\\/lv\\\/produktai\\\/ceh-auksto-kelimo-rankiniai-padeklu-krautuvai\\\/#breadcrumb\"},\"inLanguage\":\"lv-LV\",\"potentialAction\":[{\"@type\":\"ReadAction\",\"target\":[\"https:\\\/\\\/www.paradis.lt\\\/lv\\\/produktai\\\/ceh-auksto-kelimo-rankiniai-padeklu-krautuvai\\\/\"]}]},{\"@type\":\"ImageObject\",\"inLanguage\":\"lv-LV\",\"@id\":\"https:\\\/\\\/www.paradis.lt\\\/lv\\\/produktai\\\/ceh-auksto-kelimo-rankiniai-padeklu-krautuvai\\\/#primaryimage\",\"url\":\"https:\\\/\\\/www.paradis.lt\\\/wp-content\\\/uploads\\\/2023\\\/08\\\/CESAB_CE_H.jpg\",\"contentUrl\":\"https:\\\/\\\/www.paradis.lt\\\/wp-content\\\/uploads\\\/2023\\\/08\\\/CESAB_CE_H.jpg\",\"width\":1000,\"height\":1000},{\"@type\":\"BreadcrumbList\",\"@id\":\"https:\\\/\\\/www.paradis.lt\\\/lv\\\/produktai\\\/ceh-auksto-kelimo-rankiniai-padeklu-krautuvai\\\/#breadcrumb\",\"itemListElement\":[{\"@type\":\"ListItem\",\"position\":1,\"name\":\"Produktai\",\"item\":\"https:\\\/\\\/www.paradis.lt\\\/lv\\\/produktai\\\/\"},{\"@type\":\"ListItem\",\"position\":2,\"name\":\"CE-H Auk\u0161to k\u0117limo rankiniai pad\u0117kl\u0173 krautuvai\"}]},{\"@type\":\"WebSite\",\"@id\":\"https:\\\/\\\/www.paradis.lt\\\/lv\\\/#website\",\"url\":\"https:\\\/\\\/www.paradis.lt\\\/lv\\\/\",\"name\":\"UAB Paradis\",\"description\":\"UAB Paradis\",\"potentialAction\":[{\"@type\":\"SearchAction\",\"target\":{\"@type\":\"EntryPoint\",\"urlTemplate\":\"https:\\\/\\\/www.paradis.lt\\\/lv\\\/?s={search_term_string}\"},\"query-input\":{\"@type\":\"PropertyValueSpecification\",\"valueRequired\":true,\"valueName\":\"search_term_string\"}}],\"inLanguage\":\"lv-LV\"}]}<\/script>\n<!-- \/ Yoast SEO plugin. -->","yoast_head_json":{"title":"CE-H Auk\u0161to k\u0117limo rankiniai pad\u0117kl\u0173 krautuvai - UAB Paradis","robots":{"index":"index","follow":"follow","max-snippet":"max-snippet:-1","max-image-preview":"max-image-preview:large","max-video-preview":"max-video-preview:-1"},"canonical":"https:\/\/www.paradis.lt\/lv\/produktai\/ceh-auksto-kelimo-rankiniai-padeklu-krautuvai\/","og_locale":"lv_LV","og_type":"article","og_title":"CE-H Auk\u0161to k\u0117limo rankiniai pad\u0117kl\u0173 krautuvai - UAB Paradis","og_description":"\u201eCESAB\u201c \u201eCE-H\u201c \u2013 itin ergonomi\u0161kas rankinis sprendimas j\u016bs\u0173 darbo aplinkai. Auk\u0161to k\u0117limo modelis gali pakelti \u0161akes iki 80 cm auk\u0161\u010dio saugiam ir patogiam darbui u\u017etikrinti.  Tai universalus ir paprastas naudoti krautuvas, puikiai tinkantis bet kokiai darbo aplinkai.  \u201eCE-H\u201c modeliai gali b\u016bti tiek su rankiniu, tiek su elektriniu pak\u0117limo mechanizmu, j\u016bs\u0173 u\u017eduo\u010di\u0173 atlikim\u0105 palengvinant dar labiau. Elektrin\u0117 versija turi prie\u017ei\u016bros nereikalaujan\u010di\u0105 baterij\u0105 ir jos \u012fkrovos lygio indikatori\u0173. Net ir jai i\u0161sikrovus, krautuv\u0105 galima pilnai naudoti rankiniu b\u016bdu.  Abu modeliai turi atraminius spaustukus priekiniuose voluose, kurie u\u017etikrina sunkve\u017eimio stabilum\u0105 bet kuriame auk\u0161tyje.","og_url":"https:\/\/www.paradis.lt\/lv\/produktai\/ceh-auksto-kelimo-rankiniai-padeklu-krautuvai\/","og_site_name":"UAB Paradis","article_modified_time":"2023-11-17T13:30:00+00:00","og_image":[{"width":1000,"height":1000,"url":"https:\/\/www.paradis.lt\/wp-content\/uploads\/2023\/08\/CESAB_CE_H.jpg","type":"image\/jpeg"}],"twitter_card":"summary_large_image","twitter_misc":{"Est. reading time":"1 minute"},"schema":{"@context":"https:\/\/schema.org","@graph":[{"@type":"WebPage","@id":"https:\/\/www.paradis.lt\/lv\/produktai\/ceh-auksto-kelimo-rankiniai-padeklu-krautuvai\/","url":"https:\/\/www.paradis.lt\/lv\/produktai\/ceh-auksto-kelimo-rankiniai-padeklu-krautuvai\/","name":"CE-H Auk\u0161to k\u0117limo rankiniai pad\u0117kl\u0173 krautuvai - UAB Paradis","isPartOf":{"@id":"https:\/\/www.paradis.lt\/lv\/#website"},"primaryImageOfPage":{"@id":"https:\/\/www.paradis.lt\/lv\/produktai\/ceh-auksto-kelimo-rankiniai-padeklu-krautuvai\/#primaryimage"},"image":{"@id":"https:\/\/www.paradis.lt\/lv\/produktai\/ceh-auksto-kelimo-rankiniai-padeklu-krautuvai\/#primaryimage"},"thumbnailUrl":"https:\/\/www.paradis.lt\/wp-content\/uploads\/2023\/08\/CESAB_CE_H.jpg","datePublished":"2023-08-07T12:29:03+00:00","dateModified":"2023-11-17T13:30:00+00:00","breadcrumb":{"@id":"https:\/\/www.paradis.lt\/lv\/produktai\/ceh-auksto-kelimo-rankiniai-padeklu-krautuvai\/#breadcrumb"},"inLanguage":"lv-LV","potentialAction":[{"@type":"ReadAction","target":["https:\/\/www.paradis.lt\/lv\/produktai\/ceh-auksto-kelimo-rankiniai-padeklu-krautuvai\/"]}]},{"@type":"ImageObject","inLanguage":"lv-LV","@id":"https:\/\/www.paradis.lt\/lv\/produktai\/ceh-auksto-kelimo-rankiniai-padeklu-krautuvai\/#primaryimage","url":"https:\/\/www.paradis.lt\/wp-content\/uploads\/2023\/08\/CESAB_CE_H.jpg","contentUrl":"https:\/\/www.paradis.lt\/wp-content\/uploads\/2023\/08\/CESAB_CE_H.jpg","width":1000,"height":1000},{"@type":"BreadcrumbList","@id":"https:\/\/www.paradis.lt\/lv\/produktai\/ceh-auksto-kelimo-rankiniai-padeklu-krautuvai\/#breadcrumb","itemListElement":[{"@type":"ListItem","position":1,"name":"Produktai","item":"https:\/\/www.paradis.lt\/lv\/produktai\/"},{"@type":"ListItem","position":2,"name":"CE-H Auk\u0161to k\u0117limo rankiniai pad\u0117kl\u0173 krautuvai"}]},{"@type":"WebSite","@id":"https:\/\/www.paradis.lt\/lv\/#website","url":"https:\/\/www.paradis.lt\/lv\/","name":"UAB Paradis","description":"UAB Paradis","potentialAction":[{"@type":"SearchAction","target":{"@type":"EntryPoint","urlTemplate":"https:\/\/www.paradis.lt\/lv\/?s={search_term_string}"},"query-input":{"@type":"PropertyValueSpecification","valueRequired":true,"valueName":"search_term_string"}}],"inLanguage":"lv-LV"}]}},"jetpack_sharing_enabled":true,"_links":{"self":[{"href":"https:\/\/www.paradis.lt\/lv\/wp-json\/wp\/v2\/product\/4064","targetHints":{"allow":["GET"]}}],"collection":[{"href":"https:\/\/www.paradis.lt\/lv\/wp-json\/wp\/v2\/product"}],"about":[{"href":"https:\/\/www.paradis.lt\/lv\/wp-json\/wp\/v2\/types\/product"}],"version-history":[{"count":4,"href":"https:\/\/www.paradis.lt\/lv\/wp-json\/wp\/v2\/product\/4064\/revisions"}],"predecessor-version":[{"id":7967,"href":"https:\/\/www.paradis.lt\/lv\/wp-json\/wp\/v2\/product\/4064\/revisions\/7967"}],"wp:featuredmedia":[{"embeddable":true,"href":"https:\/\/www.paradis.lt\/lv\/wp-json\/wp\/v2\/media\/5577"}],"wp:attachment":[{"href":"https:\/\/www.paradis.lt\/lv\/wp-json\/wp\/v2\/media?parent=4064"}],"wp:term":[{"taxonomy":"product_brand","embeddable":true,"href":"https:\/\/www.paradis.lt\/lv\/wp-json\/wp\/v2\/product_brand?post=4064"},{"taxonomy":"product_cat","embeddable":true,"href":"https:\/\/www.paradis.lt\/lv\/wp-json\/wp\/v2\/product_cat?post=4064"},{"taxonomy":"product_tag","embeddable":true,"href":"https:\/\/www.paradis.lt\/lv\/wp-json\/wp\/v2\/product_tag?post=4064"}],"curies":[{"name":"wp","href":"https:\/\/api.w.org\/{rel}","templated":true}]}}