{"id":10359,"date":"2024-01-19T08:17:06","date_gmt":"2024-01-19T08:17:06","guid":{"rendered":"https:\/\/www.paradis.lt\/?post_type=product&#038;p=10359"},"modified":"2024-01-26T07:09:47","modified_gmt":"2024-01-26T07:09:47","slug":"1-2-1-6t-cpd12-970","status":"publish","type":"product","link":"https:\/\/www.paradis.lt\/lv\/produktai\/1-2-1-6t-cpd12-970\/","title":{"rendered":"1.2-1.6T CPD12-970"},"content":{"rendered":"\t\t<div data-elementor-type=\"wp-post\" data-elementor-id=\"10359\" class=\"elementor elementor-10359\">\n\t\t\t\t\t\t<section class=\"elementor-section elementor-top-section elementor-element elementor-element-13a2e3b elementor-section-full_width elementor-section-height-default elementor-section-height-default\" data-id=\"13a2e3b\" data-element_type=\"section\" data-e-type=\"section\">\n\t\t\t\t\t\t<div class=\"elementor-container elementor-column-gap-default\">\n\t\t\t\t\t<div class=\"elementor-column elementor-col-100 elementor-top-column elementor-element elementor-element-e4a8145\" data-id=\"e4a8145\" data-element_type=\"column\" data-e-type=\"column\">\n\t\t\t<div class=\"elementor-widget-wrap elementor-element-populated\">\n\t\t\t\t\t\t<div class=\"elementor-element elementor-element-b52ace8 elementor-widget-divider--view-line elementor-widget elementor-widget-divider\" data-id=\"b52ace8\" data-element_type=\"widget\" data-e-type=\"widget\" data-widget_type=\"divider.default\">\n\t\t\t\t<div class=\"elementor-widget-container\">\n\t\t\t\t\t\t\t<div class=\"elementor-divider\">\n\t\t\t<span class=\"elementor-divider-separator\">\n\t\t\t\t\t\t<\/span>\n\t\t<\/div>\n\t\t\t\t\t\t<\/div>\n\t\t\t\t<\/div>\n\t\t\t\t<div class=\"elementor-element elementor-element-21b0eee elementor-widget elementor-widget-heading\" data-id=\"21b0eee\" data-element_type=\"widget\" data-e-type=\"widget\" data-widget_type=\"heading.default\">\n\t\t\t\t<div class=\"elementor-widget-container\">\n\t\t\t\t\t<h1 class=\"elementor-heading-title elementor-size-default\">1.2-1.6T CPD12-970<\/h1>\t\t\t\t<\/div>\n\t\t\t\t<\/div>\n\t\t\t\t\t<\/div>\n\t\t<\/div>\n\t\t\t\t\t<\/div>\n\t\t<\/section>\n\t\t\t\t<section class=\"elementor-section elementor-top-section elementor-element elementor-element-9131254 elementor-section-full_width elementor-section-height-default elementor-section-height-default\" data-id=\"9131254\" data-element_type=\"section\" data-e-type=\"section\">\n\t\t\t\t\t\t<div class=\"elementor-container elementor-column-gap-default\">\n\t\t\t\t\t<div class=\"elementor-column elementor-col-100 elementor-top-column elementor-element elementor-element-6c8eb45\" data-id=\"6c8eb45\" data-element_type=\"column\" data-e-type=\"column\">\n\t\t\t<div class=\"elementor-widget-wrap elementor-element-populated\">\n\t\t\t\t\t\t<div class=\"elementor-element elementor-element-e82ae71 elementor-widget elementor-widget-image\" data-id=\"e82ae71\" data-element_type=\"widget\" data-e-type=\"widget\" data-widget_type=\"image.default\">\n\t\t\t\t<div class=\"elementor-widget-container\">\n\t\t\t\t\t\t\t\t\t\t\t\t\t\t\t<img fetchpriority=\"high\" decoding=\"async\" width=\"2560\" height=\"1071\" src=\"https:\/\/www.paradis.lt\/wp-content\/uploads\/2024\/01\/CPD12-scaled.jpg\" class=\"attachment-full size-full wp-image-10368\" alt=\"\" srcset=\"https:\/\/www.paradis.lt\/wp-content\/uploads\/2024\/01\/CPD12-scaled.jpg 2560w, https:\/\/www.paradis.lt\/wp-content\/uploads\/2024\/01\/CPD12-700x293.jpg 700w, https:\/\/www.paradis.lt\/wp-content\/uploads\/2024\/01\/CPD12-1024x428.jpg 1024w, https:\/\/www.paradis.lt\/wp-content\/uploads\/2024\/01\/CPD12-768x321.jpg 768w, https:\/\/www.paradis.lt\/wp-content\/uploads\/2024\/01\/CPD12-1536x643.jpg 1536w, https:\/\/www.paradis.lt\/wp-content\/uploads\/2024\/01\/CPD12-2048x857.jpg 2048w, https:\/\/www.paradis.lt\/wp-content\/uploads\/2024\/01\/CPD12-900x376.jpg 900w\" sizes=\"(max-width: 2560px) 100vw, 2560px\" \/>\t\t\t\t\t\t\t\t\t\t\t\t\t\t\t<\/div>\n\t\t\t\t<\/div>\n\t\t\t\t<div class=\"elementor-element elementor-element-491f7a3 elementor-widget-divider--view-line elementor-widget elementor-widget-divider\" data-id=\"491f7a3\" data-element_type=\"widget\" data-e-type=\"widget\" data-widget_type=\"divider.default\">\n\t\t\t\t<div class=\"elementor-widget-container\">\n\t\t\t\t\t\t\t<div class=\"elementor-divider\">\n\t\t\t<span class=\"elementor-divider-separator\">\n\t\t\t\t\t\t<\/span>\n\t\t<\/div>\n\t\t\t\t\t\t<\/div>\n\t\t\t\t<\/div>\n\t\t\t\t\t<\/div>\n\t\t<\/div>\n\t\t\t\t\t<\/div>\n\t\t<\/section>\n\t\t\t\t<section class=\"elementor-section elementor-top-section elementor-element elementor-element-25224df elementor-section-full_width elementor-section-height-default elementor-section-height-default\" data-id=\"25224df\" data-element_type=\"section\" data-e-type=\"section\">\n\t\t\t\t\t\t<div class=\"elementor-container elementor-column-gap-default\">\n\t\t\t\t\t<div class=\"elementor-column elementor-col-50 elementor-top-column elementor-element elementor-element-4c95aa9\" data-id=\"4c95aa9\" data-element_type=\"column\" data-e-type=\"column\">\n\t\t\t<div class=\"elementor-widget-wrap elementor-element-populated\">\n\t\t\t\t\t\t<div class=\"elementor-element elementor-element-e04ea51 elementor-widget elementor-widget-image\" data-id=\"e04ea51\" data-element_type=\"widget\" data-e-type=\"widget\" data-widget_type=\"image.default\">\n\t\t\t\t<div class=\"elementor-widget-container\">\n\t\t\t\t\t\t\t\t\t\t\t\t\t\t\t<img decoding=\"async\" width=\"1000\" height=\"1000\" src=\"https:\/\/www.paradis.lt\/wp-content\/uploads\/2024\/01\/CPD_12_2.jpg\" class=\"attachment-full size-full wp-image-10371\" alt=\"\" srcset=\"https:\/\/www.paradis.lt\/wp-content\/uploads\/2024\/01\/CPD_12_2.jpg 1000w, https:\/\/www.paradis.lt\/wp-content\/uploads\/2024\/01\/CPD_12_2-700x700.jpg 700w, https:\/\/www.paradis.lt\/wp-content\/uploads\/2024\/01\/CPD_12_2-500x500.jpg 500w, https:\/\/www.paradis.lt\/wp-content\/uploads\/2024\/01\/CPD_12_2-768x768.jpg 768w, https:\/\/www.paradis.lt\/wp-content\/uploads\/2024\/01\/CPD_12_2-900x900.jpg 900w, https:\/\/www.paradis.lt\/wp-content\/uploads\/2024\/01\/CPD_12_2-100x100.jpg 100w\" sizes=\"(max-width: 1000px) 100vw, 1000px\" \/>\t\t\t\t\t\t\t\t\t\t\t\t\t\t\t<\/div>\n\t\t\t\t<\/div>\n\t\t\t\t\t<\/div>\n\t\t<\/div>\n\t\t\t\t<div class=\"elementor-column elementor-col-50 elementor-top-column elementor-element elementor-element-6c9ba78\" data-id=\"6c9ba78\" data-element_type=\"column\" data-e-type=\"column\">\n\t\t\t<div class=\"elementor-widget-wrap elementor-element-populated\">\n\t\t\t\t\t\t<div class=\"elementor-element elementor-element-6366a74 elementor-widget elementor-widget-text-editor\" data-id=\"6366a74\" data-element_type=\"widget\" data-e-type=\"widget\" data-widget_type=\"text-editor.default\">\n\t\t\t\t<div class=\"elementor-widget-container\">\n\t\t\t\t\t\t\t\t\t<p><strong>Konfig\u016bracija ir na\u0161umas<br \/><\/strong><br \/>Elektronin\u0117 vairo stiprintuvo sistema, ma\u017eas triuk\u0161mas; Dviej\u0173 kryp\u010di\u0173 magnetin\u0117 vert\u0117, trij\u0173 kritimo grei\u010di\u0173 re\u017eimas; Kintamosios srov\u0117s vairavimo sistema, be anglies pluo\u0161to \u0161epet\u0117lio, nereikalaujantis prie\u017ei\u016bros; JAV Curtis vairavimo valdiklis; Elektromagnetin\u0117, regeneracin\u0117 stabd\u017ei\u0173 sistema.<\/p><p><strong>Saugumas<\/strong><\/p><p>Automatiniai l\u0117t\u0117jimo \u012ftaisai, saugesni; Transporto priemon\u0117 automati\u0161kai l\u0117t\u0117ja auk\u0161tesn\u0117je pad\u0117tyje; Bepakop\u0117 grei\u010dio valdymo sistema, saugi ir tyli; Valdiklis su keliomis automatin\u0117mis apsaugos priemon\u0117mis; Avarinis atbulin\u0117s eigos \u012ftaisas \/ Avarinio stabdymo jungiklis; Auk\u0161tos pad\u0117ties automatinis ma\u017einimo \u012ftaisas.<\/p>\t\t\t\t\t\t\t\t<\/div>\n\t\t\t\t<\/div>\n\t\t\t\t\t<\/div>\n\t\t<\/div>\n\t\t\t\t\t<\/div>\n\t\t<\/section>\n\t\t\t\t<section class=\"elementor-section elementor-top-section elementor-element elementor-element-c6cbe51 elementor-section-boxed elementor-section-height-default elementor-section-height-default\" data-id=\"c6cbe51\" data-element_type=\"section\" data-e-type=\"section\">\n\t\t\t\t\t\t<div class=\"elementor-container elementor-column-gap-default\">\n\t\t\t\t\t<div class=\"elementor-column elementor-col-100 elementor-top-column elementor-element elementor-element-7fc1d49\" data-id=\"7fc1d49\" data-element_type=\"column\" data-e-type=\"column\">\n\t\t\t<div class=\"elementor-widget-wrap elementor-element-populated\">\n\t\t\t\t\t\t<div class=\"elementor-element elementor-element-f51aa54 elementor-widget-divider--view-line elementor-widget elementor-widget-divider\" data-id=\"f51aa54\" data-element_type=\"widget\" data-e-type=\"widget\" data-widget_type=\"divider.default\">\n\t\t\t\t<div class=\"elementor-widget-container\">\n\t\t\t\t\t\t\t<div class=\"elementor-divider\">\n\t\t\t<span class=\"elementor-divider-separator\">\n\t\t\t\t\t\t<\/span>\n\t\t<\/div>\n\t\t\t\t\t\t<\/div>\n\t\t\t\t<\/div>\n\t\t\t\t\t<\/div>\n\t\t<\/div>\n\t\t\t\t\t<\/div>\n\t\t<\/section>\n\t\t\t\t<section class=\"elementor-section elementor-top-section elementor-element elementor-element-085333b elementor-section-stretched elementor-section-boxed elementor-section-height-default elementor-section-height-default\" data-id=\"085333b\" data-element_type=\"section\" data-e-type=\"section\" data-settings=\"{&quot;stretch_section&quot;:&quot;section-stretched&quot;,&quot;background_background&quot;:&quot;classic&quot;}\">\n\t\t\t\t\t\t<div class=\"elementor-container elementor-column-gap-default\">\n\t\t\t\t\t<div class=\"elementor-column elementor-col-100 elementor-top-column elementor-element elementor-element-0ac21b2\" data-id=\"0ac21b2\" data-element_type=\"column\" data-e-type=\"column\">\n\t\t\t<div class=\"elementor-widget-wrap elementor-element-populated\">\n\t\t\t\t\t\t<div class=\"elementor-element elementor-element-3042b66 elementor-widget elementor-widget-heading\" data-id=\"3042b66\" data-element_type=\"widget\" data-e-type=\"widget\" data-widget_type=\"heading.default\">\n\t\t\t\t<div class=\"elementor-widget-container\">\n\t\t\t\t\t<h2 class=\"elementor-heading-title elementor-size-default\">Technin\u0117s specifikacijos<\/h2>\t\t\t\t<\/div>\n\t\t\t\t<\/div>\n\t\t\t\t<div class=\"elementor-element elementor-element-0067b73 elementor-widget elementor-widget-text-editor\" data-id=\"0067b73\" data-element_type=\"widget\" data-e-type=\"widget\" data-widget_type=\"text-editor.default\">\n\t\t\t\t<div class=\"elementor-widget-container\">\n\t\t\t\t\t\t\t\t\t<table class=\"datalist\" width=\"100%\" cellspacing=\"0\" cellpadding=\"0\">\n<tbody>\n<tr class=\"firstRow\">\n<td><strong>Modelis<\/strong><\/td>\n<td><strong>vnt<\/strong><\/td>\n<td><strong>CDD12<\/strong><\/td>\n<td><strong>CDD12<\/strong><\/td>\n<td><strong>CDD16<\/strong><\/td>\n<td><strong>CDD16<\/strong><\/td>\n<\/tr>\n<tr>\n<td>Konfig\u016bracijos nr<\/td>\n<td><\/td>\n<td>970<\/td>\n<td>910<\/td>\n<td>D970<\/td>\n<td>970<\/td>\n<\/tr>\n<tr>\n<td>Tipas<\/td>\n<td><\/td>\n<td>Atsvaros tipo<\/td>\n<\/tr>\n<tr>\n<td>Stiebo tipas<\/td>\n<td><\/td>\n<td>Standartinis 2 lygi\u0173<\/td>\n<td>Pilnas laisvo tipo 2 lygi\u0173<\/td>\n<td>Standartinis 2 lygi\u0173<\/td>\n<td>Pilnas laisvo tipo 3 lygi\u0173<\/td>\n<\/tr>\n<tr>\n<td>Valdymas<\/td>\n<td><\/td>\n<td colspan=\"4\">Vaik\u0161tant \/ su stov\u0117jimo platforma<\/td>\n<\/tr>\n<tr>\n<td>Keliamoji galia<\/td>\n<td>kg<\/td>\n<td>1200<\/td>\n<td>1200<\/td>\n<td>1600<\/td>\n<td>1600<\/td>\n<\/tr>\n<tr>\n<td>Apkrovos centras<\/td>\n<td>mm<\/td>\n<td>500<\/td>\n<td>500<\/td>\n<td>500<\/td>\n<td>500<\/td>\n<\/tr>\n<tr>\n<td>Standartinis k\u0117limo auk\u0161tis<\/td>\n<td>mm<\/td>\n<td>1400\/2000\/2500\/3000\/3300\/3600<\/td>\n<td>2500\/3000\/3300<\/td>\n<td>1400\/2000\/2500\/3000\/3300\/3600\/4000<\/td>\n<td>3700\/3900\/4200\/4500<\/td>\n<\/tr>\n<tr>\n<td>\u0160aki\u0173 i\u0161matavimai (ilgis\/plotis\/storis)<\/td>\n<td>mm<\/td>\n<td>1070\/100\/40<\/td>\n<td>1070\/100\/40<\/td>\n<td>1070\/100\/40<\/td>\n<td>1070\/100\/40<\/td>\n<\/tr>\n<tr>\n<td>Bendras ilgis<\/td>\n<td>mm<\/td>\n<td>2502\/3012<\/td>\n<td>2502\/3012<\/td>\n<td>2942\/3362<\/td>\n<td>2942\/3362<\/td>\n<\/tr>\n<tr>\n<td>Bendras plotis<\/td>\n<td>mm<\/td>\n<td>1015<\/td>\n<td>1015<\/td>\n<td>1015<\/td>\n<td>1015<\/td>\n<\/tr>\n<tr>\n<td>Jud\u0117jimo variklis<\/td>\n<td>KW<\/td>\n<td>AC1.5<\/td>\n<td>AC1.5<\/td>\n<td>AC1.5<\/td>\n<td>AC1.5<\/td>\n<\/tr>\n<tr>\n<td>K\u0117limo variklis<\/td>\n<td>KW<\/td>\n<td>DC3<\/td>\n<td>DC3<\/td>\n<td>DC3<\/td>\n<td>DC3<\/td>\n<\/tr>\n<tr>\n<td>Valdymo variklis<\/td>\n<td>KW<\/td>\n<td>DC0.15<\/td>\n<td>DC0.15<\/td>\n<td>DC0.15<\/td>\n<td>DC0.15<\/td>\n<\/tr>\n<tr>\n<td>Valdiklis<\/td>\n<td><\/td>\n<td>CURTIS<\/td>\n<td>CURTIS<\/td>\n<td>CURTIS<\/td>\n<td>CURTIS<\/td>\n<\/tr>\n<tr>\n<td>Baterija (\u012ftampa\/talpa)<\/td>\n<td>V\/Ah<\/td>\n<td>24\/270<\/td>\n<td>24\/270<\/td>\n<td>24\/270<\/td>\n<td>24\/270<\/td>\n<\/tr>\n<\/tbody>\n<\/table>\t\t\t\t\t\t\t\t<\/div>\n\t\t\t\t<\/div>\n\t\t\t\t\t<\/div>\n\t\t<\/div>\n\t\t\t\t\t<\/div>\n\t\t<\/section>\n\t\t\t\t<section class=\"elementor-section elementor-top-section elementor-element elementor-element-23fc0d4 elementor-section-boxed elementor-section-height-default elementor-section-height-default\" data-id=\"23fc0d4\" data-element_type=\"section\" data-e-type=\"section\">\n\t\t\t\t\t\t<div class=\"elementor-container elementor-column-gap-default\">\n\t\t\t\t\t<div class=\"elementor-column elementor-col-100 elementor-top-column elementor-element elementor-element-ec80170\" data-id=\"ec80170\" data-element_type=\"column\" data-e-type=\"column\">\n\t\t\t<div class=\"elementor-widget-wrap elementor-element-populated\">\n\t\t\t\t\t\t<div class=\"elementor-element elementor-element-6e72c34 elementor-widget-divider--view-line elementor-widget elementor-widget-divider\" data-id=\"6e72c34\" data-element_type=\"widget\" data-e-type=\"widget\" data-widget_type=\"divider.default\">\n\t\t\t\t<div class=\"elementor-widget-container\">\n\t\t\t\t\t\t\t<div class=\"elementor-divider\">\n\t\t\t<span class=\"elementor-divider-separator\">\n\t\t\t\t\t\t<\/span>\n\t\t<\/div>\n\t\t\t\t\t\t<\/div>\n\t\t\t\t<\/div>\n\t\t\t\t\t<\/div>\n\t\t<\/div>\n\t\t\t\t\t<\/div>\n\t\t<\/section>\n\t\t\t\t<\/div>\n\t\t","protected":false},"excerpt":{"rendered":"<p>1.2-1.6T CPD12-970 Konfig\u016bracija ir na\u0161umas Elektronin\u0117 vairo stiprintuvo sistema, ma\u017eas triuk\u0161mas; Dviej\u0173 kryp\u010di\u0173 magnetin\u0117 vert\u0117, trij\u0173 kritimo grei\u010di\u0173 re\u017eimas; Kintamosios [&hellip;]<\/p>\n","protected":false},"featured_media":10559,"template":"","meta":{"inline_featured_image":false,"site-sidebar-layout":"no-sidebar","site-content-layout":"","ast-site-content-layout":"full-width-container","site-content-style":"default","site-sidebar-style":"default","ast-global-header-display":"","ast-banner-title-visibility":"","ast-main-header-display":"","ast-hfb-above-header-display":"","ast-hfb-below-header-display":"","ast-hfb-mobile-header-display":"","site-post-title":"disabled","ast-breadcrumbs-content":"","ast-featured-img":"disabled","footer-sml-layout":"","theme-transparent-header-meta":"default","adv-header-id-meta":"","stick-header-meta":"","header-above-stick-meta":"","header-main-stick-meta":"","header-below-stick-meta":"","astra-migrate-meta-layouts":"set","ast-page-background-enabled":"default","ast-page-background-meta":{"desktop":{"background-color":"var(--ast-global-color-4)","background-image":"","background-repeat":"repeat","background-position":"center center","background-size":"auto","background-attachment":"scroll","background-type":"","background-media":"","overlay-type":"","overlay-color":"","overlay-gradient":""},"tablet":{"background-color":"","background-image":"","background-repeat":"repeat","background-position":"center center","background-size":"auto","background-attachment":"scroll","background-type":"","background-media":"","overlay-type":"","overlay-color":"","overlay-gradient":""},"mobile":{"background-color":"","background-image":"","background-repeat":"repeat","background-position":"center center","background-size":"auto","background-attachment":"scroll","background-type":"","background-media":"","overlay-type":"","overlay-color":"","overlay-gradient":""}},"ast-content-background-meta":{"desktop":{"background-color":"var(--ast-global-color-5)","background-image":"","background-repeat":"repeat","background-position":"center center","background-size":"auto","background-attachment":"scroll","background-type":"","background-media":"","overlay-type":"","overlay-color":"","overlay-gradient":""},"tablet":{"background-color":"var(--ast-global-color-5)","background-image":"","background-repeat":"repeat","background-position":"center center","background-size":"auto","background-attachment":"scroll","background-type":"","background-media":"","overlay-type":"","overlay-color":"","overlay-gradient":""},"mobile":{"background-color":"var(--ast-global-color-5)","background-image":"","background-repeat":"repeat","background-position":"center center","background-size":"auto","background-attachment":"scroll","background-type":"","background-media":"","overlay-type":"","overlay-color":"","overlay-gradient":""}}},"product_brand":[],"product_cat":[230,247,41],"product_tag":[],"class_list":{"0":"post-10359","1":"product","2":"type-product","3":"status-publish","4":"has-post-thumbnail","6":"product_cat-heli","7":"product_cat-heli-rietuvai","8":"product_cat-krautuvai","9":"pa_darbo-aplinka-viduje","10":"pa_kelimo-aukstis-265","11":"pa_krovinio-svoris-253","12":"pa_maitinimo-saltinis-elektrinis","13":"desktop-align-left","14":"tablet-align-left","15":"mobile-align-left","17":"first","18":"instock","19":"shipping-taxable","20":"product-type-simple"},"yoast_head":"<!-- This site is optimized with the Yoast SEO plugin v27.3 - https:\/\/yoast.com\/product\/yoast-seo-wordpress\/ -->\n<title>1.2-1.6T CPD12-970 - UAB Paradis<\/title>\n<meta name=\"robots\" content=\"index, follow, max-snippet:-1, max-image-preview:large, max-video-preview:-1\" \/>\n<link rel=\"canonical\" href=\"https:\/\/www.paradis.lt\/lv\/produktai\/1-2-1-6t-cpd12-970\/\" \/>\n<meta property=\"og:locale\" content=\"lv_LV\" \/>\n<meta property=\"og:type\" content=\"article\" \/>\n<meta property=\"og:title\" content=\"1.2-1.6T CPD12-970 - UAB Paradis\" \/>\n<meta property=\"og:description\" content=\"1.2-1.6T CPD12-970 Konfig\u016bracija ir na\u0161umas Elektronin\u0117 vairo stiprintuvo sistema, ma\u017eas triuk\u0161mas; Dviej\u0173 kryp\u010di\u0173 magnetin\u0117 vert\u0117, trij\u0173 kritimo grei\u010di\u0173 re\u017eimas; Kintamosios [&hellip;]\" \/>\n<meta property=\"og:url\" content=\"https:\/\/www.paradis.lt\/lv\/produktai\/1-2-1-6t-cpd12-970\/\" \/>\n<meta property=\"og:site_name\" content=\"UAB Paradis\" \/>\n<meta property=\"article:modified_time\" content=\"2024-01-26T07:09:47+00:00\" \/>\n<meta property=\"og:image\" content=\"https:\/\/www.paradis.lt\/wp-content\/uploads\/2024\/01\/CPD12-700x700-2.png\" \/>\n\t<meta property=\"og:image:width\" content=\"700\" \/>\n\t<meta property=\"og:image:height\" content=\"700\" \/>\n\t<meta property=\"og:image:type\" content=\"image\/png\" \/>\n<meta name=\"twitter:card\" content=\"summary_large_image\" \/>\n<meta name=\"twitter:label1\" content=\"Est. reading time\" \/>\n\t<meta name=\"twitter:data1\" content=\"2 minutes\" \/>\n<script type=\"application\/ld+json\" class=\"yoast-schema-graph\">{\"@context\":\"https:\\\/\\\/schema.org\",\"@graph\":[{\"@type\":\"WebPage\",\"@id\":\"https:\\\/\\\/www.paradis.lt\\\/lv\\\/produktai\\\/1-2-1-6t-cpd12-970\\\/\",\"url\":\"https:\\\/\\\/www.paradis.lt\\\/lv\\\/produktai\\\/1-2-1-6t-cpd12-970\\\/\",\"name\":\"1.2-1.6T CPD12-970 - UAB Paradis\",\"isPartOf\":{\"@id\":\"https:\\\/\\\/www.paradis.lt\\\/lv\\\/#website\"},\"primaryImageOfPage\":{\"@id\":\"https:\\\/\\\/www.paradis.lt\\\/lv\\\/produktai\\\/1-2-1-6t-cpd12-970\\\/#primaryimage\"},\"image\":{\"@id\":\"https:\\\/\\\/www.paradis.lt\\\/lv\\\/produktai\\\/1-2-1-6t-cpd12-970\\\/#primaryimage\"},\"thumbnailUrl\":\"https:\\\/\\\/www.paradis.lt\\\/wp-content\\\/uploads\\\/2024\\\/01\\\/CPD12-700x700-2.png\",\"datePublished\":\"2024-01-19T08:17:06+00:00\",\"dateModified\":\"2024-01-26T07:09:47+00:00\",\"breadcrumb\":{\"@id\":\"https:\\\/\\\/www.paradis.lt\\\/lv\\\/produktai\\\/1-2-1-6t-cpd12-970\\\/#breadcrumb\"},\"inLanguage\":\"lv-LV\",\"potentialAction\":[{\"@type\":\"ReadAction\",\"target\":[\"https:\\\/\\\/www.paradis.lt\\\/lv\\\/produktai\\\/1-2-1-6t-cpd12-970\\\/\"]}]},{\"@type\":\"ImageObject\",\"inLanguage\":\"lv-LV\",\"@id\":\"https:\\\/\\\/www.paradis.lt\\\/lv\\\/produktai\\\/1-2-1-6t-cpd12-970\\\/#primaryimage\",\"url\":\"https:\\\/\\\/www.paradis.lt\\\/wp-content\\\/uploads\\\/2024\\\/01\\\/CPD12-700x700-2.png\",\"contentUrl\":\"https:\\\/\\\/www.paradis.lt\\\/wp-content\\\/uploads\\\/2024\\\/01\\\/CPD12-700x700-2.png\",\"width\":700,\"height\":700},{\"@type\":\"BreadcrumbList\",\"@id\":\"https:\\\/\\\/www.paradis.lt\\\/lv\\\/produktai\\\/1-2-1-6t-cpd12-970\\\/#breadcrumb\",\"itemListElement\":[{\"@type\":\"ListItem\",\"position\":1,\"name\":\"Produktai\",\"item\":\"https:\\\/\\\/www.paradis.lt\\\/lv\\\/produktai\\\/\"},{\"@type\":\"ListItem\",\"position\":2,\"name\":\"1.2-1.6T CPD12-970\"}]},{\"@type\":\"WebSite\",\"@id\":\"https:\\\/\\\/www.paradis.lt\\\/lv\\\/#website\",\"url\":\"https:\\\/\\\/www.paradis.lt\\\/lv\\\/\",\"name\":\"UAB Paradis\",\"description\":\"UAB Paradis\",\"potentialAction\":[{\"@type\":\"SearchAction\",\"target\":{\"@type\":\"EntryPoint\",\"urlTemplate\":\"https:\\\/\\\/www.paradis.lt\\\/lv\\\/?s={search_term_string}\"},\"query-input\":{\"@type\":\"PropertyValueSpecification\",\"valueRequired\":true,\"valueName\":\"search_term_string\"}}],\"inLanguage\":\"lv-LV\"}]}<\/script>\n<!-- \/ Yoast SEO plugin. -->","yoast_head_json":{"title":"1.2-1.6T CPD12-970 - UAB Paradis","robots":{"index":"index","follow":"follow","max-snippet":"max-snippet:-1","max-image-preview":"max-image-preview:large","max-video-preview":"max-video-preview:-1"},"canonical":"https:\/\/www.paradis.lt\/lv\/produktai\/1-2-1-6t-cpd12-970\/","og_locale":"lv_LV","og_type":"article","og_title":"1.2-1.6T CPD12-970 - UAB Paradis","og_description":"1.2-1.6T CPD12-970 Konfig\u016bracija ir na\u0161umas Elektronin\u0117 vairo stiprintuvo sistema, ma\u017eas triuk\u0161mas; Dviej\u0173 kryp\u010di\u0173 magnetin\u0117 vert\u0117, trij\u0173 kritimo grei\u010di\u0173 re\u017eimas; Kintamosios [&hellip;]","og_url":"https:\/\/www.paradis.lt\/lv\/produktai\/1-2-1-6t-cpd12-970\/","og_site_name":"UAB Paradis","article_modified_time":"2024-01-26T07:09:47+00:00","og_image":[{"width":700,"height":700,"url":"https:\/\/www.paradis.lt\/wp-content\/uploads\/2024\/01\/CPD12-700x700-2.png","type":"image\/png"}],"twitter_card":"summary_large_image","twitter_misc":{"Est. reading time":"2 minutes"},"schema":{"@context":"https:\/\/schema.org","@graph":[{"@type":"WebPage","@id":"https:\/\/www.paradis.lt\/lv\/produktai\/1-2-1-6t-cpd12-970\/","url":"https:\/\/www.paradis.lt\/lv\/produktai\/1-2-1-6t-cpd12-970\/","name":"1.2-1.6T CPD12-970 - UAB Paradis","isPartOf":{"@id":"https:\/\/www.paradis.lt\/lv\/#website"},"primaryImageOfPage":{"@id":"https:\/\/www.paradis.lt\/lv\/produktai\/1-2-1-6t-cpd12-970\/#primaryimage"},"image":{"@id":"https:\/\/www.paradis.lt\/lv\/produktai\/1-2-1-6t-cpd12-970\/#primaryimage"},"thumbnailUrl":"https:\/\/www.paradis.lt\/wp-content\/uploads\/2024\/01\/CPD12-700x700-2.png","datePublished":"2024-01-19T08:17:06+00:00","dateModified":"2024-01-26T07:09:47+00:00","breadcrumb":{"@id":"https:\/\/www.paradis.lt\/lv\/produktai\/1-2-1-6t-cpd12-970\/#breadcrumb"},"inLanguage":"lv-LV","potentialAction":[{"@type":"ReadAction","target":["https:\/\/www.paradis.lt\/lv\/produktai\/1-2-1-6t-cpd12-970\/"]}]},{"@type":"ImageObject","inLanguage":"lv-LV","@id":"https:\/\/www.paradis.lt\/lv\/produktai\/1-2-1-6t-cpd12-970\/#primaryimage","url":"https:\/\/www.paradis.lt\/wp-content\/uploads\/2024\/01\/CPD12-700x700-2.png","contentUrl":"https:\/\/www.paradis.lt\/wp-content\/uploads\/2024\/01\/CPD12-700x700-2.png","width":700,"height":700},{"@type":"BreadcrumbList","@id":"https:\/\/www.paradis.lt\/lv\/produktai\/1-2-1-6t-cpd12-970\/#breadcrumb","itemListElement":[{"@type":"ListItem","position":1,"name":"Produktai","item":"https:\/\/www.paradis.lt\/lv\/produktai\/"},{"@type":"ListItem","position":2,"name":"1.2-1.6T CPD12-970"}]},{"@type":"WebSite","@id":"https:\/\/www.paradis.lt\/lv\/#website","url":"https:\/\/www.paradis.lt\/lv\/","name":"UAB Paradis","description":"UAB Paradis","potentialAction":[{"@type":"SearchAction","target":{"@type":"EntryPoint","urlTemplate":"https:\/\/www.paradis.lt\/lv\/?s={search_term_string}"},"query-input":{"@type":"PropertyValueSpecification","valueRequired":true,"valueName":"search_term_string"}}],"inLanguage":"lv-LV"}]}},"jetpack_sharing_enabled":true,"_links":{"self":[{"href":"https:\/\/www.paradis.lt\/lv\/wp-json\/wp\/v2\/product\/10359","targetHints":{"allow":["GET"]}}],"collection":[{"href":"https:\/\/www.paradis.lt\/lv\/wp-json\/wp\/v2\/product"}],"about":[{"href":"https:\/\/www.paradis.lt\/lv\/wp-json\/wp\/v2\/types\/product"}],"version-history":[{"count":11,"href":"https:\/\/www.paradis.lt\/lv\/wp-json\/wp\/v2\/product\/10359\/revisions"}],"predecessor-version":[{"id":10556,"href":"https:\/\/www.paradis.lt\/lv\/wp-json\/wp\/v2\/product\/10359\/revisions\/10556"}],"wp:featuredmedia":[{"embeddable":true,"href":"https:\/\/www.paradis.lt\/lv\/wp-json\/wp\/v2\/media\/10559"}],"wp:attachment":[{"href":"https:\/\/www.paradis.lt\/lv\/wp-json\/wp\/v2\/media?parent=10359"}],"wp:term":[{"taxonomy":"product_brand","embeddable":true,"href":"https:\/\/www.paradis.lt\/lv\/wp-json\/wp\/v2\/product_brand?post=10359"},{"taxonomy":"product_cat","embeddable":true,"href":"https:\/\/www.paradis.lt\/lv\/wp-json\/wp\/v2\/product_cat?post=10359"},{"taxonomy":"product_tag","embeddable":true,"href":"https:\/\/www.paradis.lt\/lv\/wp-json\/wp\/v2\/product_tag?post=10359"}],"curies":[{"name":"wp","href":"https:\/\/api.w.org\/{rel}","templated":true}]}}