{"id":10131,"date":"2024-01-17T13:01:42","date_gmt":"2024-01-17T13:01:42","guid":{"rendered":"https:\/\/www.paradis.lt\/?post_type=product&#038;p=10131"},"modified":"2024-01-17T13:28:06","modified_gmt":"2024-01-17T13:28:06","slug":"1-2-1-5t-cqdm15-810","status":"publish","type":"product","link":"https:\/\/www.paradis.lt\/lv\/produktai\/1-2-1-5t-cqdm15-810\/","title":{"rendered":"1.2-1.5T CQDM15-810"},"content":{"rendered":"\t\t<div data-elementor-type=\"wp-post\" data-elementor-id=\"10131\" class=\"elementor elementor-10131\">\n\t\t\t\t\t\t<section class=\"elementor-section elementor-top-section elementor-element elementor-element-13a2e3b elementor-section-full_width elementor-section-height-default elementor-section-height-default\" data-id=\"13a2e3b\" data-element_type=\"section\" data-e-type=\"section\">\n\t\t\t\t\t\t<div class=\"elementor-container elementor-column-gap-default\">\n\t\t\t\t\t<div class=\"elementor-column elementor-col-100 elementor-top-column elementor-element elementor-element-e4a8145\" data-id=\"e4a8145\" data-element_type=\"column\" data-e-type=\"column\">\n\t\t\t<div class=\"elementor-widget-wrap elementor-element-populated\">\n\t\t\t\t\t\t<div class=\"elementor-element elementor-element-b52ace8 elementor-widget-divider--view-line elementor-widget elementor-widget-divider\" data-id=\"b52ace8\" data-element_type=\"widget\" data-e-type=\"widget\" data-widget_type=\"divider.default\">\n\t\t\t\t<div class=\"elementor-widget-container\">\n\t\t\t\t\t\t\t<div class=\"elementor-divider\">\n\t\t\t<span class=\"elementor-divider-separator\">\n\t\t\t\t\t\t<\/span>\n\t\t<\/div>\n\t\t\t\t\t\t<\/div>\n\t\t\t\t<\/div>\n\t\t\t\t<div class=\"elementor-element elementor-element-21b0eee elementor-widget elementor-widget-heading\" data-id=\"21b0eee\" data-element_type=\"widget\" data-e-type=\"widget\" data-widget_type=\"heading.default\">\n\t\t\t\t<div class=\"elementor-widget-container\">\n\t\t\t\t\t<h1 class=\"elementor-heading-title elementor-size-default\">1.2-1.5T CQDM15-810<\/h1>\t\t\t\t<\/div>\n\t\t\t\t<\/div>\n\t\t\t\t\t<\/div>\n\t\t<\/div>\n\t\t\t\t\t<\/div>\n\t\t<\/section>\n\t\t\t\t<section class=\"elementor-section elementor-top-section elementor-element elementor-element-9131254 elementor-section-full_width elementor-section-height-default elementor-section-height-default\" data-id=\"9131254\" data-element_type=\"section\" data-e-type=\"section\">\n\t\t\t\t\t\t<div class=\"elementor-container elementor-column-gap-default\">\n\t\t\t\t\t<div class=\"elementor-column elementor-col-100 elementor-top-column elementor-element elementor-element-6c8eb45\" data-id=\"6c8eb45\" data-element_type=\"column\" data-e-type=\"column\">\n\t\t\t<div class=\"elementor-widget-wrap elementor-element-populated\">\n\t\t\t\t\t\t<div class=\"elementor-element elementor-element-e82ae71 elementor-widget elementor-widget-image\" data-id=\"e82ae71\" data-element_type=\"widget\" data-e-type=\"widget\" data-widget_type=\"image.default\">\n\t\t\t\t<div class=\"elementor-widget-container\">\n\t\t\t\t\t\t\t\t\t\t\t\t\t\t\t<img fetchpriority=\"high\" decoding=\"async\" width=\"1920\" height=\"840\" src=\"https:\/\/www.paradis.lt\/wp-content\/uploads\/2024\/01\/1.2_1.5T-CQDM15-810.jpg\" class=\"attachment-full size-full wp-image-10138\" alt=\"\" srcset=\"https:\/\/www.paradis.lt\/wp-content\/uploads\/2024\/01\/1.2_1.5T-CQDM15-810.jpg 1920w, https:\/\/www.paradis.lt\/wp-content\/uploads\/2024\/01\/1.2_1.5T-CQDM15-810-700x306.jpg 700w, https:\/\/www.paradis.lt\/wp-content\/uploads\/2024\/01\/1.2_1.5T-CQDM15-810-1024x448.jpg 1024w, https:\/\/www.paradis.lt\/wp-content\/uploads\/2024\/01\/1.2_1.5T-CQDM15-810-768x336.jpg 768w, https:\/\/www.paradis.lt\/wp-content\/uploads\/2024\/01\/1.2_1.5T-CQDM15-810-1536x672.jpg 1536w, https:\/\/www.paradis.lt\/wp-content\/uploads\/2024\/01\/1.2_1.5T-CQDM15-810-900x394.jpg 900w\" sizes=\"(max-width: 1920px) 100vw, 1920px\" \/>\t\t\t\t\t\t\t\t\t\t\t\t\t\t\t<\/div>\n\t\t\t\t<\/div>\n\t\t\t\t<div class=\"elementor-element elementor-element-491f7a3 elementor-widget-divider--view-line elementor-widget elementor-widget-divider\" data-id=\"491f7a3\" data-element_type=\"widget\" data-e-type=\"widget\" data-widget_type=\"divider.default\">\n\t\t\t\t<div class=\"elementor-widget-container\">\n\t\t\t\t\t\t\t<div class=\"elementor-divider\">\n\t\t\t<span class=\"elementor-divider-separator\">\n\t\t\t\t\t\t<\/span>\n\t\t<\/div>\n\t\t\t\t\t\t<\/div>\n\t\t\t\t<\/div>\n\t\t\t\t\t<\/div>\n\t\t<\/div>\n\t\t\t\t\t<\/div>\n\t\t<\/section>\n\t\t\t\t<section class=\"elementor-section elementor-top-section elementor-element elementor-element-25224df elementor-section-full_width elementor-section-height-default elementor-section-height-default\" data-id=\"25224df\" data-element_type=\"section\" data-e-type=\"section\">\n\t\t\t\t\t\t<div class=\"elementor-container elementor-column-gap-default\">\n\t\t\t\t\t<div class=\"elementor-column elementor-col-50 elementor-top-column elementor-element elementor-element-4c95aa9\" data-id=\"4c95aa9\" data-element_type=\"column\" data-e-type=\"column\">\n\t\t\t<div class=\"elementor-widget-wrap elementor-element-populated\">\n\t\t\t\t\t\t<div class=\"elementor-element elementor-element-e04ea51 elementor-widget elementor-widget-image\" data-id=\"e04ea51\" data-element_type=\"widget\" data-e-type=\"widget\" data-widget_type=\"image.default\">\n\t\t\t\t<div class=\"elementor-widget-container\">\n\t\t\t\t\t\t\t\t\t\t\t\t\t\t\t<img decoding=\"async\" width=\"1200\" height=\"992\" src=\"https:\/\/www.paradis.lt\/wp-content\/uploads\/2024\/01\/CQDM15-810.jpg\" class=\"attachment-full size-full wp-image-10141\" alt=\"\" srcset=\"https:\/\/www.paradis.lt\/wp-content\/uploads\/2024\/01\/CQDM15-810.jpg 1200w, https:\/\/www.paradis.lt\/wp-content\/uploads\/2024\/01\/CQDM15-810-700x579.jpg 700w, https:\/\/www.paradis.lt\/wp-content\/uploads\/2024\/01\/CQDM15-810-1024x847.jpg 1024w, https:\/\/www.paradis.lt\/wp-content\/uploads\/2024\/01\/CQDM15-810-768x635.jpg 768w, https:\/\/www.paradis.lt\/wp-content\/uploads\/2024\/01\/CQDM15-810-900x744.jpg 900w\" sizes=\"(max-width: 1200px) 100vw, 1200px\" \/>\t\t\t\t\t\t\t\t\t\t\t\t\t\t\t<\/div>\n\t\t\t\t<\/div>\n\t\t\t\t\t<\/div>\n\t\t<\/div>\n\t\t\t\t<div class=\"elementor-column elementor-col-50 elementor-top-column elementor-element elementor-element-6c9ba78\" data-id=\"6c9ba78\" data-element_type=\"column\" data-e-type=\"column\">\n\t\t\t<div class=\"elementor-widget-wrap elementor-element-populated\">\n\t\t\t\t\t\t<div class=\"elementor-element elementor-element-6366a74 elementor-widget elementor-widget-text-editor\" data-id=\"6366a74\" data-element_type=\"widget\" data-e-type=\"widget\" data-widget_type=\"text-editor.default\">\n\t\t\t\t<div class=\"elementor-widget-container\">\n\t\t\t\t\t\t\t\t\t<p><strong>Konfig\u016bracija ir na\u0161umas<\/strong><\/p><ul><li>\u0161ak\u0117s pakreipimas, dvigubas alyvos cilindras skland\u017eiau.<\/li><li>Integruotas elektrohidraulinis valdymas, daugiafunkc\u0117 rankena.<\/li><li>Elektroninis vairo stiprintuvas, ma\u017eas triuk\u0161mas.<\/li><li>Dviej\u0173 kryp\u010di\u0173 magnetinis vo\u017etuvas, trij\u0173 kritimo grei\u010di\u0173 re\u017eimas.<\/li><li>Kintamosios srov\u0117s variklis, be anglies pluo\u0161to \u0161epet\u0117lio ir be nuolatin\u0117s prie\u017ei\u016bros poreikio.<\/li><li>Automatin\u0117 k\u0117limo riba, artumo jungiklis, ilgas tarnavimo laikas.<\/li><\/ul><p><strong>Saugumas<\/strong><\/p><ul><li>Automatinio l\u0117t\u0117jimo funkcija, saugesn\u0117.<\/li><li>Prek\u0117s auk\u0161toje pozicijoje, transporto priemon\u0117s automatinis reduktorius.<\/li><li>Bepakop\u0117 grei\u010dio kontrol\u0117s sistema, saugi ir tyli.<\/li><li>Valdiklis su daugialype automatine apsauga.<\/li><li>Avarinis atbulin\u0117s eigos \u012ftaisas \/ avarinio stabdymo jungiklis.<\/li><\/ul>\t\t\t\t\t\t\t\t<\/div>\n\t\t\t\t<\/div>\n\t\t\t\t\t<\/div>\n\t\t<\/div>\n\t\t\t\t\t<\/div>\n\t\t<\/section>\n\t\t\t\t<section class=\"elementor-section elementor-top-section elementor-element elementor-element-c6cbe51 elementor-section-boxed elementor-section-height-default elementor-section-height-default\" data-id=\"c6cbe51\" data-element_type=\"section\" data-e-type=\"section\">\n\t\t\t\t\t\t<div class=\"elementor-container elementor-column-gap-default\">\n\t\t\t\t\t<div class=\"elementor-column elementor-col-100 elementor-top-column elementor-element elementor-element-7fc1d49\" data-id=\"7fc1d49\" data-element_type=\"column\" data-e-type=\"column\">\n\t\t\t<div class=\"elementor-widget-wrap elementor-element-populated\">\n\t\t\t\t\t\t<div class=\"elementor-element elementor-element-f51aa54 elementor-widget-divider--view-line elementor-widget elementor-widget-divider\" data-id=\"f51aa54\" data-element_type=\"widget\" data-e-type=\"widget\" data-widget_type=\"divider.default\">\n\t\t\t\t<div class=\"elementor-widget-container\">\n\t\t\t\t\t\t\t<div class=\"elementor-divider\">\n\t\t\t<span class=\"elementor-divider-separator\">\n\t\t\t\t\t\t<\/span>\n\t\t<\/div>\n\t\t\t\t\t\t<\/div>\n\t\t\t\t<\/div>\n\t\t\t\t\t<\/div>\n\t\t<\/div>\n\t\t\t\t\t<\/div>\n\t\t<\/section>\n\t\t\t\t<section class=\"elementor-section elementor-top-section elementor-element elementor-element-085333b elementor-section-stretched elementor-section-boxed elementor-section-height-default elementor-section-height-default\" data-id=\"085333b\" data-element_type=\"section\" data-e-type=\"section\" data-settings=\"{&quot;stretch_section&quot;:&quot;section-stretched&quot;,&quot;background_background&quot;:&quot;classic&quot;}\">\n\t\t\t\t\t\t<div class=\"elementor-container elementor-column-gap-default\">\n\t\t\t\t\t<div class=\"elementor-column elementor-col-100 elementor-top-column elementor-element elementor-element-0ac21b2\" data-id=\"0ac21b2\" data-element_type=\"column\" data-e-type=\"column\">\n\t\t\t<div class=\"elementor-widget-wrap elementor-element-populated\">\n\t\t\t\t\t\t<div class=\"elementor-element elementor-element-3042b66 elementor-widget elementor-widget-heading\" data-id=\"3042b66\" data-element_type=\"widget\" data-e-type=\"widget\" data-widget_type=\"heading.default\">\n\t\t\t\t<div class=\"elementor-widget-container\">\n\t\t\t\t\t<h2 class=\"elementor-heading-title elementor-size-default\">Technin\u0117s specifikacijos<\/h2>\t\t\t\t<\/div>\n\t\t\t\t<\/div>\n\t\t\t\t<div class=\"elementor-element elementor-element-0067b73 elementor-widget elementor-widget-text-editor\" data-id=\"0067b73\" data-element_type=\"widget\" data-e-type=\"widget\" data-widget_type=\"text-editor.default\">\n\t\t\t\t<div class=\"elementor-widget-container\">\n\t\t\t\t\t\t\t\t\t<table cellspacing=\"0\" cellpadding=\"0\"><thead><tr><th width=\"223\">Modelis<\/th><th width=\"223\">Matavimo vienetas<\/th><th width=\"119\">CQM12\/15<\/th><\/tr><\/thead><tbody><tr><td colspan=\"1\" rowspan=\"1\">Baterija\u00a0<\/td><td colspan=\"1\" rowspan=\"1\">V\/ Ah<\/td><td colspan=\"1\" rowspan=\"1\">24\/280<\/td><\/tr><tr><td width=\"223\">Stiebo tipas<\/td><td width=\"223\">\u00a0<\/td><td width=\"119\">Dviej\u0173 lygi\u0173<\/td><\/tr><tr><td width=\"223\">Keliamoji gallia<\/td><td width=\"223\">kg<\/td><td width=\"119\">1200\/1500<\/td><\/tr><tr><td width=\"223\">Apkrovos centras<\/td><td width=\"223\">mm<\/td><td width=\"119\">500<\/td><\/tr><tr><td width=\"223\">Valdymo tipas<\/td><td width=\"223\">\u00a0<\/td><td width=\"119\">Stovint<\/td><\/tr><tr><td colspan=\"1\" rowspan=\"1\">Standartinis k\u0117limo auk\u0161tis<\/td><td colspan=\"1\" rowspan=\"1\">mm<\/td><td width=\"119\">3000<\/td><\/tr><tr><td width=\"223\">Maksimalus i\u0161k\u0117limas<\/td><td width=\"223\">mm<\/td><td width=\"119\">3880<\/td><\/tr><tr><td width=\"223\">Nuleist\u0173 \u0161aki\u0173 auk\u0161tis<\/td><td width=\"223\">mm<\/td><td width=\"119\">55<\/td><\/tr><tr><td width=\"223\">Greitis pakrauto\/nepakrauto<\/td><td width=\"223\">km\/h<\/td><td width=\"119\">5 \/ 5.5<\/td><\/tr><tr><td width=\"223\">K\u0117limo greitis su\/be krovinio<\/td><td width=\"223\">mm\/s<\/td><td width=\"119\">130\/180<\/td><\/tr><tr><td width=\"223\">Leidimo greitis su\/be krovinio<\/td><td width=\"223\">mm\/s<\/td><td width=\"119\">100\/180<\/td><\/tr><tr><td width=\"223\">Valdiklis<\/td><td width=\"223\">\u00a0<\/td><td width=\"119\">ZAPI<\/td><\/tr><tr><td width=\"223\">Va\u017eiavimo \/ k\u0117limo variklis<\/td><td width=\"223\">kW<\/td><td width=\"119\">ACI. 5 \/ DC3\/DC0.15<\/td><\/tr><\/tbody><\/table>\t\t\t\t\t\t\t\t<\/div>\n\t\t\t\t<\/div>\n\t\t\t\t\t<\/div>\n\t\t<\/div>\n\t\t\t\t\t<\/div>\n\t\t<\/section>\n\t\t\t\t<section class=\"elementor-section elementor-top-section elementor-element elementor-element-23fc0d4 elementor-section-boxed elementor-section-height-default elementor-section-height-default\" data-id=\"23fc0d4\" data-element_type=\"section\" data-e-type=\"section\">\n\t\t\t\t\t\t<div class=\"elementor-container elementor-column-gap-default\">\n\t\t\t\t\t<div class=\"elementor-column elementor-col-100 elementor-top-column elementor-element elementor-element-ec80170\" data-id=\"ec80170\" data-element_type=\"column\" data-e-type=\"column\">\n\t\t\t<div class=\"elementor-widget-wrap elementor-element-populated\">\n\t\t\t\t\t\t<div class=\"elementor-element elementor-element-6e72c34 elementor-widget-divider--view-line elementor-widget elementor-widget-divider\" data-id=\"6e72c34\" data-element_type=\"widget\" data-e-type=\"widget\" data-widget_type=\"divider.default\">\n\t\t\t\t<div class=\"elementor-widget-container\">\n\t\t\t\t\t\t\t<div class=\"elementor-divider\">\n\t\t\t<span class=\"elementor-divider-separator\">\n\t\t\t\t\t\t<\/span>\n\t\t<\/div>\n\t\t\t\t\t\t<\/div>\n\t\t\t\t<\/div>\n\t\t\t\t\t<\/div>\n\t\t<\/div>\n\t\t\t\t\t<\/div>\n\t\t<\/section>\n\t\t\t\t<section class=\"elementor-section elementor-top-section elementor-element elementor-element-f19008b elementor-section-full_width elementor-section-height-default elementor-section-height-default\" data-id=\"f19008b\" data-element_type=\"section\" data-e-type=\"section\">\n\t\t\t\t\t\t<div class=\"elementor-container elementor-column-gap-default\">\n\t\t\t\t\t<div class=\"elementor-column elementor-col-100 elementor-top-column elementor-element elementor-element-825e513\" data-id=\"825e513\" data-element_type=\"column\" data-e-type=\"column\" data-settings=\"{&quot;background_background&quot;:&quot;classic&quot;}\">\n\t\t\t<div class=\"elementor-widget-wrap elementor-element-populated\">\n\t\t\t\t\t<div class=\"elementor-background-overlay\"><\/div>\n\t\t\t\t\t\t<div class=\"elementor-element elementor-element-87f403e elementor-widget elementor-widget-heading\" data-id=\"87f403e\" data-element_type=\"widget\" data-e-type=\"widget\" data-widget_type=\"heading.default\">\n\t\t\t\t<div class=\"elementor-widget-container\">\n\t\t\t\t\t<h1 class=\"elementor-heading-title elementor-size-default\">BRO\u0160I\u016aRA ATSISIUNTIMUI<\/h1>\t\t\t\t<\/div>\n\t\t\t\t<\/div>\n\t\t\t\t<div class=\"elementor-element elementor-element-d4d077a elementor-align-center elementor-widget elementor-widget-button\" data-id=\"d4d077a\" data-element_type=\"widget\" data-e-type=\"widget\" data-widget_type=\"button.default\">\n\t\t\t\t<div class=\"elementor-widget-container\">\n\t\t\t\t\t\t\t\t\t<div class=\"elementor-button-wrapper\">\n\t\t\t\t\t<a class=\"elementor-button elementor-button-link elementor-size-sm\" href=\"https:\/\/www.paradis.lt\/wp-content\/uploads\/2024\/01\/CQDM12-15-810.pdf\" target=\"_blank\">\n\t\t\t\t\t\t<span class=\"elementor-button-content-wrapper\">\n\t\t\t\t\t\t<span class=\"elementor-button-icon\">\n\t\t\t\t<i aria-hidden=\"true\" class=\"fas fa-long-arrow-alt-right\"><\/i>\t\t\t<\/span>\n\t\t\t\t\t\t\t\t\t<span class=\"elementor-button-text\">ATSISI\u0172STI<\/span>\n\t\t\t\t\t<\/span>\n\t\t\t\t\t<\/a>\n\t\t\t\t<\/div>\n\t\t\t\t\t\t\t\t<\/div>\n\t\t\t\t<\/div>\n\t\t\t\t\t<\/div>\n\t\t<\/div>\n\t\t\t\t\t<\/div>\n\t\t<\/section>\n\t\t\t\t<\/div>\n\t\t","protected":false},"excerpt":{"rendered":"<p>1.2-1.5T CQDM15-810 Konfig\u016bracija ir na\u0161umas \u0161ak\u0117s pakreipimas, dvigubas alyvos cilindras skland\u017eiau. Integruotas elektrohidraulinis valdymas, daugiafunkc\u0117 rankena. Elektroninis vairo stiprintuvas, ma\u017eas [&hellip;]<\/p>\n","protected":false},"featured_media":10133,"template":"","meta":{"inline_featured_image":false,"site-sidebar-layout":"no-sidebar","site-content-layout":"","ast-site-content-layout":"full-width-container","site-content-style":"default","site-sidebar-style":"default","ast-global-header-display":"","ast-banner-title-visibility":"","ast-main-header-display":"","ast-hfb-above-header-display":"","ast-hfb-below-header-display":"","ast-hfb-mobile-header-display":"","site-post-title":"disabled","ast-breadcrumbs-content":"","ast-featured-img":"disabled","footer-sml-layout":"","theme-transparent-header-meta":"default","adv-header-id-meta":"","stick-header-meta":"","header-above-stick-meta":"","header-main-stick-meta":"","header-below-stick-meta":"","astra-migrate-meta-layouts":"set","ast-page-background-enabled":"default","ast-page-background-meta":{"desktop":{"background-color":"var(--ast-global-color-4)","background-image":"","background-repeat":"repeat","background-position":"center center","background-size":"auto","background-attachment":"scroll","background-type":"","background-media":"","overlay-type":"","overlay-color":"","overlay-gradient":""},"tablet":{"background-color":"","background-image":"","background-repeat":"repeat","background-position":"center center","background-size":"auto","background-attachment":"scroll","background-type":"","background-media":"","overlay-type":"","overlay-color":"","overlay-gradient":""},"mobile":{"background-color":"","background-image":"","background-repeat":"repeat","background-position":"center center","background-size":"auto","background-attachment":"scroll","background-type":"","background-media":"","overlay-type":"","overlay-color":"","overlay-gradient":""}},"ast-content-background-meta":{"desktop":{"background-color":"var(--ast-global-color-5)","background-image":"","background-repeat":"repeat","background-position":"center center","background-size":"auto","background-attachment":"scroll","background-type":"","background-media":"","overlay-type":"","overlay-color":"","overlay-gradient":""},"tablet":{"background-color":"var(--ast-global-color-5)","background-image":"","background-repeat":"repeat","background-position":"center center","background-size":"auto","background-attachment":"scroll","background-type":"","background-media":"","overlay-type":"","overlay-color":"","overlay-gradient":""},"mobile":{"background-color":"var(--ast-global-color-5)","background-image":"","background-repeat":"repeat","background-position":"center center","background-size":"auto","background-attachment":"scroll","background-type":"","background-media":"","overlay-type":"","overlay-color":"","overlay-gradient":""}}},"product_brand":[],"product_cat":[244,230,41],"product_tag":[],"class_list":{"0":"post-10131","1":"product","2":"type-product","3":"status-publish","4":"has-post-thumbnail","6":"product_cat-elektriniai-padeklu-keltuvai","7":"product_cat-heli","8":"product_cat-krautuvai","9":"pa_darbo-aplinka-viduje","10":"pa_kelimo-aukstis-3000-3500","11":"pa_kelimo-aukstis-263","12":"pa_krovinio-svoris-257","13":"pa_krovinio-svoris-252","14":"pa_maitinimo-saltinis-elektrinis","15":"desktop-align-left","16":"tablet-align-left","17":"mobile-align-left","19":"first","20":"instock","21":"shipping-taxable","22":"product-type-simple"},"yoast_head":"<!-- This site is optimized with the Yoast SEO plugin v27.3 - https:\/\/yoast.com\/product\/yoast-seo-wordpress\/ -->\n<title>1.2-1.5T CQDM15-810 - UAB Paradis<\/title>\n<meta name=\"robots\" content=\"index, follow, max-snippet:-1, max-image-preview:large, max-video-preview:-1\" \/>\n<link rel=\"canonical\" href=\"https:\/\/www.paradis.lt\/lv\/produktai\/1-2-1-5t-cqdm15-810\/\" \/>\n<meta property=\"og:locale\" content=\"lv_LV\" \/>\n<meta property=\"og:type\" content=\"article\" \/>\n<meta property=\"og:title\" content=\"1.2-1.5T CQDM15-810 - UAB Paradis\" \/>\n<meta property=\"og:description\" content=\"1.2-1.5T CQDM15-810 Konfig\u016bracija ir na\u0161umas \u0161ak\u0117s pakreipimas, dvigubas alyvos cilindras skland\u017eiau. Integruotas elektrohidraulinis valdymas, daugiafunkc\u0117 rankena. Elektroninis vairo stiprintuvas, ma\u017eas [&hellip;]\" \/>\n<meta property=\"og:url\" content=\"https:\/\/www.paradis.lt\/lv\/produktai\/1-2-1-5t-cqdm15-810\/\" \/>\n<meta property=\"og:site_name\" content=\"UAB Paradis\" \/>\n<meta property=\"article:modified_time\" content=\"2024-01-17T13:28:06+00:00\" \/>\n<meta property=\"og:image\" content=\"https:\/\/www.paradis.lt\/wp-content\/uploads\/2024\/01\/1.2_1.5T-CQDM15-810.png\" \/>\n\t<meta property=\"og:image:width\" content=\"1001\" \/>\n\t<meta property=\"og:image:height\" content=\"1001\" \/>\n\t<meta property=\"og:image:type\" content=\"image\/png\" \/>\n<meta name=\"twitter:card\" content=\"summary_large_image\" \/>\n<meta name=\"twitter:label1\" content=\"Est. reading time\" \/>\n\t<meta name=\"twitter:data1\" content=\"2 minutes\" \/>\n<script type=\"application\/ld+json\" class=\"yoast-schema-graph\">{\"@context\":\"https:\\\/\\\/schema.org\",\"@graph\":[{\"@type\":\"WebPage\",\"@id\":\"https:\\\/\\\/www.paradis.lt\\\/lv\\\/produktai\\\/1-2-1-5t-cqdm15-810\\\/\",\"url\":\"https:\\\/\\\/www.paradis.lt\\\/lv\\\/produktai\\\/1-2-1-5t-cqdm15-810\\\/\",\"name\":\"1.2-1.5T CQDM15-810 - UAB Paradis\",\"isPartOf\":{\"@id\":\"https:\\\/\\\/www.paradis.lt\\\/lv\\\/#website\"},\"primaryImageOfPage\":{\"@id\":\"https:\\\/\\\/www.paradis.lt\\\/lv\\\/produktai\\\/1-2-1-5t-cqdm15-810\\\/#primaryimage\"},\"image\":{\"@id\":\"https:\\\/\\\/www.paradis.lt\\\/lv\\\/produktai\\\/1-2-1-5t-cqdm15-810\\\/#primaryimage\"},\"thumbnailUrl\":\"https:\\\/\\\/www.paradis.lt\\\/wp-content\\\/uploads\\\/2024\\\/01\\\/1.2_1.5T-CQDM15-810.png\",\"datePublished\":\"2024-01-17T13:01:42+00:00\",\"dateModified\":\"2024-01-17T13:28:06+00:00\",\"breadcrumb\":{\"@id\":\"https:\\\/\\\/www.paradis.lt\\\/lv\\\/produktai\\\/1-2-1-5t-cqdm15-810\\\/#breadcrumb\"},\"inLanguage\":\"lv-LV\",\"potentialAction\":[{\"@type\":\"ReadAction\",\"target\":[\"https:\\\/\\\/www.paradis.lt\\\/lv\\\/produktai\\\/1-2-1-5t-cqdm15-810\\\/\"]}]},{\"@type\":\"ImageObject\",\"inLanguage\":\"lv-LV\",\"@id\":\"https:\\\/\\\/www.paradis.lt\\\/lv\\\/produktai\\\/1-2-1-5t-cqdm15-810\\\/#primaryimage\",\"url\":\"https:\\\/\\\/www.paradis.lt\\\/wp-content\\\/uploads\\\/2024\\\/01\\\/1.2_1.5T-CQDM15-810.png\",\"contentUrl\":\"https:\\\/\\\/www.paradis.lt\\\/wp-content\\\/uploads\\\/2024\\\/01\\\/1.2_1.5T-CQDM15-810.png\",\"width\":1001,\"height\":1001},{\"@type\":\"BreadcrumbList\",\"@id\":\"https:\\\/\\\/www.paradis.lt\\\/lv\\\/produktai\\\/1-2-1-5t-cqdm15-810\\\/#breadcrumb\",\"itemListElement\":[{\"@type\":\"ListItem\",\"position\":1,\"name\":\"Produktai\",\"item\":\"https:\\\/\\\/www.paradis.lt\\\/lv\\\/produktai\\\/\"},{\"@type\":\"ListItem\",\"position\":2,\"name\":\"1.2-1.5T CQDM15-810\"}]},{\"@type\":\"WebSite\",\"@id\":\"https:\\\/\\\/www.paradis.lt\\\/lv\\\/#website\",\"url\":\"https:\\\/\\\/www.paradis.lt\\\/lv\\\/\",\"name\":\"UAB Paradis\",\"description\":\"UAB Paradis\",\"potentialAction\":[{\"@type\":\"SearchAction\",\"target\":{\"@type\":\"EntryPoint\",\"urlTemplate\":\"https:\\\/\\\/www.paradis.lt\\\/lv\\\/?s={search_term_string}\"},\"query-input\":{\"@type\":\"PropertyValueSpecification\",\"valueRequired\":true,\"valueName\":\"search_term_string\"}}],\"inLanguage\":\"lv-LV\"}]}<\/script>\n<!-- \/ Yoast SEO plugin. -->","yoast_head_json":{"title":"1.2-1.5T CQDM15-810 - UAB Paradis","robots":{"index":"index","follow":"follow","max-snippet":"max-snippet:-1","max-image-preview":"max-image-preview:large","max-video-preview":"max-video-preview:-1"},"canonical":"https:\/\/www.paradis.lt\/lv\/produktai\/1-2-1-5t-cqdm15-810\/","og_locale":"lv_LV","og_type":"article","og_title":"1.2-1.5T CQDM15-810 - UAB Paradis","og_description":"1.2-1.5T CQDM15-810 Konfig\u016bracija ir na\u0161umas \u0161ak\u0117s pakreipimas, dvigubas alyvos cilindras skland\u017eiau. Integruotas elektrohidraulinis valdymas, daugiafunkc\u0117 rankena. Elektroninis vairo stiprintuvas, ma\u017eas [&hellip;]","og_url":"https:\/\/www.paradis.lt\/lv\/produktai\/1-2-1-5t-cqdm15-810\/","og_site_name":"UAB Paradis","article_modified_time":"2024-01-17T13:28:06+00:00","og_image":[{"width":1001,"height":1001,"url":"https:\/\/www.paradis.lt\/wp-content\/uploads\/2024\/01\/1.2_1.5T-CQDM15-810.png","type":"image\/png"}],"twitter_card":"summary_large_image","twitter_misc":{"Est. reading time":"2 minutes"},"schema":{"@context":"https:\/\/schema.org","@graph":[{"@type":"WebPage","@id":"https:\/\/www.paradis.lt\/lv\/produktai\/1-2-1-5t-cqdm15-810\/","url":"https:\/\/www.paradis.lt\/lv\/produktai\/1-2-1-5t-cqdm15-810\/","name":"1.2-1.5T CQDM15-810 - UAB Paradis","isPartOf":{"@id":"https:\/\/www.paradis.lt\/lv\/#website"},"primaryImageOfPage":{"@id":"https:\/\/www.paradis.lt\/lv\/produktai\/1-2-1-5t-cqdm15-810\/#primaryimage"},"image":{"@id":"https:\/\/www.paradis.lt\/lv\/produktai\/1-2-1-5t-cqdm15-810\/#primaryimage"},"thumbnailUrl":"https:\/\/www.paradis.lt\/wp-content\/uploads\/2024\/01\/1.2_1.5T-CQDM15-810.png","datePublished":"2024-01-17T13:01:42+00:00","dateModified":"2024-01-17T13:28:06+00:00","breadcrumb":{"@id":"https:\/\/www.paradis.lt\/lv\/produktai\/1-2-1-5t-cqdm15-810\/#breadcrumb"},"inLanguage":"lv-LV","potentialAction":[{"@type":"ReadAction","target":["https:\/\/www.paradis.lt\/lv\/produktai\/1-2-1-5t-cqdm15-810\/"]}]},{"@type":"ImageObject","inLanguage":"lv-LV","@id":"https:\/\/www.paradis.lt\/lv\/produktai\/1-2-1-5t-cqdm15-810\/#primaryimage","url":"https:\/\/www.paradis.lt\/wp-content\/uploads\/2024\/01\/1.2_1.5T-CQDM15-810.png","contentUrl":"https:\/\/www.paradis.lt\/wp-content\/uploads\/2024\/01\/1.2_1.5T-CQDM15-810.png","width":1001,"height":1001},{"@type":"BreadcrumbList","@id":"https:\/\/www.paradis.lt\/lv\/produktai\/1-2-1-5t-cqdm15-810\/#breadcrumb","itemListElement":[{"@type":"ListItem","position":1,"name":"Produktai","item":"https:\/\/www.paradis.lt\/lv\/produktai\/"},{"@type":"ListItem","position":2,"name":"1.2-1.5T CQDM15-810"}]},{"@type":"WebSite","@id":"https:\/\/www.paradis.lt\/lv\/#website","url":"https:\/\/www.paradis.lt\/lv\/","name":"UAB Paradis","description":"UAB Paradis","potentialAction":[{"@type":"SearchAction","target":{"@type":"EntryPoint","urlTemplate":"https:\/\/www.paradis.lt\/lv\/?s={search_term_string}"},"query-input":{"@type":"PropertyValueSpecification","valueRequired":true,"valueName":"search_term_string"}}],"inLanguage":"lv-LV"}]}},"jetpack_sharing_enabled":true,"_links":{"self":[{"href":"https:\/\/www.paradis.lt\/lv\/wp-json\/wp\/v2\/product\/10131","targetHints":{"allow":["GET"]}}],"collection":[{"href":"https:\/\/www.paradis.lt\/lv\/wp-json\/wp\/v2\/product"}],"about":[{"href":"https:\/\/www.paradis.lt\/lv\/wp-json\/wp\/v2\/types\/product"}],"version-history":[{"count":4,"href":"https:\/\/www.paradis.lt\/lv\/wp-json\/wp\/v2\/product\/10131\/revisions"}],"predecessor-version":[{"id":10150,"href":"https:\/\/www.paradis.lt\/lv\/wp-json\/wp\/v2\/product\/10131\/revisions\/10150"}],"wp:featuredmedia":[{"embeddable":true,"href":"https:\/\/www.paradis.lt\/lv\/wp-json\/wp\/v2\/media\/10133"}],"wp:attachment":[{"href":"https:\/\/www.paradis.lt\/lv\/wp-json\/wp\/v2\/media?parent=10131"}],"wp:term":[{"taxonomy":"product_brand","embeddable":true,"href":"https:\/\/www.paradis.lt\/lv\/wp-json\/wp\/v2\/product_brand?post=10131"},{"taxonomy":"product_cat","embeddable":true,"href":"https:\/\/www.paradis.lt\/lv\/wp-json\/wp\/v2\/product_cat?post=10131"},{"taxonomy":"product_tag","embeddable":true,"href":"https:\/\/www.paradis.lt\/lv\/wp-json\/wp\/v2\/product_tag?post=10131"}],"curies":[{"name":"wp","href":"https:\/\/api.w.org\/{rel}","templated":true}]}}