{"id":5614,"date":"2025-12-19T10:06:36","date_gmt":"2025-12-19T10:06:36","guid":{"rendered":"http:\/\/nparadis.lt.eeco.hostingas.lt\/keltuvai\/vertikalus-keltuvai-namams\/paradis-keltuvai\/"},"modified":"2025-12-19T10:06:36","modified_gmt":"2025-12-19T10:06:36","slug":"paradis-keltuvai","status":"publish","type":"page","link":"https:\/\/www.paradis.lt\/lv\/keltuvai\/vertikalus-keltuvai-namams\/paradis-keltuvai\/","title":{"rendered":"Paradis keltuvai"},"content":{"rendered":"\t\t<div data-elementor-type=\"wp-page\" data-elementor-id=\"5614\" class=\"elementor elementor-5614 elementor-5605\">\n\t\t\t\t\t\t<section class=\"elementor-section elementor-top-section elementor-element elementor-element-d204284 elementor-section-full_width elementor-section-height-default elementor-section-height-default\" data-id=\"d204284\" data-element_type=\"section\" data-e-type=\"section\">\n\t\t\t\t\t\t<div class=\"elementor-container elementor-column-gap-default\">\n\t\t\t\t\t<div class=\"elementor-column elementor-col-100 elementor-top-column elementor-element elementor-element-cd6f864\" data-id=\"cd6f864\" data-element_type=\"column\" data-e-type=\"column\">\n\t\t\t<div class=\"elementor-widget-wrap elementor-element-populated\">\n\t\t\t\t\t\t<div class=\"elementor-element elementor-element-0c14322 elementor-widget elementor-widget-shortcode\" data-id=\"0c14322\" data-element_type=\"widget\" data-e-type=\"widget\" data-widget_type=\"shortcode.default\">\n\t\t\t\t<div class=\"elementor-widget-container\">\n\t\t\t\t\t\t\t<div class=\"elementor-shortcode\"><div class=\"woocommerce columns-4 \">\n<ul class=\"products columns-4\">\n<li class=\"desktop-align-left tablet-align-left mobile-align-left product type-product post-6096 status-publish first instock product_cat-keltuvai product_cat-paradis-keltuvai-2 product_cat-vertikalus-keltuvai-namams has-post-thumbnail shipping-taxable product-type-simple\">\n\t<a href=\"https:\/\/www.paradis.lt\/lv\/produktai\/k410-keltuvas\/\" class=\"woocommerce-LoopProduct-link woocommerce-loop-product__link\"><img fetchpriority=\"high\" decoding=\"async\" width=\"900\" height=\"900\" src=\"https:\/\/www.paradis.lt\/wp-content\/uploads\/2023\/10\/Untitled-design-900x900.png\" class=\"attachment-woocommerce_thumbnail size-woocommerce_thumbnail\" alt=\"K410 keltuvas \u012f esam\u0105 \u0161acht\u0105\" srcset=\"https:\/\/www.paradis.lt\/wp-content\/uploads\/2023\/10\/Untitled-design-900x900.png 900w, https:\/\/www.paradis.lt\/wp-content\/uploads\/2023\/10\/Untitled-design-500x500.png 500w, https:\/\/www.paradis.lt\/wp-content\/uploads\/2023\/10\/Untitled-design-100x100.png 100w\" sizes=\"(max-width: 900px) 100vw, 900px\" \/><h2 class=\"woocommerce-loop-product__title\">K410 keltuvas \u012f esam\u0105 \u0161acht\u0105<\/h2>\n<\/a><a href=\"https:\/\/www.paradis.lt\/lv\/produktai\/k410-keltuvas\/\" aria-describedby=\"woocommerce_loop_add_to_cart_link_describedby_6096\" data-quantity=\"1\" class=\"button product_type_simple\" data-product_id=\"6096\" data-product_sku=\"\" aria-label=\"Read more about &ldquo;K410 keltuvas \u012f esam\u0105 \u0161acht\u0105&rdquo;\" rel=\"nofollow\" data-success_message=\"\">Read more<\/a>\t<span id=\"woocommerce_loop_add_to_cart_link_describedby_6096\" class=\"screen-reader-text\">\n\t\t\t<\/span>\n<\/li>\n<li class=\"desktop-align-left tablet-align-left mobile-align-left product type-product post-6110 status-publish instock product_cat-keltuvai product_cat-paradis-keltuvai-2 product_cat-vertikalus-keltuvai-namams has-post-thumbnail shipping-taxable product-type-simple\">\n\t<a href=\"https:\/\/www.paradis.lt\/lv\/produktai\/k420-keltuvas\/\" class=\"woocommerce-LoopProduct-link woocommerce-loop-product__link\"><img decoding=\"async\" width=\"900\" height=\"900\" src=\"https:\/\/www.paradis.lt\/wp-content\/uploads\/2023\/10\/K420_keltuvas-900x900.jpg\" class=\"attachment-woocommerce_thumbnail size-woocommerce_thumbnail\" alt=\"K420 keltuvas su kabina ir nepriklausomu r\u0117mu\" srcset=\"https:\/\/www.paradis.lt\/wp-content\/uploads\/2023\/10\/K420_keltuvas-900x900.jpg 900w, https:\/\/www.paradis.lt\/wp-content\/uploads\/2023\/10\/K420_keltuvas-500x500.jpg 500w, https:\/\/www.paradis.lt\/wp-content\/uploads\/2023\/10\/K420_keltuvas-100x100.jpg 100w\" sizes=\"(max-width: 900px) 100vw, 900px\" \/><h2 class=\"woocommerce-loop-product__title\">K420 keltuvas su kabina ir nepriklausomu r\u0117mu<\/h2>\n<\/a><a href=\"https:\/\/www.paradis.lt\/lv\/produktai\/k420-keltuvas\/\" aria-describedby=\"woocommerce_loop_add_to_cart_link_describedby_6110\" data-quantity=\"1\" class=\"button product_type_simple\" data-product_id=\"6110\" data-product_sku=\"\" aria-label=\"Read more about &ldquo;K420 keltuvas su kabina ir nepriklausomu r\u0117mu&rdquo;\" rel=\"nofollow\" data-success_message=\"\">Read more<\/a>\t<span id=\"woocommerce_loop_add_to_cart_link_describedby_6110\" class=\"screen-reader-text\">\n\t\t\t<\/span>\n<\/li>\n<li class=\"desktop-align-left tablet-align-left mobile-align-left product type-product post-6112 status-publish instock product_cat-keltuvai product_cat-paradis-keltuvai-2 product_cat-vertikalus-keltuvai-namams has-post-thumbnail shipping-taxable product-type-simple\">\n\t<a href=\"https:\/\/www.paradis.lt\/lv\/produktai\/p420-keltuvas\/\" class=\"woocommerce-LoopProduct-link woocommerce-loop-product__link\"><img decoding=\"async\" width=\"900\" height=\"900\" src=\"https:\/\/www.paradis.lt\/wp-content\/uploads\/2023\/10\/P420_keltuvas-900x900.jpg\" class=\"attachment-woocommerce_thumbnail size-woocommerce_thumbnail\" alt=\"P420 keltuvas su platforma ir nepriklausomu r\u0117mu\" srcset=\"https:\/\/www.paradis.lt\/wp-content\/uploads\/2023\/10\/P420_keltuvas-900x900.jpg 900w, https:\/\/www.paradis.lt\/wp-content\/uploads\/2023\/10\/P420_keltuvas-500x500.jpg 500w, https:\/\/www.paradis.lt\/wp-content\/uploads\/2023\/10\/P420_keltuvas-100x100.jpg 100w\" sizes=\"(max-width: 900px) 100vw, 900px\" \/><h2 class=\"woocommerce-loop-product__title\">P420 keltuvas su platforma ir nepriklausomu r\u0117mu<\/h2>\n<\/a><a href=\"https:\/\/www.paradis.lt\/lv\/produktai\/p420-keltuvas\/\" aria-describedby=\"woocommerce_loop_add_to_cart_link_describedby_6112\" data-quantity=\"1\" class=\"button product_type_simple\" data-product_id=\"6112\" data-product_sku=\"\" aria-label=\"Read more about &ldquo;P420 keltuvas su platforma ir nepriklausomu r\u0117mu&rdquo;\" rel=\"nofollow\" data-success_message=\"\">Read more<\/a>\t<span id=\"woocommerce_loop_add_to_cart_link_describedby_6112\" class=\"screen-reader-text\">\n\t\t\t<\/span>\n<\/li>\n<\/ul>\n<\/div><\/div>\n\t\t\t\t\t\t<\/div>\n\t\t\t\t<\/div>\n\t\t\t\t\t<\/div>\n\t\t<\/div>\n\t\t\t\t\t<\/div>\n\t\t<\/section>\n\t\t\t\t<\/div>\n\t\t","protected":false},"excerpt":{"rendered":"","protected":false},"author":7,"featured_media":0,"parent":3987,"menu_order":0,"comment_status":"closed","ping_status":"closed","template":"","meta":{"inline_featured_image":false,"site-sidebar-layout":"no-sidebar","site-content-layout":"","ast-site-content-layout":"full-width-container","site-content-style":"default","site-sidebar-style":"default","ast-global-header-display":"","ast-banner-title-visibility":"","ast-main-header-display":"","ast-hfb-above-header-display":"","ast-hfb-below-header-display":"","ast-hfb-mobile-header-display":"","site-post-title":"disabled","ast-breadcrumbs-content":"","ast-featured-img":"disabled","footer-sml-layout":"","theme-transparent-header-meta":"","adv-header-id-meta":"","stick-header-meta":"","header-above-stick-meta":"","header-main-stick-meta":"","header-below-stick-meta":"","astra-migrate-meta-layouts":"default","ast-page-background-enabled":"default","ast-page-background-meta":{"desktop":{"background-color":"var(--ast-global-color-4)","background-image":"","background-repeat":"repeat","background-position":"center center","background-size":"auto","background-attachment":"scroll","background-type":"","background-media":"","overlay-type":"","overlay-color":"","overlay-gradient":""},"tablet":{"background-color":"","background-image":"","background-repeat":"repeat","background-position":"center center","background-size":"auto","background-attachment":"scroll","background-type":"","background-media":"","overlay-type":"","overlay-color":"","overlay-gradient":""},"mobile":{"background-color":"","background-image":"","background-repeat":"repeat","background-position":"center center","background-size":"auto","background-attachment":"scroll","background-type":"","background-media":"","overlay-type":"","overlay-color":"","overlay-gradient":""}},"ast-content-background-meta":{"desktop":{"background-color":"var(--ast-global-color-5)","background-image":"","background-repeat":"repeat","background-position":"center center","background-size":"auto","background-attachment":"scroll","background-type":"","background-media":"","overlay-type":"","overlay-color":"","overlay-gradient":""},"tablet":{"background-color":"var(--ast-global-color-5)","background-image":"","background-repeat":"repeat","background-position":"center center","background-size":"auto","background-attachment":"scroll","background-type":"","background-media":"","overlay-type":"","overlay-color":"","overlay-gradient":""},"mobile":{"background-color":"var(--ast-global-color-5)","background-image":"","background-repeat":"repeat","background-position":"center center","background-size":"auto","background-attachment":"scroll","background-type":"","background-media":"","overlay-type":"","overlay-color":"","overlay-gradient":""}},"footnotes":""},"class_list":["post-5614","page","type-page","status-publish","hentry"],"yoast_head":"<!-- This site is optimized with the Yoast SEO plugin v27.3 - https:\/\/yoast.com\/product\/yoast-seo-wordpress\/ -->\n<title>Paradis keltuvai - UAB Paradis<\/title>\n<meta name=\"robots\" content=\"index, follow, max-snippet:-1, max-image-preview:large, max-video-preview:-1\" \/>\n<link rel=\"canonical\" href=\"https:\/\/www.paradis.lt\/lv\/keltuvai\/vertikalus-keltuvai-namams\/paradis-keltuvai\/\" \/>\n<meta property=\"og:locale\" content=\"lv_LV\" \/>\n<meta property=\"og:type\" content=\"article\" \/>\n<meta property=\"og:title\" content=\"Paradis keltuvai - UAB Paradis\" \/>\n<meta property=\"og:url\" content=\"https:\/\/www.paradis.lt\/lv\/keltuvai\/vertikalus-keltuvai-namams\/paradis-keltuvai\/\" \/>\n<meta property=\"og:site_name\" content=\"UAB Paradis\" \/>\n<meta name=\"twitter:card\" content=\"summary_large_image\" \/>\n<script type=\"application\/ld+json\" class=\"yoast-schema-graph\">{\"@context\":\"https:\\\/\\\/schema.org\",\"@graph\":[{\"@type\":\"WebPage\",\"@id\":\"https:\\\/\\\/www.paradis.lt\\\/lv\\\/keltuvai\\\/vertikalus-keltuvai-namams\\\/paradis-keltuvai\\\/\",\"url\":\"https:\\\/\\\/www.paradis.lt\\\/lv\\\/keltuvai\\\/vertikalus-keltuvai-namams\\\/paradis-keltuvai\\\/\",\"name\":\"Paradis keltuvai - UAB Paradis\",\"isPartOf\":{\"@id\":\"https:\\\/\\\/www.paradis.lt\\\/lv\\\/#website\"},\"datePublished\":\"2025-12-19T10:06:36+00:00\",\"breadcrumb\":{\"@id\":\"https:\\\/\\\/www.paradis.lt\\\/lv\\\/keltuvai\\\/vertikalus-keltuvai-namams\\\/paradis-keltuvai\\\/#breadcrumb\"},\"inLanguage\":\"lv-LV\",\"potentialAction\":[{\"@type\":\"ReadAction\",\"target\":[\"https:\\\/\\\/www.paradis.lt\\\/lv\\\/keltuvai\\\/vertikalus-keltuvai-namams\\\/paradis-keltuvai\\\/\"]}]},{\"@type\":\"BreadcrumbList\",\"@id\":\"https:\\\/\\\/www.paradis.lt\\\/lv\\\/keltuvai\\\/vertikalus-keltuvai-namams\\\/paradis-keltuvai\\\/#breadcrumb\",\"itemListElement\":[{\"@type\":\"ListItem\",\"position\":1,\"name\":\"Keltuvai\",\"item\":\"https:\\\/\\\/www.paradis.lt\\\/lv\\\/keltuvai\\\/\"},{\"@type\":\"ListItem\",\"position\":2,\"name\":\"Vertikal\u016bs keltuvai namams\",\"item\":\"https:\\\/\\\/www.paradis.lt\\\/lv\\\/keltuvai\\\/vertikalus-keltuvai-namams\\\/\"},{\"@type\":\"ListItem\",\"position\":3,\"name\":\"Paradis keltuvai\"}]},{\"@type\":\"WebSite\",\"@id\":\"https:\\\/\\\/www.paradis.lt\\\/lv\\\/#website\",\"url\":\"https:\\\/\\\/www.paradis.lt\\\/lv\\\/\",\"name\":\"UAB Paradis\",\"description\":\"UAB Paradis\",\"potentialAction\":[{\"@type\":\"SearchAction\",\"target\":{\"@type\":\"EntryPoint\",\"urlTemplate\":\"https:\\\/\\\/www.paradis.lt\\\/lv\\\/?s={search_term_string}\"},\"query-input\":{\"@type\":\"PropertyValueSpecification\",\"valueRequired\":true,\"valueName\":\"search_term_string\"}}],\"inLanguage\":\"lv-LV\"}]}<\/script>\n<!-- \/ Yoast SEO plugin. -->","yoast_head_json":{"title":"Paradis keltuvai - UAB Paradis","robots":{"index":"index","follow":"follow","max-snippet":"max-snippet:-1","max-image-preview":"max-image-preview:large","max-video-preview":"max-video-preview:-1"},"canonical":"https:\/\/www.paradis.lt\/lv\/keltuvai\/vertikalus-keltuvai-namams\/paradis-keltuvai\/","og_locale":"lv_LV","og_type":"article","og_title":"Paradis keltuvai - UAB Paradis","og_url":"https:\/\/www.paradis.lt\/lv\/keltuvai\/vertikalus-keltuvai-namams\/paradis-keltuvai\/","og_site_name":"UAB Paradis","twitter_card":"summary_large_image","schema":{"@context":"https:\/\/schema.org","@graph":[{"@type":"WebPage","@id":"https:\/\/www.paradis.lt\/lv\/keltuvai\/vertikalus-keltuvai-namams\/paradis-keltuvai\/","url":"https:\/\/www.paradis.lt\/lv\/keltuvai\/vertikalus-keltuvai-namams\/paradis-keltuvai\/","name":"Paradis keltuvai - UAB Paradis","isPartOf":{"@id":"https:\/\/www.paradis.lt\/lv\/#website"},"datePublished":"2025-12-19T10:06:36+00:00","breadcrumb":{"@id":"https:\/\/www.paradis.lt\/lv\/keltuvai\/vertikalus-keltuvai-namams\/paradis-keltuvai\/#breadcrumb"},"inLanguage":"lv-LV","potentialAction":[{"@type":"ReadAction","target":["https:\/\/www.paradis.lt\/lv\/keltuvai\/vertikalus-keltuvai-namams\/paradis-keltuvai\/"]}]},{"@type":"BreadcrumbList","@id":"https:\/\/www.paradis.lt\/lv\/keltuvai\/vertikalus-keltuvai-namams\/paradis-keltuvai\/#breadcrumb","itemListElement":[{"@type":"ListItem","position":1,"name":"Keltuvai","item":"https:\/\/www.paradis.lt\/lv\/keltuvai\/"},{"@type":"ListItem","position":2,"name":"Vertikal\u016bs keltuvai namams","item":"https:\/\/www.paradis.lt\/lv\/keltuvai\/vertikalus-keltuvai-namams\/"},{"@type":"ListItem","position":3,"name":"Paradis keltuvai"}]},{"@type":"WebSite","@id":"https:\/\/www.paradis.lt\/lv\/#website","url":"https:\/\/www.paradis.lt\/lv\/","name":"UAB Paradis","description":"UAB Paradis","potentialAction":[{"@type":"SearchAction","target":{"@type":"EntryPoint","urlTemplate":"https:\/\/www.paradis.lt\/lv\/?s={search_term_string}"},"query-input":{"@type":"PropertyValueSpecification","valueRequired":true,"valueName":"search_term_string"}}],"inLanguage":"lv-LV"}]}},"jetpack_sharing_enabled":true,"_links":{"self":[{"href":"https:\/\/www.paradis.lt\/lv\/wp-json\/wp\/v2\/pages\/5614","targetHints":{"allow":["GET"]}}],"collection":[{"href":"https:\/\/www.paradis.lt\/lv\/wp-json\/wp\/v2\/pages"}],"about":[{"href":"https:\/\/www.paradis.lt\/lv\/wp-json\/wp\/v2\/types\/page"}],"author":[{"embeddable":true,"href":"https:\/\/www.paradis.lt\/lv\/wp-json\/wp\/v2\/users\/7"}],"replies":[{"embeddable":true,"href":"https:\/\/www.paradis.lt\/lv\/wp-json\/wp\/v2\/comments?post=5614"}],"version-history":[{"count":7,"href":"https:\/\/www.paradis.lt\/lv\/wp-json\/wp\/v2\/pages\/5614\/revisions"}],"predecessor-version":[{"id":6124,"href":"https:\/\/www.paradis.lt\/lv\/wp-json\/wp\/v2\/pages\/5614\/revisions\/6124"}],"up":[{"embeddable":true,"href":"https:\/\/www.paradis.lt\/lv\/wp-json\/wp\/v2\/pages\/3987"}],"wp:attachment":[{"href":"https:\/\/www.paradis.lt\/lv\/wp-json\/wp\/v2\/media?parent=5614"}],"curies":[{"name":"wp","href":"https:\/\/api.w.org\/{rel}","templated":true}]}}