{"id":4117,"date":"2025-12-19T10:07:09","date_gmt":"2025-12-19T10:07:09","guid":{"rendered":"http:\/\/www.paradis.lt\/krautuvai\/"},"modified":"2025-12-19T10:07:10","modified_gmt":"2025-12-19T10:07:10","slug":"krautuvai","status":"publish","type":"page","link":"https:\/\/www.paradis.lt\/lv\/krautuvai\/","title":{"rendered":"Krautuvai"},"content":{"rendered":"\t\t<div data-elementor-type=\"wp-page\" data-elementor-id=\"4117\" class=\"elementor elementor-4117 elementor-400\">\n\t\t\t\t\t\t<section class=\"elementor-section elementor-top-section elementor-element elementor-element-bb7f39d elementor-section-full_width elementor-section-height-default elementor-section-height-default\" data-id=\"bb7f39d\" data-element_type=\"section\" data-e-type=\"section\">\n\t\t\t\t\t\t<div class=\"elementor-container elementor-column-gap-default\">\n\t\t\t\t\t<div class=\"elementor-column elementor-col-100 elementor-top-column elementor-element elementor-element-1dc9d05\" data-id=\"1dc9d05\" data-element_type=\"column\" data-e-type=\"column\">\n\t\t\t<div class=\"elementor-widget-wrap elementor-element-populated\">\n\t\t\t\t\t\t<div class=\"elementor-element elementor-element-66b03a0 elementor-widget elementor-widget-heading\" data-id=\"66b03a0\" data-element_type=\"widget\" data-e-type=\"widget\" data-widget_type=\"heading.default\">\n\t\t\t\t<div class=\"elementor-widget-container\">\n\t\t\t\t\t<h2 class=\"elementor-heading-title elementor-size-default\">RASKITE SAU TINKAM\u0104 KROVOS TECHNIK\u0104:<\/h2>\t\t\t\t<\/div>\n\t\t\t\t<\/div>\n\t\t\t\t\t<\/div>\n\t\t<\/div>\n\t\t\t\t\t<\/div>\n\t\t<\/section>\n\t\t\t\t<section class=\"elementor-section elementor-top-section elementor-element elementor-element-ebdec8c elementor-section-full_width elementor-section-height-default elementor-section-height-default\" data-id=\"ebdec8c\" data-element_type=\"section\" data-e-type=\"section\" data-settings=\"{&quot;background_background&quot;:&quot;classic&quot;}\">\n\t\t\t\t\t\t\t<div class=\"elementor-background-overlay\"><\/div>\n\t\t\t\t\t\t\t<div class=\"elementor-container elementor-column-gap-default\">\n\t\t\t\t\t<div class=\"elementor-column elementor-col-33 elementor-top-column elementor-element elementor-element-c9f3b14 elementor-invisible\" data-id=\"c9f3b14\" data-element_type=\"column\" data-e-type=\"column\" data-settings=\"{&quot;background_background&quot;:&quot;classic&quot;,&quot;animation&quot;:&quot;fadeIn&quot;}\">\n\t\t\t<div class=\"elementor-widget-wrap elementor-element-populated\">\n\t\t\t\t\t<div class=\"elementor-background-overlay\"><\/div>\n\t\t\t\t\t\t<div class=\"elementor-element elementor-element-dbe2d1b elementor-widget elementor-widget-html\" data-id=\"dbe2d1b\" data-element_type=\"widget\" data-e-type=\"widget\" data-widget_type=\"html.default\">\n\t\t\t\t<div class=\"elementor-widget-container\">\n\t\t\t\t\t<div onclick=\"location.href='\/krautuvai\/cesab\/';\" style=\"cursor: pointer; text-align:center; font-size:19pt;vertical-align: middle; line-height:400px;\">CESAB<\/div>\t\t\t\t<\/div>\n\t\t\t\t<\/div>\n\t\t\t\t\t<\/div>\n\t\t<\/div>\n\t\t\t\t<div class=\"elementor-column elementor-col-33 elementor-top-column elementor-element elementor-element-743e03e elementor-invisible\" data-id=\"743e03e\" data-element_type=\"column\" data-e-type=\"column\" data-settings=\"{&quot;background_background&quot;:&quot;classic&quot;,&quot;animation&quot;:&quot;fadeIn&quot;}\">\n\t\t\t<div class=\"elementor-widget-wrap elementor-element-populated\">\n\t\t\t\t\t<div class=\"elementor-background-overlay\"><\/div>\n\t\t\t\t\t\t<div class=\"elementor-element elementor-element-097e9c8 elementor-widget elementor-widget-html\" data-id=\"097e9c8\" data-element_type=\"widget\" data-e-type=\"widget\" data-widget_type=\"html.default\">\n\t\t\t\t<div class=\"elementor-widget-container\">\n\t\t\t\t\t<div onclick=\"location.href='\/krautuvai\/ausa\/';\" style=\"cursor: pointer; text-align:center; font-size:19pt;vertical-align: middle; line-height:400px;\">AUSA<\/div>\t\t\t\t<\/div>\n\t\t\t\t<\/div>\n\t\t\t\t\t<\/div>\n\t\t<\/div>\n\t\t\t\t<div class=\"elementor-column elementor-col-33 elementor-top-column elementor-element elementor-element-b561757 elementor-invisible\" data-id=\"b561757\" data-element_type=\"column\" data-e-type=\"column\" data-settings=\"{&quot;background_background&quot;:&quot;classic&quot;,&quot;animation&quot;:&quot;fadeIn&quot;}\">\n\t\t\t<div class=\"elementor-widget-wrap elementor-element-populated\">\n\t\t\t\t\t<div class=\"elementor-background-overlay\"><\/div>\n\t\t\t\t\t\t<div class=\"elementor-element elementor-element-0bf5b1f elementor-widget elementor-widget-html\" data-id=\"0bf5b1f\" data-element_type=\"widget\" data-e-type=\"widget\" data-widget_type=\"html.default\">\n\t\t\t\t<div class=\"elementor-widget-container\">\n\t\t\t\t\t<div onclick=\"location.href='\/krautuvai\/heli\/';\" style=\"cursor: pointer; text-align:center; font-size:19pt;vertical-align: middle; line-height:400px;\">HELI<\/div>\t\t\t\t<\/div>\n\t\t\t\t<\/div>\n\t\t\t\t\t<\/div>\n\t\t<\/div>\n\t\t\t\t\t<\/div>\n\t\t<\/section>\n\t\t\t\t<\/div>\n\t\t","protected":false},"excerpt":{"rendered":"<p>RASKITE SAU TINKAM\u0104 KROVOS TECHNIK\u0104: Darbo aplinka Visi Lauke Viduje Darbo intensyvumas Visi Vidutinis \u017demas Maitinimo \u0161altinis Visi Elektrinis Rankinis [&hellip;]<\/p>\n","protected":false},"author":7,"featured_media":0,"parent":0,"menu_order":0,"comment_status":"closed","ping_status":"closed","template":"","meta":{"inline_featured_image":false,"site-sidebar-layout":"no-sidebar","site-content-layout":"page-builder","ast-site-content-layout":"","site-content-style":"default","site-sidebar-style":"default","ast-global-header-display":"","ast-banner-title-visibility":"","ast-main-header-display":"","ast-hfb-above-header-display":"","ast-hfb-below-header-display":"","ast-hfb-mobile-header-display":"","site-post-title":"disabled","ast-breadcrumbs-content":"","ast-featured-img":"disabled","footer-sml-layout":"","theme-transparent-header-meta":"","adv-header-id-meta":"","stick-header-meta":"","header-above-stick-meta":"","header-main-stick-meta":"","header-below-stick-meta":"","astra-migrate-meta-layouts":"default","ast-page-background-enabled":"default","ast-page-background-meta":{"desktop":{"background-color":"var(--ast-global-color-4)","background-image":"","background-repeat":"repeat","background-position":"center center","background-size":"auto","background-attachment":"scroll","background-type":"","background-media":"","overlay-type":"","overlay-color":"","overlay-gradient":""},"tablet":{"background-color":"","background-image":"","background-repeat":"repeat","background-position":"center center","background-size":"auto","background-attachment":"scroll","background-type":"","background-media":"","overlay-type":"","overlay-color":"","overlay-gradient":""},"mobile":{"background-color":"","background-image":"","background-repeat":"repeat","background-position":"center center","background-size":"auto","background-attachment":"scroll","background-type":"","background-media":"","overlay-type":"","overlay-color":"","overlay-gradient":""}},"ast-content-background-meta":{"desktop":{"background-color":"var(--ast-global-color-5)","background-image":"","background-repeat":"repeat","background-position":"center center","background-size":"auto","background-attachment":"scroll","background-type":"","background-media":"","overlay-type":"","overlay-color":"","overlay-gradient":""},"tablet":{"background-color":"var(--ast-global-color-5)","background-image":"","background-repeat":"repeat","background-position":"center center","background-size":"auto","background-attachment":"scroll","background-type":"","background-media":"","overlay-type":"","overlay-color":"","overlay-gradient":""},"mobile":{"background-color":"var(--ast-global-color-5)","background-image":"","background-repeat":"repeat","background-position":"center center","background-size":"auto","background-attachment":"scroll","background-type":"","background-media":"","overlay-type":"","overlay-color":"","overlay-gradient":""}},"footnotes":""},"class_list":["post-4117","page","type-page","status-publish","hentry"],"yoast_head":"<!-- This site is optimized with the Yoast SEO plugin v27.5 - https:\/\/yoast.com\/product\/yoast-seo-wordpress\/ -->\n<title>Krautuvai - UAB Paradis<\/title>\n<meta name=\"robots\" content=\"index, follow, max-snippet:-1, max-image-preview:large, max-video-preview:-1\" \/>\n<link rel=\"canonical\" href=\"https:\/\/www.paradis.lt\/lv\/krautuvai\/\" \/>\n<meta property=\"og:locale\" content=\"lv_LV\" \/>\n<meta property=\"og:type\" content=\"article\" \/>\n<meta property=\"og:title\" content=\"Krautuvai - UAB Paradis\" \/>\n<meta property=\"og:description\" content=\"RASKITE SAU TINKAM\u0104 KROVOS TECHNIK\u0104: Darbo aplinka Visi Lauke Viduje Darbo intensyvumas Visi Vidutinis \u017demas Maitinimo \u0161altinis Visi Elektrinis Rankinis [&hellip;]\" \/>\n<meta property=\"og:url\" content=\"https:\/\/www.paradis.lt\/lv\/krautuvai\/\" \/>\n<meta property=\"og:site_name\" content=\"UAB Paradis\" \/>\n<meta property=\"article:modified_time\" content=\"2025-12-19T10:07:10+00:00\" \/>\n<meta name=\"twitter:card\" content=\"summary_large_image\" \/>\n<script type=\"application\/ld+json\" class=\"yoast-schema-graph\">{\"@context\":\"https:\\\/\\\/schema.org\",\"@graph\":[{\"@type\":\"WebPage\",\"@id\":\"https:\\\/\\\/www.paradis.lt\\\/lv\\\/krautuvai\\\/\",\"url\":\"https:\\\/\\\/www.paradis.lt\\\/lv\\\/krautuvai\\\/\",\"name\":\"Krautuvai - UAB Paradis\",\"isPartOf\":{\"@id\":\"https:\\\/\\\/www.paradis.lt\\\/lv\\\/#website\"},\"datePublished\":\"2025-12-19T10:07:09+00:00\",\"dateModified\":\"2025-12-19T10:07:10+00:00\",\"inLanguage\":\"lv-LV\",\"potentialAction\":[{\"@type\":\"ReadAction\",\"target\":[\"https:\\\/\\\/www.paradis.lt\\\/lv\\\/krautuvai\\\/\"]}]},{\"@type\":\"WebSite\",\"@id\":\"https:\\\/\\\/www.paradis.lt\\\/lv\\\/#website\",\"url\":\"https:\\\/\\\/www.paradis.lt\\\/lv\\\/\",\"name\":\"UAB Paradis\",\"description\":\"UAB Paradis\",\"potentialAction\":[{\"@type\":\"SearchAction\",\"target\":{\"@type\":\"EntryPoint\",\"urlTemplate\":\"https:\\\/\\\/www.paradis.lt\\\/lv\\\/?s={search_term_string}\"},\"query-input\":{\"@type\":\"PropertyValueSpecification\",\"valueRequired\":true,\"valueName\":\"search_term_string\"}}],\"inLanguage\":\"lv-LV\"}]}<\/script>\n<!-- \/ Yoast SEO plugin. -->","yoast_head_json":{"title":"Krautuvai - UAB Paradis","robots":{"index":"index","follow":"follow","max-snippet":"max-snippet:-1","max-image-preview":"max-image-preview:large","max-video-preview":"max-video-preview:-1"},"canonical":"https:\/\/www.paradis.lt\/lv\/krautuvai\/","og_locale":"lv_LV","og_type":"article","og_title":"Krautuvai - UAB Paradis","og_description":"RASKITE SAU TINKAM\u0104 KROVOS TECHNIK\u0104: Darbo aplinka Visi Lauke Viduje Darbo intensyvumas Visi Vidutinis \u017demas Maitinimo \u0161altinis Visi Elektrinis Rankinis [&hellip;]","og_url":"https:\/\/www.paradis.lt\/lv\/krautuvai\/","og_site_name":"UAB Paradis","article_modified_time":"2025-12-19T10:07:10+00:00","twitter_card":"summary_large_image","schema":{"@context":"https:\/\/schema.org","@graph":[{"@type":"WebPage","@id":"https:\/\/www.paradis.lt\/lv\/krautuvai\/","url":"https:\/\/www.paradis.lt\/lv\/krautuvai\/","name":"Krautuvai - UAB Paradis","isPartOf":{"@id":"https:\/\/www.paradis.lt\/lv\/#website"},"datePublished":"2025-12-19T10:07:09+00:00","dateModified":"2025-12-19T10:07:10+00:00","inLanguage":"lv-LV","potentialAction":[{"@type":"ReadAction","target":["https:\/\/www.paradis.lt\/lv\/krautuvai\/"]}]},{"@type":"WebSite","@id":"https:\/\/www.paradis.lt\/lv\/#website","url":"https:\/\/www.paradis.lt\/lv\/","name":"UAB Paradis","description":"UAB Paradis","potentialAction":[{"@type":"SearchAction","target":{"@type":"EntryPoint","urlTemplate":"https:\/\/www.paradis.lt\/lv\/?s={search_term_string}"},"query-input":{"@type":"PropertyValueSpecification","valueRequired":true,"valueName":"search_term_string"}}],"inLanguage":"lv-LV"}]}},"jetpack_sharing_enabled":true,"_links":{"self":[{"href":"https:\/\/www.paradis.lt\/lv\/wp-json\/wp\/v2\/pages\/4117","targetHints":{"allow":["GET"]}}],"collection":[{"href":"https:\/\/www.paradis.lt\/lv\/wp-json\/wp\/v2\/pages"}],"about":[{"href":"https:\/\/www.paradis.lt\/lv\/wp-json\/wp\/v2\/types\/page"}],"author":[{"embeddable":true,"href":"https:\/\/www.paradis.lt\/lv\/wp-json\/wp\/v2\/users\/7"}],"replies":[{"embeddable":true,"href":"https:\/\/www.paradis.lt\/lv\/wp-json\/wp\/v2\/comments?post=4117"}],"version-history":[{"count":42,"href":"https:\/\/www.paradis.lt\/lv\/wp-json\/wp\/v2\/pages\/4117\/revisions"}],"predecessor-version":[{"id":7023,"href":"https:\/\/www.paradis.lt\/lv\/wp-json\/wp\/v2\/pages\/4117\/revisions\/7023"}],"wp:attachment":[{"href":"https:\/\/www.paradis.lt\/lv\/wp-json\/wp\/v2\/media?parent=4117"}],"curies":[{"name":"wp","href":"https:\/\/api.w.org\/{rel}","templated":true}]}}