{"id":3931,"date":"2025-12-19T10:07:15","date_gmt":"2025-12-19T10:07:15","guid":{"rendered":"http:\/\/www.paradis.lt\/keltuvai\/"},"modified":"2025-12-19T10:07:16","modified_gmt":"2025-12-19T10:07:16","slug":"keltuvai","status":"publish","type":"page","link":"https:\/\/www.paradis.lt\/lv\/keltuvai\/","title":{"rendered":"Keltuvai"},"content":{"rendered":"\t\t<div data-elementor-type=\"wp-page\" data-elementor-id=\"3931\" class=\"elementor elementor-3931 elementor-404\">\n\t\t\t\t\t\t<section class=\"elementor-section elementor-top-section elementor-element elementor-element-613725b elementor-section-full_width elementor-hidden-desktop elementor-section-height-default elementor-section-height-default\" data-id=\"613725b\" data-element_type=\"section\" data-e-type=\"section\" data-settings=\"{&quot;background_background&quot;:&quot;classic&quot;}\">\n\t\t\t\t\t\t\t<div class=\"elementor-background-overlay\"><\/div>\n\t\t\t\t\t\t\t<div class=\"elementor-container elementor-column-gap-default\">\n\t\t\t\t\t<div class=\"elementor-column elementor-col-33 elementor-top-column elementor-element elementor-element-92137a6 elementor-invisible\" data-id=\"92137a6\" data-element_type=\"column\" data-e-type=\"column\" data-settings=\"{&quot;background_background&quot;:&quot;classic&quot;,&quot;animation&quot;:&quot;fadeIn&quot;}\">\n\t\t\t<div class=\"elementor-widget-wrap elementor-element-populated\">\n\t\t\t\t\t<div class=\"elementor-background-overlay\"><\/div>\n\t\t\t\t\t\t<div class=\"elementor-element elementor-element-905020d elementor-widget elementor-widget-html\" data-id=\"905020d\" data-element_type=\"widget\" data-e-type=\"widget\" data-widget_type=\"html.default\">\n\t\t\t\t<div class=\"elementor-widget-container\">\n\t\t\t\t\t<div onclick=\"location.href='\/keltuvai\/vertikalus-keltuvai-namams\/';\" style=\"cursor: pointer; text-align:center; font-size:15pt;vertical-align: middle; padding-top:100px;line-height:40px; height:250px;\">VERTIKAL\u016aS KELTUVAI<\/div>\t\t\t\t<\/div>\n\t\t\t\t<\/div>\n\t\t\t\t\t<\/div>\n\t\t<\/div>\n\t\t\t\t<div class=\"elementor-column elementor-col-33 elementor-top-column elementor-element elementor-element-dc39668 elementor-invisible\" data-id=\"dc39668\" data-element_type=\"column\" data-e-type=\"column\" data-settings=\"{&quot;background_background&quot;:&quot;classic&quot;,&quot;animation&quot;:&quot;fadeIn&quot;}\">\n\t\t\t<div class=\"elementor-widget-wrap elementor-element-populated\">\n\t\t\t\t\t<div class=\"elementor-background-overlay\"><\/div>\n\t\t\t\t\t\t<div class=\"elementor-element elementor-element-b49683b elementor-widget elementor-widget-html\" data-id=\"b49683b\" data-element_type=\"widget\" data-e-type=\"widget\" data-widget_type=\"html.default\">\n\t\t\t\t<div class=\"elementor-widget-container\">\n\t\t\t\t\t<div onclick=\"location.href='\/keltuvai\/vertikalus-krovininiai-keltuvai\/';\" style=\"cursor: pointer; text-align:center;font-size:15pt;vertical-align: middle; padding-top:100px;line-height:40px; height:250px;\">VERTIKAL\u016aS KROVININIAI KELTUVAI<\/div>\t\t\t\t<\/div>\n\t\t\t\t<\/div>\n\t\t\t\t\t<\/div>\n\t\t<\/div>\n\t\t\t\t<div class=\"elementor-column elementor-col-33 elementor-top-column elementor-element elementor-element-6bc093e elementor-invisible\" data-id=\"6bc093e\" data-element_type=\"column\" data-e-type=\"column\" data-settings=\"{&quot;background_background&quot;:&quot;classic&quot;,&quot;animation&quot;:&quot;fadeIn&quot;}\">\n\t\t\t<div class=\"elementor-widget-wrap elementor-element-populated\">\n\t\t\t\t\t<div class=\"elementor-background-overlay\"><\/div>\n\t\t\t\t\t\t<div class=\"elementor-element elementor-element-603cdea elementor-widget elementor-widget-html\" data-id=\"603cdea\" data-element_type=\"widget\" data-e-type=\"widget\" data-widget_type=\"html.default\">\n\t\t\t\t<div class=\"elementor-widget-container\">\n\t\t\t\t\t<div onclick=\"location.href='\/keltuvai\/laiptiniai-keltuvai\/lehner-lifttechnik\/';\" style=\"cursor: pointer; text-align:center; font-size:15pt;vertical-align: middle; padding-top:100px;line-height:40px; height:250px;\">NUO\u017dULN\u016aS LAIPTINIAI KELTUVAI<\/div>\t\t\t\t<\/div>\n\t\t\t\t<\/div>\n\t\t\t\t\t<\/div>\n\t\t<\/div>\n\t\t\t\t\t<\/div>\n\t\t<\/section>\n\t\t\t\t<section class=\"elementor-section elementor-top-section elementor-element elementor-element-c1e71b2 elementor-section-full_width elementor-hidden-desktop elementor-section-height-default elementor-section-height-default\" data-id=\"c1e71b2\" data-element_type=\"section\" data-e-type=\"section\" data-settings=\"{&quot;background_background&quot;:&quot;classic&quot;}\">\n\t\t\t\t\t\t\t<div class=\"elementor-background-overlay\"><\/div>\n\t\t\t\t\t\t\t<div class=\"elementor-container elementor-column-gap-default\">\n\t\t\t\t\t<div class=\"elementor-column elementor-col-33 elementor-top-column elementor-element elementor-element-768efbc elementor-invisible\" data-id=\"768efbc\" data-element_type=\"column\" data-e-type=\"column\" data-settings=\"{&quot;background_background&quot;:&quot;classic&quot;,&quot;animation&quot;:&quot;fadeIn&quot;}\">\n\t\t\t<div class=\"elementor-widget-wrap elementor-element-populated\">\n\t\t\t\t\t<div class=\"elementor-background-overlay\"><\/div>\n\t\t\t\t\t\t<div class=\"elementor-element elementor-element-f837267 elementor-widget elementor-widget-html\" data-id=\"f837267\" data-element_type=\"widget\" data-e-type=\"widget\" data-widget_type=\"html.default\">\n\t\t\t\t<div class=\"elementor-widget-container\">\n\t\t\t\t\t<div onclick=\"location.href='\/keltuvai\/mobilus-keltuvai\/';\" style=\"cursor: pointer; text-align:center; font-size:15pt;vertical-align: middle; padding-top:100px;line-height:40px; height:250px;\">MOBIL\u016aS KELTUVAI<\/div>\t\t\t\t<\/div>\n\t\t\t\t<\/div>\n\t\t\t\t\t<\/div>\n\t\t<\/div>\n\t\t\t\t<div class=\"elementor-column elementor-col-33 elementor-top-column elementor-element elementor-element-9cbd345 elementor-invisible\" data-id=\"9cbd345\" data-element_type=\"column\" data-e-type=\"column\" data-settings=\"{&quot;background_background&quot;:&quot;classic&quot;,&quot;animation&quot;:&quot;fadeIn&quot;}\">\n\t\t\t<div class=\"elementor-widget-wrap elementor-element-populated\">\n\t\t\t\t\t<div class=\"elementor-background-overlay\"><\/div>\n\t\t\t\t\t\t<div class=\"elementor-element elementor-element-165e961 elementor-widget elementor-widget-html\" data-id=\"165e961\" data-element_type=\"widget\" data-e-type=\"widget\" data-widget_type=\"html.default\">\n\t\t\t\t<div class=\"elementor-widget-container\">\n\t\t\t\t\t<div onclick=\"location.href='\/keltuvai\/laiptiniai-keltuvai\/lift-up\/';\" style=\"cursor: pointer; text-align:center; font-size:15pt;vertical-align: middle; padding-top:100px;line-height:40px; height:250px;\">KELTUVAI TRANSFORMERIAI<\/div>\t\t\t\t<\/div>\n\t\t\t\t<\/div>\n\t\t\t\t\t<\/div>\n\t\t<\/div>\n\t\t\t\t<div class=\"elementor-column elementor-col-33 elementor-top-column elementor-element elementor-element-6c5598f\" data-id=\"6c5598f\" data-element_type=\"column\" data-e-type=\"column\">\n\t\t\t<div class=\"elementor-widget-wrap\">\n\t\t\t\t\t\t\t<\/div>\n\t\t<\/div>\n\t\t\t\t\t<\/div>\n\t\t<\/section>\n\t\t\t\t<section class=\"elementor-section elementor-top-section elementor-element elementor-element-071b40c elementor-section-full_width elementor-hidden-tablet elementor-hidden-mobile elementor-section-height-default elementor-section-height-default\" data-id=\"071b40c\" data-element_type=\"section\" data-e-type=\"section\" data-settings=\"{&quot;background_background&quot;:&quot;classic&quot;}\">\n\t\t\t\t\t\t\t<div class=\"elementor-background-overlay\"><\/div>\n\t\t\t\t\t\t\t<div class=\"elementor-container elementor-column-gap-default\">\n\t\t\t\t\t<div class=\"elementor-column elementor-col-33 elementor-top-column elementor-element elementor-element-997ac27 elementor-invisible\" data-id=\"997ac27\" data-element_type=\"column\" data-e-type=\"column\" data-settings=\"{&quot;background_background&quot;:&quot;classic&quot;,&quot;animation&quot;:&quot;fadeIn&quot;}\">\n\t\t\t<div class=\"elementor-widget-wrap elementor-element-populated\">\n\t\t\t\t\t<div class=\"elementor-background-overlay\"><\/div>\n\t\t\t\t\t\t<div class=\"elementor-element elementor-element-3f64614 elementor-widget elementor-widget-html\" data-id=\"3f64614\" data-element_type=\"widget\" data-e-type=\"widget\" data-widget_type=\"html.default\">\n\t\t\t\t<div class=\"elementor-widget-container\">\n\t\t\t\t\t<div onclick=\"location.href='\/keltuvai\/vertikalus-keltuvai-namams\/';\" style=\"cursor: pointer; text-align:center; font-size:19pt;vertical-align: middle; line-height:400px;\">VERTIKAL\u016aS KELTUVAI<\/div>\t\t\t\t<\/div>\n\t\t\t\t<\/div>\n\t\t\t\t\t<\/div>\n\t\t<\/div>\n\t\t\t\t<div class=\"elementor-column elementor-col-33 elementor-top-column elementor-element elementor-element-3c8b4d3 elementor-invisible\" data-id=\"3c8b4d3\" data-element_type=\"column\" data-e-type=\"column\" data-settings=\"{&quot;background_background&quot;:&quot;classic&quot;,&quot;animation&quot;:&quot;fadeIn&quot;}\">\n\t\t\t<div class=\"elementor-widget-wrap elementor-element-populated\">\n\t\t\t\t\t<div class=\"elementor-background-overlay\"><\/div>\n\t\t\t\t\t\t<div class=\"elementor-element elementor-element-16e1362 elementor-widget elementor-widget-html\" data-id=\"16e1362\" data-element_type=\"widget\" data-e-type=\"widget\" data-widget_type=\"html.default\">\n\t\t\t\t<div class=\"elementor-widget-container\">\n\t\t\t\t\t<div onclick=\"location.href='\/keltuvai\/vertikalus-krovininiai-keltuvai\/';\" style=\"cursor: pointer; text-align:center; font-size:19pt;vertical-align: middle; line-height:400px;\">VERTIKAL\u016aS KROVININIAI KELTUVAI<\/div>\t\t\t\t<\/div>\n\t\t\t\t<\/div>\n\t\t\t\t\t<\/div>\n\t\t<\/div>\n\t\t\t\t<div class=\"elementor-column elementor-col-33 elementor-top-column elementor-element elementor-element-55fdf2a elementor-invisible\" data-id=\"55fdf2a\" data-element_type=\"column\" data-e-type=\"column\" data-settings=\"{&quot;background_background&quot;:&quot;classic&quot;,&quot;animation&quot;:&quot;fadeIn&quot;}\">\n\t\t\t<div class=\"elementor-widget-wrap elementor-element-populated\">\n\t\t\t\t\t<div class=\"elementor-background-overlay\"><\/div>\n\t\t\t\t\t\t<div class=\"elementor-element elementor-element-8e95f8c elementor-widget elementor-widget-html\" data-id=\"8e95f8c\" data-element_type=\"widget\" data-e-type=\"widget\" data-widget_type=\"html.default\">\n\t\t\t\t<div class=\"elementor-widget-container\">\n\t\t\t\t\t<div onclick=\"location.href='\/keltuvai\/laiptiniai-keltuvai\/lehner-lifttechnik\/';\" style=\"cursor: pointer; text-align:center; font-size:19pt;vertical-align: middle; line-height:400px;\">NUO\u017dULN\u016aS LAIPTINIAI KELTUVAI<\/div>\t\t\t\t<\/div>\n\t\t\t\t<\/div>\n\t\t\t\t\t<\/div>\n\t\t<\/div>\n\t\t\t\t\t<\/div>\n\t\t<\/section>\n\t\t\t\t<section class=\"elementor-section elementor-top-section elementor-element elementor-element-05f795f elementor-section-full_width elementor-hidden-tablet elementor-hidden-mobile elementor-section-height-default elementor-section-height-default\" data-id=\"05f795f\" data-element_type=\"section\" data-e-type=\"section\" data-settings=\"{&quot;background_background&quot;:&quot;classic&quot;}\">\n\t\t\t\t\t\t\t<div class=\"elementor-background-overlay\"><\/div>\n\t\t\t\t\t\t\t<div class=\"elementor-container elementor-column-gap-default\">\n\t\t\t\t\t<div class=\"elementor-column elementor-col-33 elementor-top-column elementor-element elementor-element-dc4a5f4 elementor-invisible\" data-id=\"dc4a5f4\" data-element_type=\"column\" data-e-type=\"column\" data-settings=\"{&quot;background_background&quot;:&quot;classic&quot;,&quot;animation&quot;:&quot;fadeIn&quot;}\">\n\t\t\t<div class=\"elementor-widget-wrap elementor-element-populated\">\n\t\t\t\t\t<div class=\"elementor-background-overlay\"><\/div>\n\t\t\t\t\t\t<div class=\"elementor-element elementor-element-113df59 elementor-widget elementor-widget-html\" data-id=\"113df59\" data-element_type=\"widget\" data-e-type=\"widget\" data-widget_type=\"html.default\">\n\t\t\t\t<div class=\"elementor-widget-container\">\n\t\t\t\t\t<div onclick=\"location.href='\/keltuvai\/mobilus-keltuvai\/';\" style=\"cursor: pointer; text-align:center; font-size:19pt;vertical-align: middle; line-height:400px;\">MOBIL\u016aS KELTUVAI<\/div>\t\t\t\t<\/div>\n\t\t\t\t<\/div>\n\t\t\t\t\t<\/div>\n\t\t<\/div>\n\t\t\t\t<div class=\"elementor-column elementor-col-33 elementor-top-column elementor-element elementor-element-a507ea3 elementor-invisible\" data-id=\"a507ea3\" data-element_type=\"column\" data-e-type=\"column\" data-settings=\"{&quot;background_background&quot;:&quot;classic&quot;,&quot;animation&quot;:&quot;fadeIn&quot;}\">\n\t\t\t<div class=\"elementor-widget-wrap elementor-element-populated\">\n\t\t\t\t\t<div class=\"elementor-background-overlay\"><\/div>\n\t\t\t\t\t\t<div class=\"elementor-element elementor-element-18e5500 elementor-widget elementor-widget-html\" data-id=\"18e5500\" data-element_type=\"widget\" data-e-type=\"widget\" data-widget_type=\"html.default\">\n\t\t\t\t<div class=\"elementor-widget-container\">\n\t\t\t\t\t<div onclick=\"location.href='\/keltuvai\/laiptiniai-keltuvai\/lift-up\/';\" style=\"cursor: pointer; text-align:center; font-size:19pt;vertical-align: middle; line-height:400px;\">KELTUVAI TRANSFORMERIAI<\/div>\t\t\t\t<\/div>\n\t\t\t\t<\/div>\n\t\t\t\t\t<\/div>\n\t\t<\/div>\n\t\t\t\t<div class=\"elementor-column elementor-col-33 elementor-top-column elementor-element elementor-element-72a94b9\" data-id=\"72a94b9\" data-element_type=\"column\" data-e-type=\"column\">\n\t\t\t<div class=\"elementor-widget-wrap\">\n\t\t\t\t\t\t\t<\/div>\n\t\t<\/div>\n\t\t\t\t\t<\/div>\n\t\t<\/section>\n\t\t\t\t<\/div>\n\t\t","protected":false},"excerpt":{"rendered":"<p>VERTIKAL\u016aS KELTUVAI VERTIKAL\u016aS KROVININIAI KELTUVAI NUO\u017dULN\u016aS LAIPTINIAI KELTUVAI MOBIL\u016aS KELTUVAI KELTUVAI TRANSFORMERIAI VERTIKAL\u016aS KELTUVAI VERTIKAL\u016aS KROVININIAI KELTUVAI NUO\u017dULN\u016aS LAIPTINIAI KELTUVAI [&hellip;]<\/p>\n","protected":false},"author":7,"featured_media":0,"parent":0,"menu_order":0,"comment_status":"closed","ping_status":"closed","template":"elementor_header_footer","meta":{"inline_featured_image":false,"site-sidebar-layout":"left-sidebar","site-content-layout":"page-builder","ast-site-content-layout":"","site-content-style":"default","site-sidebar-style":"default","ast-global-header-display":"","ast-banner-title-visibility":"","ast-main-header-display":"","ast-hfb-above-header-display":"","ast-hfb-below-header-display":"","ast-hfb-mobile-header-display":"","site-post-title":"disabled","ast-breadcrumbs-content":"","ast-featured-img":"disabled","footer-sml-layout":"","theme-transparent-header-meta":"","adv-header-id-meta":"","stick-header-meta":"","header-above-stick-meta":"","header-main-stick-meta":"","header-below-stick-meta":"","astra-migrate-meta-layouts":"default","ast-page-background-enabled":"default","ast-page-background-meta":{"desktop":{"background-color":"var(--ast-global-color-4)","background-image":"","background-repeat":"repeat","background-position":"center center","background-size":"auto","background-attachment":"scroll","background-type":"","background-media":"","overlay-type":"","overlay-color":"","overlay-gradient":""},"tablet":{"background-color":"","background-image":"","background-repeat":"repeat","background-position":"center center","background-size":"auto","background-attachment":"scroll","background-type":"","background-media":"","overlay-type":"","overlay-color":"","overlay-gradient":""},"mobile":{"background-color":"","background-image":"","background-repeat":"repeat","background-position":"center center","background-size":"auto","background-attachment":"scroll","background-type":"","background-media":"","overlay-type":"","overlay-color":"","overlay-gradient":""}},"ast-content-background-meta":{"desktop":{"background-color":"var(--ast-global-color-5)","background-image":"","background-repeat":"repeat","background-position":"center center","background-size":"auto","background-attachment":"scroll","background-type":"","background-media":"","overlay-type":"","overlay-color":"","overlay-gradient":""},"tablet":{"background-color":"var(--ast-global-color-5)","background-image":"","background-repeat":"repeat","background-position":"center center","background-size":"auto","background-attachment":"scroll","background-type":"","background-media":"","overlay-type":"","overlay-color":"","overlay-gradient":""},"mobile":{"background-color":"var(--ast-global-color-5)","background-image":"","background-repeat":"repeat","background-position":"center center","background-size":"auto","background-attachment":"scroll","background-type":"","background-media":"","overlay-type":"","overlay-color":"","overlay-gradient":""}},"footnotes":""},"class_list":["post-3931","page","type-page","status-publish","hentry"],"yoast_head":"<!-- This site is optimized with the Yoast SEO plugin v27.3 - https:\/\/yoast.com\/product\/yoast-seo-wordpress\/ -->\n<title>Keltuvai - UAB Paradis<\/title>\n<meta name=\"robots\" content=\"index, follow, max-snippet:-1, max-image-preview:large, max-video-preview:-1\" \/>\n<link rel=\"canonical\" href=\"https:\/\/www.paradis.lt\/lv\/keltuvai\/\" \/>\n<meta property=\"og:locale\" content=\"lv_LV\" \/>\n<meta property=\"og:type\" content=\"article\" \/>\n<meta property=\"og:title\" content=\"Keltuvai - UAB Paradis\" \/>\n<meta property=\"og:description\" content=\"VERTIKAL\u016aS KELTUVAI VERTIKAL\u016aS KROVININIAI KELTUVAI NUO\u017dULN\u016aS LAIPTINIAI KELTUVAI MOBIL\u016aS KELTUVAI KELTUVAI TRANSFORMERIAI VERTIKAL\u016aS KELTUVAI VERTIKAL\u016aS KROVININIAI KELTUVAI NUO\u017dULN\u016aS LAIPTINIAI KELTUVAI [&hellip;]\" \/>\n<meta property=\"og:url\" content=\"https:\/\/www.paradis.lt\/lv\/keltuvai\/\" \/>\n<meta property=\"og:site_name\" content=\"UAB Paradis\" \/>\n<meta property=\"article:modified_time\" content=\"2025-12-19T10:07:16+00:00\" \/>\n<meta name=\"twitter:card\" content=\"summary_large_image\" \/>\n<script type=\"application\/ld+json\" class=\"yoast-schema-graph\">{\"@context\":\"https:\\\/\\\/schema.org\",\"@graph\":[{\"@type\":\"WebPage\",\"@id\":\"https:\\\/\\\/www.paradis.lt\\\/lv\\\/keltuvai\\\/\",\"url\":\"https:\\\/\\\/www.paradis.lt\\\/lv\\\/keltuvai\\\/\",\"name\":\"Keltuvai - UAB Paradis\",\"isPartOf\":{\"@id\":\"https:\\\/\\\/www.paradis.lt\\\/lv\\\/#website\"},\"datePublished\":\"2025-12-19T10:07:15+00:00\",\"dateModified\":\"2025-12-19T10:07:16+00:00\",\"inLanguage\":\"lv-LV\",\"potentialAction\":[{\"@type\":\"ReadAction\",\"target\":[\"https:\\\/\\\/www.paradis.lt\\\/lv\\\/keltuvai\\\/\"]}]},{\"@type\":\"WebSite\",\"@id\":\"https:\\\/\\\/www.paradis.lt\\\/lv\\\/#website\",\"url\":\"https:\\\/\\\/www.paradis.lt\\\/lv\\\/\",\"name\":\"UAB Paradis\",\"description\":\"UAB Paradis\",\"potentialAction\":[{\"@type\":\"SearchAction\",\"target\":{\"@type\":\"EntryPoint\",\"urlTemplate\":\"https:\\\/\\\/www.paradis.lt\\\/lv\\\/?s={search_term_string}\"},\"query-input\":{\"@type\":\"PropertyValueSpecification\",\"valueRequired\":true,\"valueName\":\"search_term_string\"}}],\"inLanguage\":\"lv-LV\"}]}<\/script>\n<!-- \/ Yoast SEO plugin. -->","yoast_head_json":{"title":"Keltuvai - UAB Paradis","robots":{"index":"index","follow":"follow","max-snippet":"max-snippet:-1","max-image-preview":"max-image-preview:large","max-video-preview":"max-video-preview:-1"},"canonical":"https:\/\/www.paradis.lt\/lv\/keltuvai\/","og_locale":"lv_LV","og_type":"article","og_title":"Keltuvai - UAB Paradis","og_description":"VERTIKAL\u016aS KELTUVAI VERTIKAL\u016aS KROVININIAI KELTUVAI NUO\u017dULN\u016aS LAIPTINIAI KELTUVAI MOBIL\u016aS KELTUVAI KELTUVAI TRANSFORMERIAI VERTIKAL\u016aS KELTUVAI VERTIKAL\u016aS KROVININIAI KELTUVAI NUO\u017dULN\u016aS LAIPTINIAI KELTUVAI [&hellip;]","og_url":"https:\/\/www.paradis.lt\/lv\/keltuvai\/","og_site_name":"UAB Paradis","article_modified_time":"2025-12-19T10:07:16+00:00","twitter_card":"summary_large_image","schema":{"@context":"https:\/\/schema.org","@graph":[{"@type":"WebPage","@id":"https:\/\/www.paradis.lt\/lv\/keltuvai\/","url":"https:\/\/www.paradis.lt\/lv\/keltuvai\/","name":"Keltuvai - UAB Paradis","isPartOf":{"@id":"https:\/\/www.paradis.lt\/lv\/#website"},"datePublished":"2025-12-19T10:07:15+00:00","dateModified":"2025-12-19T10:07:16+00:00","inLanguage":"lv-LV","potentialAction":[{"@type":"ReadAction","target":["https:\/\/www.paradis.lt\/lv\/keltuvai\/"]}]},{"@type":"WebSite","@id":"https:\/\/www.paradis.lt\/lv\/#website","url":"https:\/\/www.paradis.lt\/lv\/","name":"UAB Paradis","description":"UAB Paradis","potentialAction":[{"@type":"SearchAction","target":{"@type":"EntryPoint","urlTemplate":"https:\/\/www.paradis.lt\/lv\/?s={search_term_string}"},"query-input":{"@type":"PropertyValueSpecification","valueRequired":true,"valueName":"search_term_string"}}],"inLanguage":"lv-LV"}]}},"jetpack_sharing_enabled":true,"_links":{"self":[{"href":"https:\/\/www.paradis.lt\/lv\/wp-json\/wp\/v2\/pages\/3931","targetHints":{"allow":["GET"]}}],"collection":[{"href":"https:\/\/www.paradis.lt\/lv\/wp-json\/wp\/v2\/pages"}],"about":[{"href":"https:\/\/www.paradis.lt\/lv\/wp-json\/wp\/v2\/types\/page"}],"author":[{"embeddable":true,"href":"https:\/\/www.paradis.lt\/lv\/wp-json\/wp\/v2\/users\/7"}],"replies":[{"embeddable":true,"href":"https:\/\/www.paradis.lt\/lv\/wp-json\/wp\/v2\/comments?post=3931"}],"version-history":[{"count":28,"href":"https:\/\/www.paradis.lt\/lv\/wp-json\/wp\/v2\/pages\/3931\/revisions"}],"predecessor-version":[{"id":11855,"href":"https:\/\/www.paradis.lt\/lv\/wp-json\/wp\/v2\/pages\/3931\/revisions\/11855"}],"wp:attachment":[{"href":"https:\/\/www.paradis.lt\/lv\/wp-json\/wp\/v2\/media?parent=3931"}],"curies":[{"name":"wp","href":"https:\/\/api.w.org\/{rel}","templated":true}]}}