{"id":338750,"date":"2026-01-06T06:42:16","date_gmt":"2026-01-06T06:42:16","guid":{"rendered":"https:\/\/www.paradis.lt\/?page_id=338750"},"modified":"2026-01-06T06:47:09","modified_gmt":"2026-01-06T06:47:09","slug":"projektai","status":"publish","type":"page","link":"https:\/\/www.paradis.lt\/lv\/projektai\/","title":{"rendered":"Projektai"},"content":{"rendered":"\t\t<div data-elementor-type=\"wp-page\" data-elementor-id=\"338750\" class=\"elementor elementor-338750\">\n\t\t\t\t\t\t<section class=\"elementor-section elementor-top-section elementor-element elementor-element-90d678a elementor-section-boxed elementor-section-height-default elementor-section-height-default\" data-id=\"90d678a\" data-element_type=\"section\" data-e-type=\"section\">\n\t\t\t\t\t\t<div class=\"elementor-container elementor-column-gap-default\">\n\t\t\t\t\t<div class=\"elementor-column elementor-col-100 elementor-top-column elementor-element elementor-element-2892678\" data-id=\"2892678\" data-element_type=\"column\" data-e-type=\"column\">\n\t\t\t<div class=\"elementor-widget-wrap elementor-element-populated\">\n\t\t\t\t\t\t<div class=\"elementor-element elementor-element-0b60ff7 elementor-widget elementor-widget-heading\" data-id=\"0b60ff7\" data-element_type=\"widget\" data-e-type=\"widget\" data-widget_type=\"heading.default\">\n\t\t\t\t<div class=\"elementor-widget-container\">\n\t\t\t\t\t<h2 class=\"elementor-heading-title elementor-size-default\">UAB \u201eParadis\u201c \u017eengia tvarumo link: \u012fsirengiame nuosav\u0105 saul\u0117s elektrin\u0119<\/h2>\t\t\t\t<\/div>\n\t\t\t\t<\/div>\n\t\t\t\t\t<\/div>\n\t\t<\/div>\n\t\t\t\t\t<\/div>\n\t\t<\/section>\n\t\t\t\t<section class=\"elementor-section elementor-top-section elementor-element elementor-element-80c01bf elementor-section-boxed elementor-section-height-default elementor-section-height-default\" data-id=\"80c01bf\" data-element_type=\"section\" data-e-type=\"section\">\n\t\t\t\t\t\t<div class=\"elementor-container elementor-column-gap-default\">\n\t\t\t\t\t<div class=\"elementor-column elementor-col-100 elementor-top-column elementor-element elementor-element-86afc8e\" data-id=\"86afc8e\" data-element_type=\"column\" data-e-type=\"column\">\n\t\t\t<div class=\"elementor-widget-wrap elementor-element-populated\">\n\t\t\t\t\t\t<div class=\"elementor-element elementor-element-67d9014 elementor-widget elementor-widget-text-editor\" data-id=\"67d9014\" data-element_type=\"widget\" data-e-type=\"widget\" data-widget_type=\"text-editor.default\">\n\t\t\t\t<div class=\"elementor-widget-container\">\n\t\t\t\t\t\t\t\t\t<p data-path-to-node=\"4\">Siekdami didinti energin\u012f efektyvum\u0105 ir prisid\u0117ti prie aplinkosaugos, UAB \u201eParadis\u201c suplanavo \u012fsirengti <b data-path-to-node=\"4\" data-index-in-node=\"104\">99 kW<\/b> saul\u0117s elektrin\u0119 ant \u012fmonei priklausan\u010di\u0173 patalp\u0173 stogo.&nbsp;<span style=\"font-style: inherit; font-weight: inherit;\">\u0160i galimyb\u0117 \u012fgyvendinama pateikus parai\u0161k\u0105 <\/span><b data-path-to-node=\"5\" data-index-in-node=\"43\" style=\"font-style: inherit;\">Lietuvos energetikos agent\u016brai<\/b><span style=\"font-style: inherit; font-weight: inherit;\"> ir gavus param\u0105 i\u0161 jungtinio projekto <\/span><b data-path-to-node=\"5\" data-index-in-node=\"112\" style=\"font-style: inherit;\">\u201eInvesticin\u0117 parama saul\u0117s elektrini\u0173 \u012frengimui sausumoje\u201c<\/b><span style=\"font-style: inherit; font-weight: inherit;\">.<\/span><\/p>\n<p data-path-to-node=\"6\">Projektas \u012fgyvendinamas pagal ekonomikos gaivinimo ir atsparumo didinimo plan\u0105 <b data-path-to-node=\"6\" data-index-in-node=\"79\">\u201eNaujos kartos Lietuva\u201c<\/b>, finansuojam\u0105 Europos S\u0105jungos ekonomikos gaivinimo ir atsparumo didinimo priemon\u0117s <b data-path-to-node=\"6\" data-index-in-node=\"187\">\u201eNextGenerationEU\u201c<\/b> l\u0117\u0161omis.<\/p>\t\t\t\t\t\t\t\t<\/div>\n\t\t\t\t<\/div>\n\t\t\t\t\t<\/div>\n\t\t<\/div>\n\t\t\t\t\t<\/div>\n\t\t<\/section>\n\t\t\t\t<section class=\"elementor-section elementor-top-section elementor-element elementor-element-0ab6f6e elementor-section-boxed elementor-section-height-default elementor-section-height-default\" data-id=\"0ab6f6e\" data-element_type=\"section\" data-e-type=\"section\">\n\t\t\t\t\t\t<div class=\"elementor-container elementor-column-gap-default\">\n\t\t\t\t\t<div class=\"elementor-column elementor-col-100 elementor-top-column elementor-element elementor-element-517316c\" data-id=\"517316c\" data-element_type=\"column\" data-e-type=\"column\">\n\t\t\t<div class=\"elementor-widget-wrap elementor-element-populated\">\n\t\t\t\t\t\t<div class=\"elementor-element elementor-element-2343be2 elementor-widget elementor-widget-image\" data-id=\"2343be2\" data-element_type=\"widget\" data-e-type=\"widget\" data-widget_type=\"image.default\">\n\t\t\t\t<div class=\"elementor-widget-container\">\n\t\t\t\t\t\t\t\t\t\t\t\t\t\t\t<img fetchpriority=\"high\" decoding=\"async\" width=\"700\" height=\"194\" src=\"https:\/\/www.paradis.lt\/wp-content\/uploads\/2026\/01\/515495965_1197882969024420_865098734773611781_n-700x194.jpg\" class=\"attachment-medium size-medium wp-image-338753\" alt=\"\" srcset=\"https:\/\/www.paradis.lt\/wp-content\/uploads\/2026\/01\/515495965_1197882969024420_865098734773611781_n-700x194.jpg 700w, https:\/\/www.paradis.lt\/wp-content\/uploads\/2026\/01\/515495965_1197882969024420_865098734773611781_n-1024x284.jpg 1024w, https:\/\/www.paradis.lt\/wp-content\/uploads\/2026\/01\/515495965_1197882969024420_865098734773611781_n-768x213.jpg 768w, https:\/\/www.paradis.lt\/wp-content\/uploads\/2026\/01\/515495965_1197882969024420_865098734773611781_n-900x250.jpg 900w, https:\/\/www.paradis.lt\/wp-content\/uploads\/2026\/01\/515495965_1197882969024420_865098734773611781_n.jpg 1261w\" sizes=\"(max-width: 700px) 100vw, 700px\" \/>\t\t\t\t\t\t\t\t\t\t\t\t\t\t\t<\/div>\n\t\t\t\t<\/div>\n\t\t\t\t\t<\/div>\n\t\t<\/div>\n\t\t\t\t\t<\/div>\n\t\t<\/section>\n\t\t\t\t<section class=\"elementor-section elementor-top-section elementor-element elementor-element-fedecd6 elementor-section-boxed elementor-section-height-default elementor-section-height-default\" data-id=\"fedecd6\" data-element_type=\"section\" data-e-type=\"section\">\n\t\t\t\t\t\t<div class=\"elementor-container elementor-column-gap-default\">\n\t\t\t\t\t<div class=\"elementor-column elementor-col-100 elementor-top-column elementor-element elementor-element-31c4440\" data-id=\"31c4440\" data-element_type=\"column\" data-e-type=\"column\">\n\t\t\t<div class=\"elementor-widget-wrap elementor-element-populated\">\n\t\t\t\t\t\t<div class=\"elementor-element elementor-element-039b530 elementor-widget elementor-widget-image\" data-id=\"039b530\" data-element_type=\"widget\" data-e-type=\"widget\" data-widget_type=\"image.default\">\n\t\t\t\t<div class=\"elementor-widget-container\">\n\t\t\t\t\t\t\t\t\t\t\t\t\t\t\t<img decoding=\"async\" width=\"700\" height=\"248\" src=\"https:\/\/www.paradis.lt\/wp-content\/uploads\/2026\/01\/515442350_1197883012357749_4829033131548470028_n-700x248.jpg\" class=\"attachment-medium size-medium wp-image-338752\" alt=\"\" srcset=\"https:\/\/www.paradis.lt\/wp-content\/uploads\/2026\/01\/515442350_1197883012357749_4829033131548470028_n-700x248.jpg 700w, https:\/\/www.paradis.lt\/wp-content\/uploads\/2026\/01\/515442350_1197883012357749_4829033131548470028_n-1024x363.jpg 1024w, https:\/\/www.paradis.lt\/wp-content\/uploads\/2026\/01\/515442350_1197883012357749_4829033131548470028_n-768x273.jpg 768w, https:\/\/www.paradis.lt\/wp-content\/uploads\/2026\/01\/515442350_1197883012357749_4829033131548470028_n-900x319.jpg 900w, https:\/\/www.paradis.lt\/wp-content\/uploads\/2026\/01\/515442350_1197883012357749_4829033131548470028_n.jpg 1175w\" sizes=\"(max-width: 700px) 100vw, 700px\" \/>\t\t\t\t\t\t\t\t\t\t\t\t\t\t\t<\/div>\n\t\t\t\t<\/div>\n\t\t\t\t\t<\/div>\n\t\t<\/div>\n\t\t\t\t\t<\/div>\n\t\t<\/section>\n\t\t\t\t<section class=\"elementor-section elementor-top-section elementor-element elementor-element-359990c elementor-section-boxed elementor-section-height-default elementor-section-height-default\" data-id=\"359990c\" data-element_type=\"section\" data-e-type=\"section\">\n\t\t\t\t\t\t<div class=\"elementor-container elementor-column-gap-default\">\n\t\t\t\t\t<div class=\"elementor-column elementor-col-100 elementor-top-column elementor-element elementor-element-d6b471c\" data-id=\"d6b471c\" data-element_type=\"column\" data-e-type=\"column\">\n\t\t\t<div class=\"elementor-widget-wrap elementor-element-populated\">\n\t\t\t\t\t\t<div class=\"elementor-element elementor-element-aba41a3 elementor-widget elementor-widget-image\" data-id=\"aba41a3\" data-element_type=\"widget\" data-e-type=\"widget\" data-widget_type=\"image.default\">\n\t\t\t\t<div class=\"elementor-widget-container\">\n\t\t\t\t\t\t\t\t\t\t\t\t\t\t\t<img decoding=\"async\" width=\"700\" height=\"234\" src=\"https:\/\/www.paradis.lt\/wp-content\/uploads\/2026\/01\/515502807_1197883089024408_2123669904207511246_n-700x234.jpg\" class=\"attachment-medium size-medium wp-image-338754\" alt=\"\" srcset=\"https:\/\/www.paradis.lt\/wp-content\/uploads\/2026\/01\/515502807_1197883089024408_2123669904207511246_n-700x234.jpg 700w, https:\/\/www.paradis.lt\/wp-content\/uploads\/2026\/01\/515502807_1197883089024408_2123669904207511246_n-1024x342.jpg 1024w, https:\/\/www.paradis.lt\/wp-content\/uploads\/2026\/01\/515502807_1197883089024408_2123669904207511246_n-768x256.jpg 768w, https:\/\/www.paradis.lt\/wp-content\/uploads\/2026\/01\/515502807_1197883089024408_2123669904207511246_n-900x301.jpg 900w, https:\/\/www.paradis.lt\/wp-content\/uploads\/2026\/01\/515502807_1197883089024408_2123669904207511246_n.jpg 1180w\" sizes=\"(max-width: 700px) 100vw, 700px\" \/>\t\t\t\t\t\t\t\t\t\t\t\t\t\t\t<\/div>\n\t\t\t\t<\/div>\n\t\t\t\t\t<\/div>\n\t\t<\/div>\n\t\t\t\t\t<\/div>\n\t\t<\/section>\n\t\t\t\t<section class=\"elementor-section elementor-top-section elementor-element elementor-element-1c289a7 elementor-section-boxed elementor-section-height-default elementor-section-height-default\" data-id=\"1c289a7\" data-element_type=\"section\" data-e-type=\"section\">\n\t\t\t\t\t\t<div class=\"elementor-container elementor-column-gap-default\">\n\t\t\t\t\t<div class=\"elementor-column elementor-col-100 elementor-top-column elementor-element elementor-element-5bed528\" data-id=\"5bed528\" data-element_type=\"column\" data-e-type=\"column\">\n\t\t\t<div class=\"elementor-widget-wrap\">\n\t\t\t\t\t\t\t<\/div>\n\t\t<\/div>\n\t\t\t\t\t<\/div>\n\t\t<\/section>\n\t\t\t\t<\/div>\n\t\t","protected":false},"excerpt":{"rendered":"<p>UAB \u201eParadis\u201c \u017eengia tvarumo link: \u012fsirengiame nuosav\u0105 saul\u0117s elektrin\u0119 Siekdami didinti energin\u012f efektyvum\u0105 ir prisid\u0117ti prie aplinkosaugos, UAB \u201eParadis\u201c suplanavo [&hellip;]<\/p>\n","protected":false},"author":9,"featured_media":0,"parent":0,"menu_order":0,"comment_status":"closed","ping_status":"closed","template":"","meta":{"inline_featured_image":false,"site-sidebar-layout":"no-sidebar","site-content-layout":"","ast-site-content-layout":"full-width-container","site-content-style":"default","site-sidebar-style":"default","ast-global-header-display":"","ast-banner-title-visibility":"","ast-main-header-display":"","ast-hfb-above-header-display":"","ast-hfb-below-header-display":"","ast-hfb-mobile-header-display":"","site-post-title":"disabled","ast-breadcrumbs-content":"","ast-featured-img":"disabled","footer-sml-layout":"","theme-transparent-header-meta":"","adv-header-id-meta":"","stick-header-meta":"","header-above-stick-meta":"","header-main-stick-meta":"","header-below-stick-meta":"","astra-migrate-meta-layouts":"default","ast-page-background-enabled":"default","ast-page-background-meta":{"desktop":{"background-color":"var(--ast-global-color-4)","background-image":"","background-repeat":"repeat","background-position":"center center","background-size":"auto","background-attachment":"scroll","background-type":"","background-media":"","overlay-type":"","overlay-color":"","overlay-gradient":""},"tablet":{"background-color":"","background-image":"","background-repeat":"repeat","background-position":"center center","background-size":"auto","background-attachment":"scroll","background-type":"","background-media":"","overlay-type":"","overlay-color":"","overlay-gradient":""},"mobile":{"background-color":"","background-image":"","background-repeat":"repeat","background-position":"center center","background-size":"auto","background-attachment":"scroll","background-type":"","background-media":"","overlay-type":"","overlay-color":"","overlay-gradient":""}},"ast-content-background-meta":{"desktop":{"background-color":"var(--ast-global-color-5)","background-image":"","background-repeat":"repeat","background-position":"center center","background-size":"auto","background-attachment":"scroll","background-type":"","background-media":"","overlay-type":"","overlay-color":"","overlay-gradient":""},"tablet":{"background-color":"var(--ast-global-color-5)","background-image":"","background-repeat":"repeat","background-position":"center center","background-size":"auto","background-attachment":"scroll","background-type":"","background-media":"","overlay-type":"","overlay-color":"","overlay-gradient":""},"mobile":{"background-color":"var(--ast-global-color-5)","background-image":"","background-repeat":"repeat","background-position":"center center","background-size":"auto","background-attachment":"scroll","background-type":"","background-media":"","overlay-type":"","overlay-color":"","overlay-gradient":""}},"footnotes":""},"class_list":["post-338750","page","type-page","status-publish","hentry"],"yoast_head":"<!-- This site is optimized with the Yoast SEO plugin v27.5 - https:\/\/yoast.com\/product\/yoast-seo-wordpress\/ -->\n<title>Projektai - UAB Paradis<\/title>\n<meta name=\"robots\" content=\"index, follow, max-snippet:-1, max-image-preview:large, max-video-preview:-1\" \/>\n<link rel=\"canonical\" href=\"https:\/\/www.paradis.lt\/lv\/projektai\/\" \/>\n<meta property=\"og:locale\" content=\"lv_LV\" \/>\n<meta property=\"og:type\" content=\"article\" \/>\n<meta property=\"og:title\" content=\"Projektai - UAB Paradis\" \/>\n<meta property=\"og:description\" content=\"UAB \u201eParadis\u201c \u017eengia tvarumo link: \u012fsirengiame nuosav\u0105 saul\u0117s elektrin\u0119 Siekdami didinti energin\u012f efektyvum\u0105 ir prisid\u0117ti prie aplinkosaugos, UAB \u201eParadis\u201c suplanavo [&hellip;]\" \/>\n<meta property=\"og:url\" content=\"https:\/\/www.paradis.lt\/lv\/projektai\/\" \/>\n<meta property=\"og:site_name\" content=\"UAB Paradis\" \/>\n<meta property=\"article:modified_time\" content=\"2026-01-06T06:47:09+00:00\" \/>\n<meta property=\"og:image\" content=\"https:\/\/www.paradis.lt\/wp-content\/uploads\/2026\/01\/515495965_1197882969024420_865098734773611781_n.jpg\" \/>\n\t<meta property=\"og:image:width\" content=\"1261\" \/>\n\t<meta property=\"og:image:height\" content=\"350\" \/>\n\t<meta property=\"og:image:type\" content=\"image\/jpeg\" \/>\n<meta name=\"twitter:card\" content=\"summary_large_image\" \/>\n<meta name=\"twitter:label1\" content=\"Est. reading time\" \/>\n\t<meta name=\"twitter:data1\" content=\"1 minute\" \/>\n<script type=\"application\/ld+json\" class=\"yoast-schema-graph\">{\"@context\":\"https:\\\/\\\/schema.org\",\"@graph\":[{\"@type\":\"WebPage\",\"@id\":\"https:\\\/\\\/www.paradis.lt\\\/lv\\\/projektai\\\/\",\"url\":\"https:\\\/\\\/www.paradis.lt\\\/lv\\\/projektai\\\/\",\"name\":\"Projektai - UAB Paradis\",\"isPartOf\":{\"@id\":\"https:\\\/\\\/www.paradis.lt\\\/lv\\\/#website\"},\"primaryImageOfPage\":{\"@id\":\"https:\\\/\\\/www.paradis.lt\\\/lv\\\/projektai\\\/#primaryimage\"},\"image\":{\"@id\":\"https:\\\/\\\/www.paradis.lt\\\/lv\\\/projektai\\\/#primaryimage\"},\"thumbnailUrl\":\"https:\\\/\\\/www.paradis.lt\\\/wp-content\\\/uploads\\\/2026\\\/01\\\/515495965_1197882969024420_865098734773611781_n-700x194.jpg\",\"datePublished\":\"2026-01-06T06:42:16+00:00\",\"dateModified\":\"2026-01-06T06:47:09+00:00\",\"inLanguage\":\"lv-LV\",\"potentialAction\":[{\"@type\":\"ReadAction\",\"target\":[\"https:\\\/\\\/www.paradis.lt\\\/lv\\\/projektai\\\/\"]}]},{\"@type\":\"ImageObject\",\"inLanguage\":\"lv-LV\",\"@id\":\"https:\\\/\\\/www.paradis.lt\\\/lv\\\/projektai\\\/#primaryimage\",\"url\":\"https:\\\/\\\/www.paradis.lt\\\/wp-content\\\/uploads\\\/2026\\\/01\\\/515495965_1197882969024420_865098734773611781_n-700x194.jpg\",\"contentUrl\":\"https:\\\/\\\/www.paradis.lt\\\/wp-content\\\/uploads\\\/2026\\\/01\\\/515495965_1197882969024420_865098734773611781_n-700x194.jpg\"},{\"@type\":\"WebSite\",\"@id\":\"https:\\\/\\\/www.paradis.lt\\\/lv\\\/#website\",\"url\":\"https:\\\/\\\/www.paradis.lt\\\/lv\\\/\",\"name\":\"UAB Paradis\",\"description\":\"UAB Paradis\",\"potentialAction\":[{\"@type\":\"SearchAction\",\"target\":{\"@type\":\"EntryPoint\",\"urlTemplate\":\"https:\\\/\\\/www.paradis.lt\\\/lv\\\/?s={search_term_string}\"},\"query-input\":{\"@type\":\"PropertyValueSpecification\",\"valueRequired\":true,\"valueName\":\"search_term_string\"}}],\"inLanguage\":\"lv-LV\"}]}<\/script>\n<!-- \/ Yoast SEO plugin. -->","yoast_head_json":{"title":"Projektai - UAB Paradis","robots":{"index":"index","follow":"follow","max-snippet":"max-snippet:-1","max-image-preview":"max-image-preview:large","max-video-preview":"max-video-preview:-1"},"canonical":"https:\/\/www.paradis.lt\/lv\/projektai\/","og_locale":"lv_LV","og_type":"article","og_title":"Projektai - UAB Paradis","og_description":"UAB \u201eParadis\u201c \u017eengia tvarumo link: \u012fsirengiame nuosav\u0105 saul\u0117s elektrin\u0119 Siekdami didinti energin\u012f efektyvum\u0105 ir prisid\u0117ti prie aplinkosaugos, UAB \u201eParadis\u201c suplanavo [&hellip;]","og_url":"https:\/\/www.paradis.lt\/lv\/projektai\/","og_site_name":"UAB Paradis","article_modified_time":"2026-01-06T06:47:09+00:00","og_image":[{"width":1261,"height":350,"url":"https:\/\/www.paradis.lt\/wp-content\/uploads\/2026\/01\/515495965_1197882969024420_865098734773611781_n.jpg","type":"image\/jpeg"}],"twitter_card":"summary_large_image","twitter_misc":{"Est. reading time":"1 minute"},"schema":{"@context":"https:\/\/schema.org","@graph":[{"@type":"WebPage","@id":"https:\/\/www.paradis.lt\/lv\/projektai\/","url":"https:\/\/www.paradis.lt\/lv\/projektai\/","name":"Projektai - UAB Paradis","isPartOf":{"@id":"https:\/\/www.paradis.lt\/lv\/#website"},"primaryImageOfPage":{"@id":"https:\/\/www.paradis.lt\/lv\/projektai\/#primaryimage"},"image":{"@id":"https:\/\/www.paradis.lt\/lv\/projektai\/#primaryimage"},"thumbnailUrl":"https:\/\/www.paradis.lt\/wp-content\/uploads\/2026\/01\/515495965_1197882969024420_865098734773611781_n-700x194.jpg","datePublished":"2026-01-06T06:42:16+00:00","dateModified":"2026-01-06T06:47:09+00:00","inLanguage":"lv-LV","potentialAction":[{"@type":"ReadAction","target":["https:\/\/www.paradis.lt\/lv\/projektai\/"]}]},{"@type":"ImageObject","inLanguage":"lv-LV","@id":"https:\/\/www.paradis.lt\/lv\/projektai\/#primaryimage","url":"https:\/\/www.paradis.lt\/wp-content\/uploads\/2026\/01\/515495965_1197882969024420_865098734773611781_n-700x194.jpg","contentUrl":"https:\/\/www.paradis.lt\/wp-content\/uploads\/2026\/01\/515495965_1197882969024420_865098734773611781_n-700x194.jpg"},{"@type":"WebSite","@id":"https:\/\/www.paradis.lt\/lv\/#website","url":"https:\/\/www.paradis.lt\/lv\/","name":"UAB Paradis","description":"UAB Paradis","potentialAction":[{"@type":"SearchAction","target":{"@type":"EntryPoint","urlTemplate":"https:\/\/www.paradis.lt\/lv\/?s={search_term_string}"},"query-input":{"@type":"PropertyValueSpecification","valueRequired":true,"valueName":"search_term_string"}}],"inLanguage":"lv-LV"}]}},"jetpack_sharing_enabled":true,"_links":{"self":[{"href":"https:\/\/www.paradis.lt\/lv\/wp-json\/wp\/v2\/pages\/338750","targetHints":{"allow":["GET"]}}],"collection":[{"href":"https:\/\/www.paradis.lt\/lv\/wp-json\/wp\/v2\/pages"}],"about":[{"href":"https:\/\/www.paradis.lt\/lv\/wp-json\/wp\/v2\/types\/page"}],"author":[{"embeddable":true,"href":"https:\/\/www.paradis.lt\/lv\/wp-json\/wp\/v2\/users\/9"}],"replies":[{"embeddable":true,"href":"https:\/\/www.paradis.lt\/lv\/wp-json\/wp\/v2\/comments?post=338750"}],"version-history":[{"count":5,"href":"https:\/\/www.paradis.lt\/lv\/wp-json\/wp\/v2\/pages\/338750\/revisions"}],"predecessor-version":[{"id":338758,"href":"https:\/\/www.paradis.lt\/lv\/wp-json\/wp\/v2\/pages\/338750\/revisions\/338758"}],"wp:attachment":[{"href":"https:\/\/www.paradis.lt\/lv\/wp-json\/wp\/v2\/media?parent=338750"}],"curies":[{"name":"wp","href":"https:\/\/api.w.org\/{rel}","templated":true}]}}