{"id":339093,"date":"2026-04-30T08:02:20","date_gmt":"2026-04-30T08:02:20","guid":{"rendered":"https:\/\/www.paradis.lt\/?page_id=339093"},"modified":"2026-04-30T08:03:08","modified_gmt":"2026-04-30T08:03:08","slug":"karjera","status":"publish","type":"page","link":"https:\/\/www.paradis.lt\/en\/karjera\/","title":{"rendered":"Karjera"},"content":{"rendered":"\t\t<div data-elementor-type=\"wp-page\" data-elementor-id=\"339093\" class=\"elementor elementor-339093\">\n\t\t\t\t\t\t<section class=\"elementor-section elementor-top-section elementor-element elementor-element-8e13b25 elementor-section-boxed elementor-section-height-default elementor-section-height-default\" data-id=\"8e13b25\" data-element_type=\"section\" data-e-type=\"section\">\n\t\t\t\t\t\t<div class=\"elementor-container elementor-column-gap-default\">\n\t\t\t\t\t<div class=\"elementor-column elementor-col-100 elementor-top-column elementor-element elementor-element-f1ee506\" data-id=\"f1ee506\" data-element_type=\"column\" data-e-type=\"column\">\n\t\t\t<div class=\"elementor-widget-wrap elementor-element-populated\">\n\t\t\t\t\t\t<div class=\"elementor-element elementor-element-58df4dd elementor-widget elementor-widget-heading\" data-id=\"58df4dd\" data-element_type=\"widget\" data-e-type=\"widget\" data-widget_type=\"heading.default\">\n\t\t\t\t<div class=\"elementor-widget-container\">\n\t\t\t\t\t<h1 class=\"elementor-heading-title elementor-size-default\">UAB \u201eParadis\u201c ie\u0161ko lift\u0173 montuotojo(-s)<\/h1>\t\t\t\t<\/div>\n\t\t\t\t<\/div>\n\t\t\t\t\t<\/div>\n\t\t<\/div>\n\t\t\t\t\t<\/div>\n\t\t<\/section>\n\t\t\t\t<section class=\"elementor-section elementor-top-section elementor-element elementor-element-f723bab elementor-section-boxed elementor-section-height-default elementor-section-height-default\" data-id=\"f723bab\" data-element_type=\"section\" data-e-type=\"section\">\n\t\t\t\t\t\t<div class=\"elementor-container elementor-column-gap-default\">\n\t\t\t\t\t<div class=\"elementor-column elementor-col-100 elementor-top-column elementor-element elementor-element-f637fc6\" data-id=\"f637fc6\" data-element_type=\"column\" data-e-type=\"column\">\n\t\t\t<div class=\"elementor-widget-wrap elementor-element-populated\">\n\t\t\t\t\t\t<div class=\"elementor-element elementor-element-850df47 elementor-widget elementor-widget-video\" data-id=\"850df47\" data-element_type=\"widget\" data-e-type=\"widget\" data-settings=\"{&quot;youtube_url&quot;:&quot;https:\\\/\\\/www.youtube.com\\\/watch?v=kTM9ZKeAG_4&quot;,&quot;video_type&quot;:&quot;youtube&quot;,&quot;controls&quot;:&quot;yes&quot;}\" data-widget_type=\"video.default\">\n\t\t\t\t<div class=\"elementor-widget-container\">\n\t\t\t\t\t\t\t<div class=\"elementor-wrapper elementor-open-inline\">\n\t\t\t<div class=\"elementor-video\"><\/div>\t\t<\/div>\n\t\t\t\t\t\t<\/div>\n\t\t\t\t<\/div>\n\t\t\t\t\t<\/div>\n\t\t<\/div>\n\t\t\t\t\t<\/div>\n\t\t<\/section>\n\t\t\t\t<section class=\"elementor-section elementor-top-section elementor-element elementor-element-8385696 elementor-section-boxed elementor-section-height-default elementor-section-height-default\" data-id=\"8385696\" data-element_type=\"section\" data-e-type=\"section\">\n\t\t\t\t\t\t<div class=\"elementor-container elementor-column-gap-default\">\n\t\t\t\t\t<div class=\"elementor-column elementor-col-100 elementor-top-column elementor-element elementor-element-d300441\" data-id=\"d300441\" data-element_type=\"column\" data-e-type=\"column\">\n\t\t\t<div class=\"elementor-widget-wrap elementor-element-populated\">\n\t\t\t\t\t\t<div class=\"elementor-element elementor-element-3c9e5f4 elementor-widget elementor-widget-text-editor\" data-id=\"3c9e5f4\" data-element_type=\"widget\" data-e-type=\"widget\" data-widget_type=\"text-editor.default\">\n\t\t\t\t<div class=\"elementor-widget-container\">\n\t\t\t\t\t\t\t\t\t<div id=\"jobad_content_main\"><section><section><div class=\"jobad_txt\">UAB &#8220;Paradis&#8221; yra viena lyderiaujan\u010di\u0173 \u012fmoni\u0173 Lietuvoje, sumontuojanti did\u017eiausi\u0105 skai\u010di\u0173 lift\u0173 ir keltuv\u0173, ir yra oficiali Ispanijos lift\u0173 gamintojo Orona (kiekvienas de\u0161imtas liftas Europoje \u2013 Orona) atstov\u0117. Ple\u010diame savo komand\u0105 ir ie\u0161kome atsaking\u0173 bei patyrusi\u0173 specialist\u0173, norin\u010di\u0173 prisid\u0117ti prie m\u016bs\u0173 s\u0117km\u0117s. Jei esi kruop\u0161tus, pozityvus, atsakingas ir ie\u0161kai galimyb\u0117s realizuoti save stabilioje ir augan\u010dioje \u012fmon\u0117je, \u0161is pasi\u016blymas tau!<\/div><div>\u00a0<\/div><\/section><section><h2 class=\"heading2 jobad_subheading\">Darbo pob\u016bdis<\/h2><div class=\"jobad_txt\"><p>Lift\u0173 montuotojo (-os) pozicija apima \u012fvairias ir atsakingas u\u017eduotis, u\u017etikrinan\u010dias skland\u0173 ir saug\u0173 lift\u0173 keltuv\u0173 montavim\u0105:<\/p><ul><li>Lift\u0173 montavimo darbai pagal technin\u0119 dokumentacij\u0105 ir auk\u0161\u010diausius kokyb\u0117s standartus.<\/li><li>Darbai vykdomi \u012fvairios paskirties pastatuose, skirtingose Lietuvos vietov\u0117se.<\/li><li>Numatytos darbo komandiruot\u0117s, atsi\u017evelgiant \u012f objekt\u0173 lokacijas.<\/li><li>Darbas atliekamas auk\u0161tyje, grie\u017etai vadovaujantis darbuotoj\u0173 saugos ir sveikatos reikalavimais.<\/li><li>Darbas vykdomas dviej\u0173 montuotoj\u0173 komandoje.<\/li><\/ul><\/div><\/section><section><h2 class=\"heading2 jobad_subheading\">Reikalavimai darbuotojui<\/h2><div class=\"jobad_txt\"><p>Ie\u0161kome patikimo ir motyvuoto komandos nario, kuris atitikt\u0173 \u0161iuos reikalavimus:<\/p><ul><li>Praktiniai \u012fg\u016bd\u017eiai ir patirtis dirbant su elektriniais \u012frankiais.<\/li><li>\u017dinios ir patirtis dirbant statyb\u0173 ar montavimo srityje.<\/li><li>Tikslumas ir kruop\u0161tumas dirbant su mechanin\u0117mis sistemomis (j\u0173 surinkimas ir derinimas), u\u017etikrinant nepriekai\u0161ting\u0105 rezultat\u0105.<\/li><li>Geb\u0117jimas konstruktyviai bendradarbiauti su komanda, siekiant bendr\u0173 tiksl\u0173 ir s\u0117km\u0117s.<\/li><li>Geb\u0117jimas tinkamai planuoti darb\u0173 eig\u0105, laikytis nustatyt\u0173 termin\u0173 ir u\u017etikrinti operatyv\u0173 u\u017eduo\u010di\u0173 atlikim\u0105.<\/li><li>Motyvacija imtis atsakomyb\u0117s ir aktyviai ie\u0161koti sprendim\u0173 sud\u0117tingose situacijose.<\/li><li>B\u016btina tur\u0117ti vairuotojo pa\u017eym\u0117jim\u0105.<\/li><\/ul><p><strong>\u0160ios savyb\u0117s ar patirtis b\u016bt\u0173 didelis privalumas:<\/strong><\/p><ul><li>Technin\u0117s dokumentacijos, br\u0117\u017eini\u0173 ir schem\u0173 i\u0161manymas.<\/li><li>Lift\u0173\/keltuv\u0173 montavimo ar prie\u017ei\u016bros darb\u0173 patirtis.<\/li><li>Turimas lift\u0173 elektromechaniko pa\u017eym\u0117jimas b\u016bt\u0173 itin didelis privalumas ir \u017eenkliai paspartint\u0173 tavo adaptacij\u0105 m\u016bs\u0173 komandoje.<\/li><\/ul><\/div><\/section><section><h2 class=\"heading2 jobad_subheading\">\u012emon\u0117 si\u016blo<\/h2><div><div class=\"jobad_txt\"><ul><li>I\u0161sam\u0173 ir nuolatin\u012f mokym\u0105, profesini\u0173 \u012fg\u016bd\u017ei\u0173 ugdym\u0105;<\/li><li>Tobul\u0117jimo ir kvalifikacijos k\u0117limo galimybes;<\/li><li>Stabil\u0173 ir u\u017etikrint\u0105 darb\u0105 bei laiku mokam\u0105 atlyginim\u0105;<\/li><li>Darbo u\u017emokes\u010dio priedus, priklausan\u010dius nuo darbo rezultat\u0173;<\/li><li>Visas darbui reikalingas priemones: tarnybin\u012f automobil\u012f, darbo \u012frankius, darbo aprang\u0105;<\/li><li>Draugi\u0161k\u0105 ir ver\u017eli\u0105 profesionali\u0173 koleg\u0173 komand\u0105.<\/li><\/ul><p><strong>Telefonas pasiteirauti: +37061312725<\/strong><\/p><\/div><\/div><\/section><section><h2 class=\"heading2 jobad_subheading\">Atlyginimas<\/h2><div class=\"jobad_txt\">1100-1500 \u20ac\/m\u0117n. \u012f rankas<br \/>Bazinis darbo u\u017emokestis priklauso nuo darbuotojo kompetencijos (nuo 1100- 1500 Eur\/m\u0117n. \u012f rankas), kintama darbo u\u017emokes\u010dio dalis priklauso nuo darbo rezultat\u0173, pagal \u012fmon\u0117je patvirtint\u0105 Darbo u\u017emokes\u010dio apmok\u0117jimo tvark\u0105.<\/div><\/section><\/section><\/div>\t\t\t\t\t\t\t\t<\/div>\n\t\t\t\t<\/div>\n\t\t\t\t\t<\/div>\n\t\t<\/div>\n\t\t\t\t\t<\/div>\n\t\t<\/section>\n\t\t\t\t<\/div>\n\t\t","protected":false},"excerpt":{"rendered":"<p>UAB \u201eParadis\u201c ie\u0161ko lift\u0173 montuotojo(-s) https:\/\/www.youtube.com\/watch?v=kTM9ZKeAG_4 UAB &#8220;Paradis&#8221; yra viena lyderiaujan\u010di\u0173 \u012fmoni\u0173 Lietuvoje, sumontuojanti did\u017eiausi\u0105 skai\u010di\u0173 lift\u0173 ir keltuv\u0173, ir [&hellip;]<\/p>\n","protected":false},"author":9,"featured_media":0,"parent":0,"menu_order":0,"comment_status":"closed","ping_status":"closed","template":"","meta":{"inline_featured_image":false,"site-sidebar-layout":"no-sidebar","site-content-layout":"","ast-site-content-layout":"full-width-container","site-content-style":"default","site-sidebar-style":"default","ast-global-header-display":"","ast-banner-title-visibility":"","ast-main-header-display":"","ast-hfb-above-header-display":"","ast-hfb-below-header-display":"","ast-hfb-mobile-header-display":"","site-post-title":"disabled","ast-breadcrumbs-content":"","ast-featured-img":"disabled","footer-sml-layout":"","theme-transparent-header-meta":"","adv-header-id-meta":"","stick-header-meta":"","header-above-stick-meta":"","header-main-stick-meta":"","header-below-stick-meta":"","astra-migrate-meta-layouts":"default","ast-page-background-enabled":"default","ast-page-background-meta":{"desktop":{"background-color":"var(--ast-global-color-4)","background-image":"","background-repeat":"repeat","background-position":"center center","background-size":"auto","background-attachment":"scroll","background-type":"","background-media":"","overlay-type":"","overlay-color":"","overlay-gradient":""},"tablet":{"background-color":"","background-image":"","background-repeat":"repeat","background-position":"center center","background-size":"auto","background-attachment":"scroll","background-type":"","background-media":"","overlay-type":"","overlay-color":"","overlay-gradient":""},"mobile":{"background-color":"","background-image":"","background-repeat":"repeat","background-position":"center center","background-size":"auto","background-attachment":"scroll","background-type":"","background-media":"","overlay-type":"","overlay-color":"","overlay-gradient":""}},"ast-content-background-meta":{"desktop":{"background-color":"var(--ast-global-color-5)","background-image":"","background-repeat":"repeat","background-position":"center center","background-size":"auto","background-attachment":"scroll","background-type":"","background-media":"","overlay-type":"","overlay-color":"","overlay-gradient":""},"tablet":{"background-color":"var(--ast-global-color-5)","background-image":"","background-repeat":"repeat","background-position":"center center","background-size":"auto","background-attachment":"scroll","background-type":"","background-media":"","overlay-type":"","overlay-color":"","overlay-gradient":""},"mobile":{"background-color":"var(--ast-global-color-5)","background-image":"","background-repeat":"repeat","background-position":"center center","background-size":"auto","background-attachment":"scroll","background-type":"","background-media":"","overlay-type":"","overlay-color":"","overlay-gradient":""}},"footnotes":""},"class_list":["post-339093","page","type-page","status-publish","hentry"],"yoast_head":"<!-- This site is optimized with the Yoast SEO plugin v27.5 - https:\/\/yoast.com\/product\/yoast-seo-wordpress\/ -->\n<title>Karjera - UAB Paradis<\/title>\n<meta name=\"robots\" content=\"index, follow, max-snippet:-1, max-image-preview:large, max-video-preview:-1\" \/>\n<link rel=\"canonical\" href=\"https:\/\/www.paradis.lt\/en\/karjera\/\" \/>\n<meta property=\"og:locale\" content=\"en_US\" \/>\n<meta property=\"og:type\" content=\"article\" \/>\n<meta property=\"og:title\" content=\"Karjera - UAB Paradis\" \/>\n<meta property=\"og:description\" content=\"UAB \u201eParadis\u201c ie\u0161ko lift\u0173 montuotojo(-s) https:\/\/www.youtube.com\/watch?v=kTM9ZKeAG_4 UAB &#8220;Paradis&#8221; yra viena lyderiaujan\u010di\u0173 \u012fmoni\u0173 Lietuvoje, sumontuojanti did\u017eiausi\u0105 skai\u010di\u0173 lift\u0173 ir keltuv\u0173, ir [&hellip;]\" \/>\n<meta property=\"og:url\" content=\"https:\/\/www.paradis.lt\/en\/karjera\/\" \/>\n<meta property=\"og:site_name\" content=\"UAB Paradis\" \/>\n<meta property=\"article:modified_time\" content=\"2026-04-30T08:03:08+00:00\" \/>\n<meta name=\"twitter:card\" content=\"summary_large_image\" \/>\n<meta name=\"twitter:label1\" content=\"Est. reading time\" \/>\n\t<meta name=\"twitter:data1\" content=\"2 minutes\" \/>\n<script type=\"application\/ld+json\" class=\"yoast-schema-graph\">{\"@context\":\"https:\\\/\\\/schema.org\",\"@graph\":[{\"@type\":\"WebPage\",\"@id\":\"https:\\\/\\\/www.paradis.lt\\\/en\\\/karjera\\\/\",\"url\":\"https:\\\/\\\/www.paradis.lt\\\/en\\\/karjera\\\/\",\"name\":\"Karjera - UAB Paradis\",\"isPartOf\":{\"@id\":\"https:\\\/\\\/www.paradis.lt\\\/en\\\/#website\"},\"datePublished\":\"2026-04-30T08:02:20+00:00\",\"dateModified\":\"2026-04-30T08:03:08+00:00\",\"inLanguage\":\"en-US\",\"potentialAction\":[{\"@type\":\"ReadAction\",\"target\":[\"https:\\\/\\\/www.paradis.lt\\\/en\\\/karjera\\\/\"]}]},{\"@type\":\"WebSite\",\"@id\":\"https:\\\/\\\/www.paradis.lt\\\/en\\\/#website\",\"url\":\"https:\\\/\\\/www.paradis.lt\\\/en\\\/\",\"name\":\"UAB Paradis\",\"description\":\"UAB Paradis\",\"potentialAction\":[{\"@type\":\"SearchAction\",\"target\":{\"@type\":\"EntryPoint\",\"urlTemplate\":\"https:\\\/\\\/www.paradis.lt\\\/en\\\/?s={search_term_string}\"},\"query-input\":{\"@type\":\"PropertyValueSpecification\",\"valueRequired\":true,\"valueName\":\"search_term_string\"}}],\"inLanguage\":\"en-US\"}]}<\/script>\n<!-- \/ Yoast SEO plugin. -->","yoast_head_json":{"title":"Karjera - UAB Paradis","robots":{"index":"index","follow":"follow","max-snippet":"max-snippet:-1","max-image-preview":"max-image-preview:large","max-video-preview":"max-video-preview:-1"},"canonical":"https:\/\/www.paradis.lt\/en\/karjera\/","og_locale":"en_US","og_type":"article","og_title":"Karjera - UAB Paradis","og_description":"UAB \u201eParadis\u201c ie\u0161ko lift\u0173 montuotojo(-s) https:\/\/www.youtube.com\/watch?v=kTM9ZKeAG_4 UAB &#8220;Paradis&#8221; yra viena lyderiaujan\u010di\u0173 \u012fmoni\u0173 Lietuvoje, sumontuojanti did\u017eiausi\u0105 skai\u010di\u0173 lift\u0173 ir keltuv\u0173, ir [&hellip;]","og_url":"https:\/\/www.paradis.lt\/en\/karjera\/","og_site_name":"UAB Paradis","article_modified_time":"2026-04-30T08:03:08+00:00","twitter_card":"summary_large_image","twitter_misc":{"Est. reading time":"2 minutes"},"schema":{"@context":"https:\/\/schema.org","@graph":[{"@type":"WebPage","@id":"https:\/\/www.paradis.lt\/en\/karjera\/","url":"https:\/\/www.paradis.lt\/en\/karjera\/","name":"Karjera - UAB Paradis","isPartOf":{"@id":"https:\/\/www.paradis.lt\/en\/#website"},"datePublished":"2026-04-30T08:02:20+00:00","dateModified":"2026-04-30T08:03:08+00:00","inLanguage":"en-US","potentialAction":[{"@type":"ReadAction","target":["https:\/\/www.paradis.lt\/en\/karjera\/"]}]},{"@type":"WebSite","@id":"https:\/\/www.paradis.lt\/en\/#website","url":"https:\/\/www.paradis.lt\/en\/","name":"UAB Paradis","description":"UAB Paradis","potentialAction":[{"@type":"SearchAction","target":{"@type":"EntryPoint","urlTemplate":"https:\/\/www.paradis.lt\/en\/?s={search_term_string}"},"query-input":{"@type":"PropertyValueSpecification","valueRequired":true,"valueName":"search_term_string"}}],"inLanguage":"en-US"}]}},"jetpack_sharing_enabled":true,"_links":{"self":[{"href":"https:\/\/www.paradis.lt\/en\/wp-json\/wp\/v2\/pages\/339093","targetHints":{"allow":["GET"]}}],"collection":[{"href":"https:\/\/www.paradis.lt\/en\/wp-json\/wp\/v2\/pages"}],"about":[{"href":"https:\/\/www.paradis.lt\/en\/wp-json\/wp\/v2\/types\/page"}],"author":[{"embeddable":true,"href":"https:\/\/www.paradis.lt\/en\/wp-json\/wp\/v2\/users\/9"}],"replies":[{"embeddable":true,"href":"https:\/\/www.paradis.lt\/en\/wp-json\/wp\/v2\/comments?post=339093"}],"version-history":[{"count":5,"href":"https:\/\/www.paradis.lt\/en\/wp-json\/wp\/v2\/pages\/339093\/revisions"}],"predecessor-version":[{"id":339098,"href":"https:\/\/www.paradis.lt\/en\/wp-json\/wp\/v2\/pages\/339093\/revisions\/339098"}],"wp:attachment":[{"href":"https:\/\/www.paradis.lt\/en\/wp-json\/wp\/v2\/media?parent=339093"}],"curies":[{"name":"wp","href":"https:\/\/api.w.org\/{rel}","templated":true}]}}